{"id":77317,"date":"2025-11-10T13:58:02","date_gmt":"2025-11-10T13:58:02","guid":{"rendered":"https:\/\/empiregaming.eu\/?page_id=77317"},"modified":"2025-11-21T15:02:31","modified_gmt":"2025-11-21T15:02:31","slug":"ecm252","status":"publish","type":"page","link":"https:\/\/empiregaming.eu\/sv\/ecm252\/","title":{"rendered":"ECM252"},"content":{"rendered":"<p>[et_pb_section fb_built=\u00a0\u00bb1&Prime; make_equal=\u00a0\u00bbon\u00a0\u00bb use_custom_gutter=\u00a0\u00bbon\u00a0\u00bb gutter_width=\u00a0\u00bb2&Prime; specialty=\u00a0\u00bbon\u00a0\u00bb bg_img_1=\u00a0\u00bbhttp:\/\/empiregaming.fr\/wordpress\/wp-content\/uploads\/2017\/12\/fashion-21.jpg\u00a0\u00bb _builder_version=\u00a0\u00bb4.21.0&Prime; background_color=\u00a0\u00bb#000000&Prime; use_background_color_gradient=\u00a0\u00bbon\u00a0\u00bb background_color_gradient_direction=\u00a0\u00bb262deg\u00a0\u00bb background_color_gradient_stops=\u00a0\u00bb#000000 0%|#191919 91%\u00a0\u00bb background_color_gradient_start=\u00a0\u00bb#000000&Prime; background_color_gradient_end=\u00a0\u00bb#191919&Prime; background_color_gradient_end_position=\u00a0\u00bb91%\u00a0\u00bb inner_width=\u00a0\u00bb88%\u00a0\u00bb inner_max_width=\u00a0\u00bb88%\u00a0\u00bb custom_css_main_element=\u00a0\u00bbmargin-left: 0 !important;\u00a0\u00bb use_custom_width=\u00a0\u00bbon\u00a0\u00bb width_unit=\u00a0\u00bboff\u00a0\u00bb custom_width_percent=\u00a0\u00bb88%\u00a0\u00bb global_colors_info=\u00a0\u00bb{}\u00a0\u00bb][et_pb_column type=\u00a0\u00bb1_2&Prime; _builder_version=\u00a0\u00bb4.16&Prime; custom_padding=\u00a0\u00bb|||\u00a0\u00bb global_colors_info=\u00a0\u00bb{}\u00a0\u00bb custom_padding__hover=\u00a0\u00bb|||\u00a0\u00bb][et_pb_gallery gallery_ids=\u00a0\u00bb77313,77314&Prime; gallery_captions=\u00a0\u00bb,,\u00a0\u00bb fullwidth=\u00a0\u00bbon\u00a0\u00bb _builder_version=\u00a0\u00bb4.21.0&Prime; min_height=\u00a0\u00bb900px\u00a0\u00bb min_height_tablet=\u00a0\u00bb750px\u00a0\u00bb min_height_phone=\u00a0\u00bb425px\u00a0\u00bb min_height_last_edited=\u00a0\u00bbon|phone\u00a0\u00bb custom_margin=\u00a0\u00bb||150px||false|false\u00a0\u00bb auto=\u00a0\u00bbon\u00a0\u00bb hover_transition_duration=\u00a0\u00bb400ms\u00a0\u00bb pagination_font_size_tablet=\u00a0\u00bb51&Prime; pagination_line_height_tablet=\u00a0\u00bb2&Prime; global_colors_info=\u00a0\u00bb{}\u00a0\u00bb]\u00a0[\/et_pb_gallery][\/et_pb_column][et_pb_column type=\u00a0\u00bb1_2&Prime; specialty_columns=\u00a0\u00bb2&Prime; _builder_version=\u00a0\u00bb4.16&Prime; custom_padding=\u00a0\u00bb|||\u00a0\u00bb global_colors_info=\u00a0\u00bb{}\u00a0\u00bb custom_padding__hover=\u00a0\u00bb|||\u00a0\u00bb][et_pb_row_inner _builder_version=\u00a0\u00bb4.16&Prime; animation_direction=\u00a0\u00bbbottom\u00a0\u00bb hover_transition_duration=\u00a0\u00bb0ms\u00a0\u00bb global_colors_info=\u00a0\u00bb{}\u00a0\u00bb][et_pb_column_inner saved_specialty_column_type=\u00a0\u00bb1_2&Prime; _builder_version=\u00a0\u00bb4.16&Prime; custom_padding=\u00a0\u00bb|||\u00a0\u00bb global_colors_info=\u00a0\u00bb{}\u00a0\u00bb custom_padding__hover=\u00a0\u00bb|||\u00a0\u00bb][et_pb_text admin_label=\u00a0\u00bbNOM DU PRODUIT\u00a0\u00bb _builder_version=\u00a0\u00bb4.21.0&Prime; text_font=\u00a0\u00bbNunito||||||||\u00a0\u00bb text_text_color=\u00a0\u00bb#FFFFFF\u00a0\u00bb text_font_size=\u00a0\u00bb60px\u00a0\u00bb text_line_height=\u00a0\u00bb1.8em\u00a0\u00bb header_font=\u00a0\u00bbNunito|600|||||||\u00a0\u00bb header_text_align=\u00a0\u00bbcenter\u00a0\u00bb header_text_color=\u00a0\u00bb#FFFFFF\u00a0\u00bb header_font_size=\u00a0\u00bb48px\u00a0\u00bb text_font_size_tablet=\u00a0\u00bb50px\u00a0\u00bb text_font_size_phone=\u00a0\u00bb35px\u00a0\u00bb text_font_size_last_edited=\u00a0\u00bbon|phone\u00a0\u00bb inline_fonts=\u00a0\u00bbEnixe\u00a0\u00bb global_colors_info=\u00a0\u00bb{}\u00a0\u00bb]<\/p>\n<h1 style=\"text-align: center;\">ECM252<\/h1>\n<p>[\/et_pb_text][et_pb_divider color=\u00a0\u00bbgcid-0b9f4d55-ae89-4039-8ff7-ac46ed6fa7c8&Prime; divider_weight=\u00a0\u00bb3px\u00a0\u00bb disabled_on=\u00a0\u00bboff|off|off\u00a0\u00bb _builder_version=\u00a0\u00bb4.16&Prime; max_width=\u00a0\u00bb500px\u00a0\u00bb module_alignment=\u00a0\u00bbcenter\u00a0\u00bb height=\u00a0\u00bb10px\u00a0\u00bb custom_padding=\u00a0\u00bb||50px||false|false\u00a0\u00bb animation_direction=\u00a0\u00bbbottom\u00a0\u00bb saved_tabs=\u00a0\u00bball\u00a0\u00bb locked=\u00a0\u00bboff\u00a0\u00bb global_colors_info=\u00a0\u00bb{%22gcid-79f48224-e059-4a1e-9847-119d5e39d024%22:%91%93,%22gcid-0b9f4d55-ae89-4039-8ff7-ac46ed6fa7c8%22:%91%22color%22%93}\u00a0\u00bb]<\/p>\n<p style=\"text-align: center;\">[\/et_pb_divider][et_pb_text content_last_edited=\u00a0\u00bboff|desktop\u00a0\u00bb admin_label=\u00a0\u00bbDESCRIPTION\u00a0\u00bb _builder_version=\u00a0\u00bb4.21.0&Prime; text_font=\u00a0\u00bbNunito||||||||\u00a0\u00bb text_text_color=\u00a0\u00bb#ffffff\u00a0\u00bb text_font_size=\u00a0\u00bb16px\u00a0\u00bb text_line_height=\u00a0\u00bb1.9em\u00a0\u00bb module_alignment=\u00a0\u00bbcenter\u00a0\u00bb text_font_size_tablet=\u00a0\u00bb14px\u00a0\u00bb text_font_size_phone=\u00a0\u00bb12px\u00a0\u00bb text_font_size_last_edited=\u00a0\u00bbon|phone\u00a0\u00bb locked=\u00a0\u00bboff\u00a0\u00bb inline_fonts=\u00a0\u00bbNunito\u00a0\u00bb global_colors_info=\u00a0\u00bb{}\u00a0\u00bb]<\/p>\n<ul>\n<li style=\"text-align: justify;\">ALLSIDIG KOMPATIBILITET: Mid-tower-chassit \u00e4r kompatibelt med ATX-, Micro-ATX- och ITX-moderkort, perfekt f\u00f6r gaming eller professionella konfigurationer.<\/li>\n<li style=\"text-align: justify;\">INTEGRERAD DIGITAL DISPLAY: \u00d6vervaka CPU- och GPU-temperatur samt fl\u00e4kthastighet (RPM) i realtid direkt p\u00e5 frontsk\u00e4rmen f\u00f6r optimal kontroll.<\/li>\n<li style=\"text-align: justify;\">GENER\u00d6S LAGRING: Dra nytta av 5 interna platser - 2 f\u00f6r HDD och 3 f\u00f6r SSD - som kombinerar h\u00f6g kapacitet och snabb \u00e5tkomst f\u00f6r dina spel, data och projekt.<\/li>\n<li style=\"text-align: justify;\">KOMPATIBEL MED STORFORMATSKOMPONENTER: Passar grafikkort som \u00e4r upp till 410 mm l\u00e5nga och fl\u00e4ktar som \u00e4r upp till 170 mm h\u00f6ga, vilket garanterar kompatibilitet och kompromissl\u00f6s prestanda.<\/li>\n<li style=\"text-align: justify;\">KLAR F\u00d6R VATTENKYLNING: St\u00f6der v\u00e4tskekylningssystem upp till 360 mm, med 3 ARGB-fl\u00e4ktar anslutna till en central styrenhet f\u00f6r optimal kylning.<\/li>\n<li style=\"text-align: justify;\">MODERN DESIGN OCH OPTIMERAT LUFTFL\u00d6DE: Snygg design med sidopanel i h\u00e4rdat glas, anpassningsbar ARGB-belysning och effektivt luftfl\u00f6de f\u00f6r en installation som ser bra ut och presterar bra.<\/li>\n<li style=\"text-align: justify;\">M\u00c5TT OCH VIKT: 445 x 220 x 490 MM, 7,4 kg<\/li>\n<\/ul>\n<p>[\/et_pb_text][et_pb_divider color=\u00a0\u00bbgcid-0b9f4d55-ae89-4039-8ff7-ac46ed6fa7c8&Prime; divider_weight=\u00a0\u00bb3px\u00a0\u00bb disabled_on=\u00a0\u00bboff|off|off\u00a0\u00bb _builder_version=\u00a0\u00bb4.16&Prime; max_width=\u00a0\u00bb500px\u00a0\u00bb module_alignment=\u00a0\u00bbcenter\u00a0\u00bb height=\u00a0\u00bb10px\u00a0\u00bb custom_padding=\u00a0\u00bb50px||||false|false\u00a0\u00bb animation_direction=\u00a0\u00bbbottom\u00a0\u00bb saved_tabs=\u00a0\u00bball\u00a0\u00bb locked=\u00a0\u00bboff\u00a0\u00bb global_colors_info=\u00a0\u00bb{%22gcid-79f48224-e059-4a1e-9847-119d5e39d024%22:%91%93,%22gcid-0b9f4d55-ae89-4039-8ff7-ac46ed6fa7c8%22:%91%22color%22%93}\u00a0\u00bb]<\/p>\n<p style=\"text-align: center;\">[\/et_pb_divider][\/et_pb_column_inner][\/et_pb_row_inner][et_pb_row_inner _builder_version=\u00a0\u00bb4.17.3&Prime; _module_preset=\u00a0\u00bbdefault\u00a0\u00bb custom_padding=\u00a0\u00bb30px||||false|false\u00a0\u00bb saved_tabs=\u00a0\u00bball\u00a0\u00bb global_colors_info=\u00a0\u00bb{}\u00a0\u00bb][et_pb_column_inner saved_specialty_column_type=\u00a0\u00bb1_2&Prime; _builder_version=\u00a0\u00bb4.16&Prime; _module_preset=\u00a0\u00bbdefault\u00a0\u00bb global_colors_info=\u00a0\u00bb{}\u00a0\u00bb][et_pb_button button_url=\u00a0\u00bbhttps:\/\/amzn.to\/4i95THK\u00a0\u00bb url_new_window=\u00a0\u00bbon\u00a0\u00bb button_text=\u00a0\u00bbACHETEZ\u00a0\u00bb button_alignment=\u00a0\u00bbcenter\u00a0\u00bb disabled_on=\u00a0\u00bboff|off|off\u00a0\u00bb admin_label=\u00a0\u00bbBouton ACHETEZ\u00a0\u00bb _builder_version=\u00a0\u00bb4.21.0&Prime; _module_preset=\u00a0\u00bbdefault\u00a0\u00bb custom_button=\u00a0\u00bbon\u00a0\u00bb button_text_size=\u00a0\u00bb18px\u00a0\u00bb button_text_color=\u00a0\u00bbgcid-0b9f4d55-ae89-4039-8ff7-ac46ed6fa7c8&Prime; button_border_width=\u00a0\u00bb1px\u00a0\u00bb button_border_color=\u00a0\u00bbgcid-0b9f4d55-ae89-4039-8ff7-ac46ed6fa7c8&Prime; button_border_radius=\u00a0\u00bb5px\u00a0\u00bb button_letter_spacing=\u00a0\u00bb5px\u00a0\u00bb button_font=\u00a0\u00bb|600|||||||\u00a0\u00bb button_use_icon=\u00a0\u00bboff\u00a0\u00bb custom_margin=\u00a0\u00bb||-75px||false|false\u00a0\u00bb hover_enabled=\u00a0\u00bb0&Prime; global_colors_info=\u00a0\u00bb{%22gcid-0b9f4d55-ae89-4039-8ff7-ac46ed6fa7c8%22:%91%22button_text_color%22,%22button_border_color%22,%22button_bg_color__hover%22%93}\u00a0\u00bb button_text_color__hover_enabled=\u00a0\u00bbon|hover\u00a0\u00bb button_bg_color__hover_enabled=\u00a0\u00bbon|hover\u00a0\u00bb button_text_color__hover=\u00a0\u00bb#000000&Prime; button_bg_color__hover=\u00a0\u00bb#f3b51d\u00a0\u00bb button_bg_enable_color__hover=\u00a0\u00bbon\u00a0\u00bb button_border_color__hover_enabled=\u00a0\u00bbon|hover\u00a0\u00bb button_text_size__hover_enabled=\u00a0\u00bbon|hover\u00a0\u00bb button_border_width__hover_enabled=\u00a0\u00bbon|hover\u00a0\u00bb button_border_radius__hover_enabled=\u00a0\u00bbon|hover\u00a0\u00bb button_letter_spacing__hover_enabled=\u00a0\u00bbon|hover\u00a0\u00bb button_border_color__hover=\u00a0\u00bb#f3b51d\u00a0\u00bb button_text_size__hover=\u00a0\u00bb18px\u00a0\u00bb button_border_width__hover=\u00a0\u00bb1px\u00a0\u00bb button_border_radius__hover=\u00a0\u00bb5px\u00a0\u00bb button_letter_spacing__hover=\u00a0\u00bb5px\u00a0\u00bb sticky_enabled=\u00a0\u00bb0&Prime;][\/et_pb_button][\/et_pb_column_inner][\/et_pb_row_inner][et_pb_row_inner _builder_version=\u00a0\u00bb4.17.3&Prime; _module_preset=\u00a0\u00bbdefault\u00a0\u00bb custom_padding=\u00a0\u00bb30px||||false|false\u00a0\u00bb global_module=\u00a0\u00bb64861&Prime; saved_tabs=\u00a0\u00bball\u00a0\u00bb global_colors_info=\u00a0\u00bb{}\u00a0\u00bb][et_pb_column_inner _builder_version=\u00a0\u00bb4.16&Prime; _module_preset=\u00a0\u00bbdefault\u00a0\u00bb global_colors_info=\u00a0\u00bb{}\u00a0\u00bb][et_pb_divider color=\u00a0\u00bbgcid-0b9f4d55-ae89-4039-8ff7-ac46ed6fa7c8&Prime; divider_weight=\u00a0\u00bb3px\u00a0\u00bb disabled_on=\u00a0\u00bboff|off|off\u00a0\u00bb _builder_version=\u00a0\u00bb4.16&Prime; max_width=\u00a0\u00bb500px\u00a0\u00bb module_alignment=\u00a0\u00bbcenter\u00a0\u00bb height=\u00a0\u00bb10px\u00a0\u00bb custom_padding=\u00a0\u00bb50px||||false|false\u00a0\u00bb animation_direction=\u00a0\u00bbbottom\u00a0\u00bb saved_tabs=\u00a0\u00bball\u00a0\u00bb locked=\u00a0\u00bboff\u00a0\u00bb global_colors_info=\u00a0\u00bb{%22gcid-79f48224-e059-4a1e-9847-119d5e39d024%22:%91%93,%22gcid-0b9f4d55-ae89-4039-8ff7-ac46ed6fa7c8%22:%91%22color%22%93}\u00a0\u00bb]<\/p>\n<p style=\"text-align: center;\">[\/et_pb_divider][et_pb_button button_url=\u00a0\u00bbhttps:\/\/empiregaming.eu\/telechargements\u00a0\u00bb button_text=\u00a0\u00bbSUPPORT\u00a0\u00bb button_alignment=\u00a0\u00bbcenter\u00a0\u00bb admin_label=\u00a0\u00bbBouton SUPPORT\u00a0\u00bb _builder_version=\u00a0\u00bb4.21.0&Prime; _module_preset=\u00a0\u00bbdefault\u00a0\u00bb custom_button=\u00a0\u00bbon\u00a0\u00bb button_text_size=\u00a0\u00bb18px\u00a0\u00bb button_text_color=\u00a0\u00bbgcid-0b9f4d55-ae89-4039-8ff7-ac46ed6fa7c8&Prime; button_border_width=\u00a0\u00bb1px\u00a0\u00bb button_border_color=\u00a0\u00bbgcid-0b9f4d55-ae89-4039-8ff7-ac46ed6fa7c8&Prime; button_border_radius=\u00a0\u00bb5px\u00a0\u00bb button_letter_spacing=\u00a0\u00bb5px\u00a0\u00bb button_font=\u00a0\u00bb|600|||||||\u00a0\u00bb button_use_icon=\u00a0\u00bboff\u00a0\u00bb global_colors_info=\u00a0\u00bb{%22gcid-0b9f4d55-ae89-4039-8ff7-ac46ed6fa7c8%22:%91%22button_text_color%22,%22button_border_color%22,%22button_bg_color__hover%22%93}\u00a0\u00bb button_text_color__hover_enabled=\u00a0\u00bbon|hover\u00a0\u00bb button_bg_color__hover_enabled=\u00a0\u00bbon|hover\u00a0\u00bb button_text_color__hover=\u00a0\u00bb#000000&Prime; button_bg_color__hover=\u00a0\u00bb#f3b51d\u00a0\u00bb button_bg_enable_color__hover=\u00a0\u00bbon\u00a0\u00bb button_border_color__hover_enabled=\u00a0\u00bbon|hover\u00a0\u00bb button_text_size__hover_enabled=\u00a0\u00bbon|hover\u00a0\u00bb button_border_width__hover_enabled=\u00a0\u00bbon|hover\u00a0\u00bb button_border_radius__hover_enabled=\u00a0\u00bbon|hover\u00a0\u00bb button_letter_spacing__hover_enabled=\u00a0\u00bbon|hover\u00a0\u00bb button_border_color__hover=\u00a0\u00bb#f3b51d\u00a0\u00bb button_text_size__hover=\u00a0\u00bb18px\u00a0\u00bb button_border_width__hover=\u00a0\u00bb1px\u00a0\u00bb button_border_radius__hover=\u00a0\u00bb5px\u00a0\u00bb button_letter_spacing__hover=\u00a0\u00bb5px\u00a0\u00bb][\/et_pb_button][\/et_pb_column_inner][\/et_pb_row_inner][\/et_pb_column][\/et_pb_section]<\/p>","protected":false},"excerpt":{"rendered":"<p>\u00a0ECM252 COMPATIBILIT\u00c9 POLYVALENTE : Bo\u00eetier moyen tour compatible avec les cartes m\u00e8res ATX, Micro-ATX et ITX, id\u00e9al pour les configurations gaming ou professionnelles. \u00c9CRAN DIGITAL INT\u00c9GR\u00c9 : Surveillez en temps r\u00e9el la temp\u00e9rature du CPU, du GPU et la vitesse des ventilateurs (RPM) directement sur l\u2019\u00e9cran frontal pour un contr\u00f4le optimal. STOCKAGE G\u00c9N\u00c9REUX : Profitez [&hellip;]<\/p>","protected":false},"author":1,"featured_media":0,"parent":0,"menu_order":0,"comment_status":"closed","ping_status":"closed","template":"","meta":{"_et_pb_use_builder":"on","_et_pb_old_content":"","_et_gb_content_width":"","footnotes":""},"class_list":["post-77317","page","type-page","status-publish","hentry"],"_links":{"self":[{"href":"https:\/\/empiregaming.eu\/sv\/wp-json\/wp\/v2\/pages\/77317","targetHints":{"allow":["GET"]}}],"collection":[{"href":"https:\/\/empiregaming.eu\/sv\/wp-json\/wp\/v2\/pages"}],"about":[{"href":"https:\/\/empiregaming.eu\/sv\/wp-json\/wp\/v2\/types\/page"}],"author":[{"embeddable":true,"href":"https:\/\/empiregaming.eu\/sv\/wp-json\/wp\/v2\/users\/1"}],"replies":[{"embeddable":true,"href":"https:\/\/empiregaming.eu\/sv\/wp-json\/wp\/v2\/comments?post=77317"}],"version-history":[{"count":4,"href":"https:\/\/empiregaming.eu\/sv\/wp-json\/wp\/v2\/pages\/77317\/revisions"}],"predecessor-version":[{"id":77356,"href":"https:\/\/empiregaming.eu\/sv\/wp-json\/wp\/v2\/pages\/77317\/revisions\/77356"}],"wp:attachment":[{"href":"https:\/\/empiregaming.eu\/sv\/wp-json\/wp\/v2\/media?parent=77317"}],"curies":[{"name":"wp","href":"https:\/\/api.w.org\/{rel}","templated":true}]}}