{"id":77170,"date":"2025-07-29T11:05:35","date_gmt":"2025-07-29T11:05:35","guid":{"rendered":"https:\/\/empiregaming.eu\/?page_id=77170"},"modified":"2025-07-29T11:06:59","modified_gmt":"2025-07-29T11:06:59","slug":"conditions","status":"publish","type":"page","link":"https:\/\/empiregaming.eu\/sv\/conditions\/","title":{"rendered":"VILLKOR OCH BEST\u00c4MMELSER"},"content":{"rendered":"<p>[et_pb_section fb_built=\"1\u2033 custom_padding_last_edited=\"off|desktop \" admin_label=\"Utvalda produkter \" _builder_version=\"4.21.0\u2033 background_color=\"#3a3a3a \" use_background_color_gradient=\"on \" background_color_gradient_direction=\"106deg \" background_color_gradient_stops=\"#000000 26%|#2626 94% \" background_color_gradient_start=\"#000000\u2033 background_color_gradient_start_position=\"26% \" background_color_gradient_end= \"#2626\u2033 background_color_gradient_end_position=\"94% \" custom_margin=\"||||false|false \" custom_padding_tablet=\"30px||||false|false \" custom_padding_phone= \"30px||||false|false \" global_colors_info=\"{} \" theme_builder_area=\"post_content \"][et_pb_row custom_padding_last_edited=\"off|desktop \" _builder_version=\"4.21.0\u2033 background_size=\"initial \" background_position=\"top_left \" background_repeat=\"repeat \" max_width=\"1100px \" custom_padding=\"150px||50px||false|false \" custom_padding_tablet=\"150px||||false|false \" global_colors_info=\"{} \" theme_builder_area=\"post_content \"][et_pb_column type=\"4_4\u2033 _builder_version=\"4.16\u2033 custom_padding=\"||| \" global_colors_info=\"{} \" custom_padding__hover=\"||| \" theme_builder_area=\"post_content \"][et_pb_text admin_label=\"Integritetspolicy\" _builder_version=\"4.21.0\u2033 text_font=\"Nunito|||||||| \" text_text_color=\"#ffffff \" header_font=\"|||||||| \" header_text_color=\"#F3B51D \" header_2_font=\"Playfair Display|700||||||| \" header_2_text_align=\"center \" header_2_text_color=\"#2b2b2b \" header_2_font_size=\"42px \" header_2_line_height=\"1.5em \" background_size=\"initial \" background_position=\"top_left \" background_repeat=\"repeat \" text_orientation=\"center \" module_alignment=\"center \" custom_margin=\"||10px| \" hover_enabled=\"0\u2033 locked=\"off \" global_colors_info=\"{} \" theme_builder_area=\"post_content \" sticky_enabled=\"0\u2033]<\/p>\n<h1 class=\"has-text-align-center wp-block-post-title\"><span style=\"color: #ffffff;\">Villkor och anvisningar<\/span><\/h1>\n<p>[\/et_pb_text][et_pb_divider color=\"#FFFFFF \" _builder_version=\"4.21.0\u2033 _module_preset=\"default \" width=\"50% \" module_alignment=\"center \" global_colors_info=\"{} \" theme_builder_area=\"post_content \"][\/et_pb_divider][et_pb_text _builder_version=\"4.21.0\u2033 _module_preset=\"default \" hover_enabled=\"0\u2033 global_colors_info=\"{} \" theme_builder_area=\"post_content \" sticky_enabled=\"0\u2033]]<\/p>\n<h3 class=\"wp-block-heading\" style=\"text-align: justify;\"><span style=\"color: #ffffff;\">1. Inledning<\/span><\/h3>\n<p style=\"text-align: justify;\"><span style=\"color: #ffffff;\">V\u00e4lkommen till empiregaming.eu! Genom att g\u00e5 in p\u00e5 den h\u00e4r webbplatsen samtycker du till att f\u00f6lja och vara bunden av f\u00f6ljande villkor. Om du inte samtycker till dessa villkor, v\u00e4nligen anv\u00e4nd inte v\u00e5r webbplats.<\/span><\/p>\n<h3 class=\"wp-block-heading\" style=\"text-align: justify;\"><span style=\"color: #ffffff;\">2. Anv\u00e4ndning av webbplatsen<\/span><\/h3>\n<p style=\"text-align: justify;\"><span style=\"color: #ffffff;\">Anv\u00e4ndningen av v\u00e5r webbplats \u00e4r f\u00f6rem\u00e5l f\u00f6r till\u00e4mpliga lagar. Du m\u00e5ste vara minst 13 \u00e5r gammal f\u00f6r att f\u00e5 anv\u00e4nda denna webbplats. Genom att anv\u00e4nda v\u00e5r webbplats garanterar du att du har uppn\u00e5tt den \u00e5lder som kr\u00e4vs.<\/span><\/p>\n<h3 class=\"wp-block-heading\" style=\"text-align: justify;\"><span style=\"color: #ffffff;\">3. Immateriella r\u00e4ttigheter<\/span><\/h3>\n<p style=\"text-align: justify;\"><span style=\"color: #ffffff;\">Allt inneh\u00e5ll p\u00e5 anewway.eu, inklusive men inte begr\u00e4nsat till text, grafik, logotyper, bilder och programvara, tillh\u00f6r Optimum Way eller dess partners och skyddas av immaterialr\u00e4ttsliga lagar. Du f\u00e5r inte reproducera, distribuera eller modifiera detta inneh\u00e5ll utan f\u00f6reg\u00e5ende tillst\u00e5nd.<\/span><\/p>\n<h3 class=\"wp-block-heading\" style=\"text-align: justify;\"><span style=\"color: #ffffff;\">4. Ansvarsskyldighet<\/span><\/h3>\n<p style=\"text-align: justify;\"><span style=\"color: #ffffff;\">Optimum Way ska inte h\u00e5llas ansvarigt f\u00f6r n\u00e5gra direkta, indirekta, tillf\u00e4lliga eller f\u00f6ljdskador som uppst\u00e5r till f\u00f6ljd av anv\u00e4ndningen eller of\u00f6rm\u00e5gan att anv\u00e4nda v\u00e5r webbplats. Vi f\u00f6rbeh\u00e5ller oss r\u00e4tten att \u00e4ndra eller st\u00e4nga av inneh\u00e5ll eller tj\u00e4nster som erbjuds p\u00e5 webbplatsen utan f\u00f6reg\u00e5ende meddelande.<\/span><\/p>\n<h3 class=\"wp-block-heading\" style=\"text-align: justify;\"><span style=\"color: #ffffff;\">5. Externa l\u00e4nkar<\/span><\/h3>\n<p style=\"text-align: justify;\"><span style=\"color: #ffffff;\">V\u00e5r webbplats kan inneh\u00e5lla l\u00e4nkar till andra webbplatser. Vi kontrollerar inte dessa webbplatser och ansvarar inte f\u00f6r deras inneh\u00e5ll. Att en l\u00e4nk finns med inneb\u00e4r inte att vi st\u00f6djer dessa webbplatser.<\/span><\/p>\n<h3 class=\"wp-block-heading\" style=\"text-align: justify;\"><span style=\"color: #ffffff;\">6. Skydd av personuppgifter<\/span><\/h3>\n<p style=\"text-align: justify;\"><span style=\"color: #ffffff;\">Vi \u00e4r fast beslutna att skydda dina personuppgifter. Den information som du l\u00e4mnar n\u00e4r du anv\u00e4nder v\u00e5r webbplats kommer att behandlas i enlighet med v\u00e5r integritetspolicy. Genom att anv\u00e4nda v\u00e5r webbplats samtycker du till att dina uppgifter samlas in och anv\u00e4nds p\u00e5 det s\u00e4tt som beskrivs i denna policy.<\/span><\/p>\n<h3 class=\"wp-block-heading\" style=\"text-align: justify;\"><span style=\"color: #ffffff;\">7. \u00c4ndringar av villkor och best\u00e4mmelser<\/span><\/h3>\n<p style=\"text-align: justify;\"><span style=\"color: #ffffff;\">Vi f\u00f6rbeh\u00e5ller oss r\u00e4tten att n\u00e4r som helst \u00e4ndra dessa villkor. \u00c4ndringarna tr\u00e4der i kraft s\u00e5 snart de har publicerats p\u00e5 v\u00e5r webbplats. Det \u00e4r ditt ansvar att regelbundet kontrollera denna sida f\u00f6r eventuella \u00e4ndringar.<\/span><\/p>\n<h3 class=\"wp-block-heading\" style=\"text-align: justify;\"><span style=\"color: #ffffff;\">8. Till\u00e4mplig lag<\/span><\/h3>\n<p style=\"text-align: justify;\"><span style=\"color: #ffffff;\">Dessa villkor regleras av fransk lag. Alla tvister som uppst\u00e5r i samband med anv\u00e4ndningen av v\u00e5r webbplats kommer att omfattas av handelsdomstolarnas exklusiva beh\u00f6righet.<\/span><\/p>\n<h3 class=\"wp-block-heading\" style=\"text-align: justify;\"><span style=\"color: #ffffff;\">9. Kontakt<\/span><\/h3>\n<p style=\"text-align: justify;\"><span style=\"color: #ffffff;\">Om du har n\u00e5gra fr\u00e5gor om dessa villkor \u00e4r du v\u00e4lkommen att kontakta oss p\u00e5 support@empiregaming.eu.<\/span><\/p>\n<p>[\/et_pb_text][et_pb_divider color=\"#FFFFFF \" _builder_version=\"4.21.0\u2033 _module_preset=\"default \" width=\"50% \" module_alignment=\"center \" global_colors_info=\"{} \" theme_builder_area=\"post_content \"][\/et_pb_divider][et_pb_text _builder_version=\"4.21.0\u2033 _module_preset=\"default \" hover_enabled=\"0\u2033 global_colors_info=\"{} \" theme_builder_area=\"post_content \" sticky_enabled=\"0\u2033]]<\/p>\n<p style=\"text-align: justify;\"><span style=\"color: #ffffff;\"><strong>Senaste uppdatering :\u00a0<\/strong>29 juli 2025<\/span><\/p>\n<p>[\/et_pb_text][\/et_pb_column][\/et_pb_row][\/et_pb_section]<\/p>","protected":false},"excerpt":{"rendered":"<p>Villkor och best\u00e4mmelser1. Introduktion V\u00e4lkommen till empiregaming.eu! Genom att g\u00e5 in p\u00e5 denna webbplats samtycker du till att f\u00f6lja och vara bunden av f\u00f6ljande villkor och best\u00e4mmelser. Om du inte samtycker till dessa villkor, v\u00e4nligen anv\u00e4nd inte v\u00e5r webbplats. 2. Anv\u00e4ndning av webbplatsen Anv\u00e4ndningen av v\u00e5r webbplats \u00e4r f\u00f6rem\u00e5l f\u00f6r till\u00e4mpliga lagar. Du m\u00e5ste vara minst [...]<\/p>","protected":false},"author":1,"featured_media":0,"parent":0,"menu_order":0,"comment_status":"closed","ping_status":"closed","template":"","meta":{"_et_pb_use_builder":"on","_et_pb_old_content":"","_et_gb_content_width":"","footnotes":""},"class_list":["post-77170","page","type-page","status-publish","hentry"],"_links":{"self":[{"href":"https:\/\/empiregaming.eu\/sv\/wp-json\/wp\/v2\/pages\/77170","targetHints":{"allow":["GET"]}}],"collection":[{"href":"https:\/\/empiregaming.eu\/sv\/wp-json\/wp\/v2\/pages"}],"about":[{"href":"https:\/\/empiregaming.eu\/sv\/wp-json\/wp\/v2\/types\/page"}],"author":[{"embeddable":true,"href":"https:\/\/empiregaming.eu\/sv\/wp-json\/wp\/v2\/users\/1"}],"replies":[{"embeddable":true,"href":"https:\/\/empiregaming.eu\/sv\/wp-json\/wp\/v2\/comments?post=77170"}],"version-history":[{"count":3,"href":"https:\/\/empiregaming.eu\/sv\/wp-json\/wp\/v2\/pages\/77170\/revisions"}],"predecessor-version":[{"id":77173,"href":"https:\/\/empiregaming.eu\/sv\/wp-json\/wp\/v2\/pages\/77170\/revisions\/77173"}],"wp:attachment":[{"href":"https:\/\/empiregaming.eu\/sv\/wp-json\/wp\/v2\/media?parent=77170"}],"curies":[{"name":"wp","href":"https:\/\/api.w.org\/{rel}","templated":true}]}}