{"id":77019,"date":"2024-12-19T12:52:52","date_gmt":"2024-12-19T12:52:52","guid":{"rendered":"https:\/\/empiregaming.eu\/?page_id=77019"},"modified":"2025-07-30T15:00:00","modified_gmt":"2025-07-30T15:00:00","slug":"k246","status":"publish","type":"page","link":"https:\/\/empiregaming.eu\/sv\/k246\/","title":{"rendered":"K246"},"content":{"rendered":"<p>[et_pb_section fb_built=\"1\u2033 make_equal=\"on \" use_custom_gutter=\"on \" gutter_width=\"2\u2033 specialty=\"on \" bg_img_1=\"http:\/\/empiregaming.fr\/wordpress\/wp-content\/uploads\/2017\/12\/fashion-21.jpg \" _builder_version=\"4.21.0\u2033 background_color=\"#000000\u2033 use_background_color_gradient=\"on \" background_color_gradient_direction=\"262deg \" background_color_gradient_stops=\"#000000 0%|#1919 91% \" background_color_gradient_start= \"#000000\u2033 background_color_gradient_end=\"#1919\u2033 background_color_gradient_end_position=\"91% \" inner_width=\"88% \" inner_max_width=\"88% \" custom_css_main_element=\"margin-v\u00e4nster: 0 !viktigt; \" use_custom_width=\"on\" width_unit=\"off\" custom_width_percent=\"88%\" global_colors_info=\"{} \"][et_pb_column type=\"1_2\u2033 _builder_version=\"4.16\u2033 custom_padding=\"||| \" global_colors_info=\"{} \" custom_padding__hover=\"||| \"][et_pb_gallery gallery_ids=\"76988\u2033 gallery_captions=\",,\" fullwidth=\"on\" _builder_version=\"4.21.0\u2033 min_height=\"900px \" min_height_tablet=\"750px \" min_height_phone=\"425px \" min_height_last_edited=\"on|phone \" custom_margin=\"||150px||false|false \" auto=\"on \" hover_transition_duration=\"400ms \" pagination_font_size_tablet=\"51\u2033 pagination_line_height_tablet=\"2\u2033 global_colors_info=\"{}\"] [\/et_pb_gallery][\/et_pb_column][et_pb_column type=\"1_2\u2033 specialty_columns=\"2\u2033 _builder_version=\"4.16\u2033 custom_padding=\"||| \" global_colors_info=\"{} \" custom_padding__hover=\"||| \"][et_pb_row_inner _builder_version=\"4.16\u2033 animation_direction=\"bottom \" hover_transition_duration=\"0ms \" global_colors_info=\"{} \"][et_pb_column_inner saved_specialty_column_type=\"1_2\u2033 _builder_version=\"4.16\u2033 custom_padding=\"||| \" global_colors_info=\"{} \" custom_padding__hover=\"||| \"][et_pb_text admin_label=\"PRODUKTNAMN\" _builder_version=\"4.21.0\u2033 text_font=\"Nunito|||||||| \" text_color=\"#FFFFFF \" text_font_size=\"60px \" text_line_height=\"1.8em \" header_font=\"Nunito|600||||||| \" header_text_align=\"center \" header_text_color=\"#FFFFFF \" header_font_size=\"48px \" text_font_size_tablet=\"50px \" text_font_size_phone=\"35px \" text_font_size_last_edited=\"on|phone \" inline_fonts=\"Enixe \" global_colors_info=\"{}\"]<\/p>\n<h1 style=\"text-align: center;\">K246<\/h1>\n<p>[\/et_pb_text][et_pb_text admin_label=\"PRODUKTNAMN\" _builder_version=\"4.21.0\u2033 text_font=\"Nunito|||||||| \" text_text_color=\"#FFFFFF \" text_font_size=\"16px \" text_line_height=\"1.8em \" header_font=\"Nunito|600||||||| \" header_text_align=\"center \" header_text_color=\"#FFFFFF \" header_font_size=\"48px \" text_font_size_tablet=\"50px \" text_font_size_phone=\"35px \" text_font_size_last_edited=\"on|phone \" inline_fonts=\"Enixe \" global_colors_info=\"{}\"]<\/p>\n<p style=\"text-align: center;\"><strong>Finns i versionerna AZERTY (franska) och QWERTZ (tyska).<\/strong><\/p>\n<p>[\/et_pb_text][et_pb_divider color=\u00a0\u00bbgcid-0b9f4d55-ae89-4039-8ff7-ac46ed6fa7c8&Prime; divider_weight=\u00a0\u00bb3px\u00a0\u00bb disabled_on=\u00a0\u00bboff|off|off\u00a0\u00bb _builder_version=\u00a0\u00bb4.16&Prime; max_width=\u00a0\u00bb500px\u00a0\u00bb module_alignment=\u00a0\u00bbcenter\u00a0\u00bb height=\u00a0\u00bb10px\u00a0\u00bb custom_padding=\u00a0\u00bb||50px||false|false\u00a0\u00bb animation_direction=\u00a0\u00bbbottom\u00a0\u00bb saved_tabs=\u00a0\u00bball\u00a0\u00bb locked=\u00a0\u00bboff\u00a0\u00bb global_colors_info=\u00a0\u00bb{%22gcid-79f48224-e059-4a1e-9847-119d5e39d024%22:%91%93,%22gcid-0b9f4d55-ae89-4039-8ff7-ac46ed6fa7c8%22:%91%22color%22%93}\u00a0\u00bb]<\/p>\n<p style=\"text-align: center;\">[\/et_pb_divider][et_pb_text admin_label=\"DESCRIPTION \" _builder_version=\"4.21.0\u2033 text_font=\"Nunito|||||||| \" text_text_color=\"#ffffff\" text_font_size=\"16px \" text_line_height=\"1.9em \" module_alignment=\"center \" text_font_size_tablet=\"14px \" text_font_size_phone=\"12px \" text_font_size_last_edited=\"on|phone \" locked=\"off \" inline_fonts=\"Nunito \" global_colors_info=\"{}\"]<\/p>\n<ul>\n<li class=\"a-spacing-mini\" style=\"text-align: justify;\">KABELANSLUTEN OCH TR\u00c5DL\u00d6S ANSLUTNING: Anv\u00e4nd tangentbordet i kabelanslutet l\u00e4ge eller v\u00e4lj tr\u00e5dl\u00f6st med Bluetooth 3.0, 5.0 eller 2,4 GHz WiFi via den medf\u00f6ljande USB-mottagaren, f\u00f6r total flexibilitet vid spel och kontorsanv\u00e4ndning.<\/li>\n<li class=\"a-spacing-mini\" style=\"text-align: justify;\">L\u00c5NGVARIG AUTONOMI: Njut av upp till 60 timmars autonomi med det inbyggda uppladdningsbara batteriet. L\u00e5ngvarig prestanda f\u00f6r dina intensiva spelsessioner eller l\u00e5nga arbetsdagar.<\/li>\n<li class=\"a-spacing-mini\" style=\"text-align: justify;\">KOMPAKT FORMAT OCH MEKANISKA MX RED-BRYTARE: F\u00e5 exceptionell respons och tyst skrivning tack vare de mekaniska MX Red-brytarna, i ett kompakt format med 62 tangenter som \u00e4r perfekt f\u00f6r att optimera utrymmet.<\/li>\n<li class=\"a-spacing-mini\" style=\"text-align: justify;\">Anpassningsbar RGB-bakgrundsbelysning: Lys upp ditt tangentbord med 22 RGB-effekter och 9 f\u00f6rinst\u00e4llda f\u00e4rger. Justera enkelt ljusstyrka och hastighet f\u00f6r att skapa en atmosf\u00e4r som \u00e4r unik f\u00f6r din installation.<\/li>\n<li class=\"a-spacing-mini\" style=\"text-align: justify;\">MULTI-PLATE COMPATIBILITY: Kompatibelt med PC, PS5, PS4 och Xbox, detta tangentbord anpassar sig till dina behov och integreras perfekt i din spel- eller arbetsmilj\u00f6.<\/li>\n<\/ul>\n<p>[\/et_pb_text][et_pb_divider color=\u00a0\u00bbgcid-0b9f4d55-ae89-4039-8ff7-ac46ed6fa7c8&Prime; divider_weight=\u00a0\u00bb3px\u00a0\u00bb disabled_on=\u00a0\u00bboff|off|off\u00a0\u00bb _builder_version=\u00a0\u00bb4.16&Prime; max_width=\u00a0\u00bb500px\u00a0\u00bb module_alignment=\u00a0\u00bbcenter\u00a0\u00bb height=\u00a0\u00bb10px\u00a0\u00bb custom_padding=\u00a0\u00bb50px||||false|false\u00a0\u00bb animation_direction=\u00a0\u00bbbottom\u00a0\u00bb saved_tabs=\u00a0\u00bball\u00a0\u00bb locked=\u00a0\u00bboff\u00a0\u00bb global_colors_info=\u00a0\u00bb{%22gcid-79f48224-e059-4a1e-9847-119d5e39d024%22:%91%93,%22gcid-0b9f4d55-ae89-4039-8ff7-ac46ed6fa7c8%22:%91%22color%22%93}\u00a0\u00bb]<\/p>\n<p style=\"text-align: center;\">[\/et_pb_divider][\/et_pb_column_inner][\/et_pb_row_inner][et_pb_row_inner _builder_version=\u00a0\u00bb4.20.0&Prime; _module_preset=\u00a0\u00bbdefault\u00a0\u00bb custom_padding=\u00a0\u00bb30px||||false|false\u00a0\u00bb saved_tabs=\u00a0\u00bball\u00a0\u00bb global_colors_info=\u00a0\u00bb{}\u00a0\u00bb][et_pb_column_inner _builder_version=\u00a0\u00bb4.16&Prime; _module_preset=\u00a0\u00bbdefault\u00a0\u00bb global_colors_info=\u00a0\u00bb{}\u00a0\u00bb][et_pb_button button_url=\u00a0\u00bbhttps:\/\/amzn.to\/45i4qJl\u00a0\u00bb url_new_window=\u00a0\u00bbon\u00a0\u00bb button_text=\u00a0\u00bbACHETEZ\u00a0\u00bb button_alignment=\u00a0\u00bbcenter\u00a0\u00bb admin_label=\u00a0\u00bbBouton ACHETEZ\u00a0\u00bb _builder_version=\u00a0\u00bb4.21.0&Prime; _module_preset=\u00a0\u00bbdefault\u00a0\u00bb custom_button=\u00a0\u00bbon\u00a0\u00bb button_text_size=\u00a0\u00bb18px\u00a0\u00bb button_text_color=\u00a0\u00bbgcid-0b9f4d55-ae89-4039-8ff7-ac46ed6fa7c8&Prime; button_border_width=\u00a0\u00bb1px\u00a0\u00bb button_border_color=\u00a0\u00bbgcid-0b9f4d55-ae89-4039-8ff7-ac46ed6fa7c8&Prime; button_border_radius=\u00a0\u00bb5px\u00a0\u00bb button_letter_spacing=\u00a0\u00bb5px\u00a0\u00bb button_font=\u00a0\u00bb|600|||||||\u00a0\u00bb button_use_icon=\u00a0\u00bboff\u00a0\u00bb custom_margin=\u00a0\u00bb||-75px||false|false\u00a0\u00bb hover_enabled=\u00a0\u00bb0&Prime; global_colors_info=\u00a0\u00bb{%22gcid-0b9f4d55-ae89-4039-8ff7-ac46ed6fa7c8%22:%91%22button_text_color%22,%22button_border_color%22,%22button_bg_color__hover%22%93}\u00a0\u00bb button_text_color__hover_enabled=\u00a0\u00bbon|hover\u00a0\u00bb button_bg_color__hover_enabled=\u00a0\u00bbon|hover\u00a0\u00bb button_text_color__hover=\u00a0\u00bb#000000&Prime; button_bg_color__hover=\u00a0\u00bb#f3b51d\u00a0\u00bb button_bg_enable_color__hover=\u00a0\u00bbon\u00a0\u00bb button_border_color__hover_enabled=\u00a0\u00bbon|hover\u00a0\u00bb button_text_size__hover_enabled=\u00a0\u00bbon|hover\u00a0\u00bb button_border_width__hover_enabled=\u00a0\u00bbon|hover\u00a0\u00bb button_border_radius__hover_enabled=\u00a0\u00bbon|hover\u00a0\u00bb button_letter_spacing__hover_enabled=\u00a0\u00bbon|hover\u00a0\u00bb button_border_color__hover=\u00a0\u00bb#f3b51d\u00a0\u00bb button_text_size__hover=\u00a0\u00bb18px\u00a0\u00bb button_border_width__hover=\u00a0\u00bb1px\u00a0\u00bb button_border_radius__hover=\u00a0\u00bb5px\u00a0\u00bb button_letter_spacing__hover=\u00a0\u00bb5px\u00a0\u00bb sticky_enabled=\u00a0\u00bb0&Prime;][\/et_pb_button][\/et_pb_column_inner][\/et_pb_row_inner][et_pb_row_inner _builder_version=\u00a0\u00bb4.17.3&Prime; _module_preset=\u00a0\u00bbdefault\u00a0\u00bb custom_padding=\u00a0\u00bb30px||||false|false\u00a0\u00bb global_module=\u00a0\u00bb64861&Prime; saved_tabs=\u00a0\u00bball\u00a0\u00bb global_colors_info=\u00a0\u00bb{}\u00a0\u00bb][et_pb_column_inner _builder_version=\u00a0\u00bb4.16&Prime; _module_preset=\u00a0\u00bbdefault\u00a0\u00bb global_colors_info=\u00a0\u00bb{}\u00a0\u00bb][et_pb_divider color=\u00a0\u00bbgcid-0b9f4d55-ae89-4039-8ff7-ac46ed6fa7c8&Prime; divider_weight=\u00a0\u00bb3px\u00a0\u00bb disabled_on=\u00a0\u00bboff|off|off\u00a0\u00bb _builder_version=\u00a0\u00bb4.16&Prime; max_width=\u00a0\u00bb500px\u00a0\u00bb module_alignment=\u00a0\u00bbcenter\u00a0\u00bb height=\u00a0\u00bb10px\u00a0\u00bb custom_padding=\u00a0\u00bb50px||||false|false\u00a0\u00bb animation_direction=\u00a0\u00bbbottom\u00a0\u00bb saved_tabs=\u00a0\u00bball\u00a0\u00bb locked=\u00a0\u00bboff\u00a0\u00bb global_colors_info=\u00a0\u00bb{%22gcid-79f48224-e059-4a1e-9847-119d5e39d024%22:%91%93,%22gcid-0b9f4d55-ae89-4039-8ff7-ac46ed6fa7c8%22:%91%22color%22%93}\u00a0\u00bb]<\/p>\n<p style=\"text-align: center;\">[\/et_pb_divider][et_pb_button button_url=\u00a0\u00bbhttps:\/\/empiregaming.eu\/telechargements\u00a0\u00bb button_text=\u00a0\u00bbSUPPORT\u00a0\u00bb button_alignment=\u00a0\u00bbcenter\u00a0\u00bb admin_label=\u00a0\u00bbBouton SUPPORT\u00a0\u00bb _builder_version=\u00a0\u00bb4.21.0&Prime; _module_preset=\u00a0\u00bbdefault\u00a0\u00bb custom_button=\u00a0\u00bbon\u00a0\u00bb button_text_size=\u00a0\u00bb18px\u00a0\u00bb button_text_color=\u00a0\u00bbgcid-0b9f4d55-ae89-4039-8ff7-ac46ed6fa7c8&Prime; button_border_width=\u00a0\u00bb1px\u00a0\u00bb button_border_color=\u00a0\u00bbgcid-0b9f4d55-ae89-4039-8ff7-ac46ed6fa7c8&Prime; button_border_radius=\u00a0\u00bb5px\u00a0\u00bb button_letter_spacing=\u00a0\u00bb5px\u00a0\u00bb button_font=\u00a0\u00bb|600|||||||\u00a0\u00bb button_use_icon=\u00a0\u00bboff\u00a0\u00bb global_colors_info=\u00a0\u00bb{%22gcid-0b9f4d55-ae89-4039-8ff7-ac46ed6fa7c8%22:%91%22button_text_color%22,%22button_border_color%22,%22button_bg_color__hover%22%93}\u00a0\u00bb button_text_color__hover_enabled=\u00a0\u00bbon|hover\u00a0\u00bb button_bg_color__hover_enabled=\u00a0\u00bbon|hover\u00a0\u00bb button_text_color__hover=\u00a0\u00bb#000000&Prime; button_bg_color__hover=\u00a0\u00bb#f3b51d\u00a0\u00bb button_bg_enable_color__hover=\u00a0\u00bbon\u00a0\u00bb button_border_color__hover_enabled=\u00a0\u00bbon|hover\u00a0\u00bb button_text_size__hover_enabled=\u00a0\u00bbon|hover\u00a0\u00bb button_border_width__hover_enabled=\u00a0\u00bbon|hover\u00a0\u00bb button_border_radius__hover_enabled=\u00a0\u00bbon|hover\u00a0\u00bb button_letter_spacing__hover_enabled=\u00a0\u00bbon|hover\u00a0\u00bb button_border_color__hover=\u00a0\u00bb#f3b51d\u00a0\u00bb button_text_size__hover=\u00a0\u00bb18px\u00a0\u00bb button_border_width__hover=\u00a0\u00bb1px\u00a0\u00bb button_border_radius__hover=\u00a0\u00bb5px\u00a0\u00bb button_letter_spacing__hover=\u00a0\u00bb5px\u00a0\u00bb][\/et_pb_button][\/et_pb_column_inner][\/et_pb_row_inner][\/et_pb_column][\/et_pb_section]<\/p>","protected":false},"excerpt":{"rendered":"<p>\u00a0K246Tillg\u00e4ngligt i versionerna AZERTY (franska) och QWERTZ (tyska). KABLAD OCH TR\u00c5DL\u00d6S ANSLUTNING: Anv\u00e4nd tangentbordet i kabelanslutet l\u00e4ge eller v\u00e4lj tr\u00e5dl\u00f6st med Bluetooth 3.0, 5.0 eller WiFi 2,4 GHz via den medf\u00f6ljande USB-mottagaren, f\u00f6r total flexibilitet vid b\u00e5de spel och kontorsanv\u00e4ndning. L\u00c5NGVARIG AUTONOMI: Njut av upp till [...]<\/p>","protected":false},"author":1,"featured_media":0,"parent":0,"menu_order":0,"comment_status":"closed","ping_status":"closed","template":"","meta":{"_et_pb_use_builder":"on","_et_pb_old_content":"","_et_gb_content_width":"","footnotes":""},"class_list":["post-77019","page","type-page","status-publish","hentry"],"_links":{"self":[{"href":"https:\/\/empiregaming.eu\/sv\/wp-json\/wp\/v2\/pages\/77019","targetHints":{"allow":["GET"]}}],"collection":[{"href":"https:\/\/empiregaming.eu\/sv\/wp-json\/wp\/v2\/pages"}],"about":[{"href":"https:\/\/empiregaming.eu\/sv\/wp-json\/wp\/v2\/types\/page"}],"author":[{"embeddable":true,"href":"https:\/\/empiregaming.eu\/sv\/wp-json\/wp\/v2\/users\/1"}],"replies":[{"embeddable":true,"href":"https:\/\/empiregaming.eu\/sv\/wp-json\/wp\/v2\/comments?post=77019"}],"version-history":[{"count":11,"href":"https:\/\/empiregaming.eu\/sv\/wp-json\/wp\/v2\/pages\/77019\/revisions"}],"predecessor-version":[{"id":77209,"href":"https:\/\/empiregaming.eu\/sv\/wp-json\/wp\/v2\/pages\/77019\/revisions\/77209"}],"wp:attachment":[{"href":"https:\/\/empiregaming.eu\/sv\/wp-json\/wp\/v2\/media?parent=77019"}],"curies":[{"name":"wp","href":"https:\/\/api.w.org\/{rel}","templated":true}]}}