{"id":65145,"date":"2022-05-19T11:58:51","date_gmt":"2022-05-19T11:58:51","guid":{"rendered":"https:\/\/empiregaming.eu\/?page_id=65145"},"modified":"2025-01-23T13:51:49","modified_gmt":"2025-01-23T13:51:49","slug":"k308","status":"publish","type":"page","link":"https:\/\/empiregaming.eu\/sv\/k308\/","title":{"rendered":"K308"},"content":{"rendered":"<p>[et_pb_section fb_built=\u00bb1\u2033 make_equal=\u00bbon \u00bb use_custom_gutter=\u00bbon \u00bb gutter_width=\u00bb2\u2033 specialty=\u00bbon \u00bb bg_img_1=\u00bbhttp:\/\/empiregaming.fr\/wordpress\/wp-content\/uploads\/2017\/12\/fashion-21.jpg \u00bb _builder_version=\u00bb4.21.0\u2033 background_color=\u00bb#000000\u2033 use_background_color_gradient=\u00bbon \u00bb background_color_gradient_direction=\u00bb262deg \u00bb background_color_gradient_stops=\u00bb#000000 0%|#1919 91% \u00bb background_color_gradient_start= \u00bb#000000\u2033 background_color_gradient_end=\u00bb#1919\u2033 background_color_gradient_end_position=\u00bb91% \u00bb inner_width=\u00bb88% \u00bb inner_max_width=\u00bb88% \u00bb custom_css_main_element=\u00bbmargin-v\u00e4nster: 0 !viktigt; \u00bb use_custom_width=\u00bbon\u00bb width_unit=\u00bboff\u00bb custom_width_percent=\u00bb88%\u00bb global_colors_info=\u00bb{} \u00bb][et_pb_column type=\u00bb1_2\u2033 _builder_version=\u00bb4.16\u2033 custom_padding=\u00bb||| \u00bb global_colors_info=\u00bb{} \u00bb custom_padding__hover=\u00bb||| \u00bb][et_pb_gallery gallery_ids=\u00bb65714\u2033 gallery_captions=\u00bb,,\u00bb fullwidth=\u00bbon\u00bb _builder_version=\u00bb4.21.0\u2033 min_height=\u00bb900px \u00bb min_height_tablet=\u00bb750px \u00bb min_height_phone=\u00bb425px \u00bb min_height_last_edited=\u00bbon|phone \u00bb custom_margin=\u00bb||150px||false|false \u00bb auto=\u00bbon \u00bb hover_transition_duration=\u00bb400ms \u00bb pagination_font_size_tablet=\u00bb51\u2033 pagination_line_height_tablet=\u00bb2\u2033 global_colors_info=\u00bb{}\u00bb] [\/et_pb_gallery][\/et_pb_column][et_pb_column type=\u00bb1_2\u2033 specialty_columns=\u00bb2\u2033 _builder_version=\u00bb4.16\u2033 custom_padding=\u00bb||| \u00bb global_colors_info=\u00bb{} \u00bb custom_padding__hover=\u00bb||| \u00bb][et_pb_row_inner _builder_version=\u00bb4.16\u2033 animation_direction=\u00bbbottom \u00bb hover_transition_duration=\u00bb0ms \u00bb global_colors_info=\u00bb{} \u00bb][et_pb_column_inner saved_specialty_column_type=\u00bb1_2\u2033 _builder_version=\u00bb4.16\u2033 custom_padding=\u00bb||| \u00bb global_colors_info=\u00bb{} \u00bb custom_padding__hover=\u00bb||| \u00bb][et_pb_text admin_label=\u00bbPRODUKTNAMN\u00bb _builder_version=\u00bb4.21.0\u2033 text_font=\u00bbNunito|||||||| \u00bb text_color=\u00bb#FFFFFF \u00bb text_font_size=\u00bb60px \u00bb text_line_height=\u00bb1.8em \u00bb header_font=\u00bbNunito|600||||||| \u00bb header_text_align=\u00bbcenter \u00bb header_text_color=\u00bb#FFFFFF \u00bb header_font_size=\u00bb48px \u00bb text_font_size_tablet=\u00bb50px \u00bb text_font_size_phone=\u00bb35px \u00bb text_font_size_last_edited=\u00bbon|phone \u00bb inline_fonts=\u00bbEnixe \u00bb global_colors_info=\u00bb{}\u00bb]<\/p>\n<h1 style=\"text-align: center;\">K308<\/h1>\n<p>[\/et_pb_text][et_pb_text admin_label=\"Text \" _builder_version=\"4.21.0\u2033 text_font=\"Nunito|||||||| \" text_text_color=\"#FFFFFF \" text_font_size=\"16px \" text_line_height=\"1.8em \" header_font=\"Nunito|600||||||| \" header_text_align=\"center \" header_text_color=\"#FFFFFF \" header_font_size=\"48px \" hover_enabled=\"0\u2033 text_font_size_tablet=\"50px \" text_font_size_phone=\"35px \" text_font_size_last_edited=\"on|phone \" inline_fonts=\"Enixe \" global_colors_info=\"{} \" sticky_enabled=\"0\u2033]<\/p>\n<p style=\"text-align: center;\"><strong>Finns \u00e4ven i AZERTY (franska).<\/strong><\/p>\n<p>[\/et_pb_text][et_pb_divider color=\u00a0\u00bbgcid-0b9f4d55-ae89-4039-8ff7-ac46ed6fa7c8&Prime; divider_weight=\u00a0\u00bb3px\u00a0\u00bb disabled_on=\u00a0\u00bboff|off|off\u00a0\u00bb _builder_version=\u00a0\u00bb4.16&Prime; max_width=\u00a0\u00bb500px\u00a0\u00bb module_alignment=\u00a0\u00bbcenter\u00a0\u00bb height=\u00a0\u00bb10px\u00a0\u00bb custom_padding=\u00a0\u00bb||50px||false|false\u00a0\u00bb animation_direction=\u00a0\u00bbbottom\u00a0\u00bb saved_tabs=\u00a0\u00bball\u00a0\u00bb locked=\u00a0\u00bboff\u00a0\u00bb global_colors_info=\u00a0\u00bb{%22gcid-79f48224-e059-4a1e-9847-119d5e39d024%22:%91%93,%22gcid-0b9f4d55-ae89-4039-8ff7-ac46ed6fa7c8%22:%91%22color%22%93}\u00a0\u00bb]<\/p>\n<p style=\"text-align: center;\">[\/et_pb_divider][et_pb_text admin_label=\"DESCRIPTION \" _builder_version=\"4.21.0\u2033 text_font=\"Nunito|||||||| \" text_text_color=\"#ffffff\" text_font_size=\"16px \" text_line_height=\"1.9em \" module_alignment=\"center \" text_font_size_tablet=\"14px \" text_font_size_phone=\"12px \" text_font_size_last_edited=\"on|phone \" locked=\"off \" inline_fonts=\"Nunito \" global_colors_info=\"{}\"]<\/p>\n<ul>\n<li style=\"text-align: justify;\"><span class=\"a-list-item\">F\u00d6R SPEL: Fransk AZERTY-layout. Har 104 halvmekaniska tangenter, inklusive 12 multimedia-genv\u00e4gar och 1 volymkontrollhjul. Du kan avaktivera Windows-tangenten p\u00e5 tangentbordet f\u00f6r att undvika att dina spel pl\u00f6tsligt avslutas.<\/span><\/li>\n<li style=\"text-align: justify;\"><span class=\"a-list-item\">RGB BACKLIGHT: Dra nytta av l\u00e4get \"Static\" eller \"Breathing\", som ger tangentbordet intrycket av att andas i f\u00e4rg.<\/span><\/li>\n<li style=\"text-align: justify;\"><span class=\"a-list-item\">IMPONERANDE DESIGN: Kompakt, solid och t\u00e5lig aluminiumkonstruktion som \u00e4r speciellt utformad f\u00f6r att h\u00e5lla \u00f6ver tid.<\/span><\/li>\n<li style=\"text-align: justify;\"><span class=\"a-list-item\">KOMPATIBILITET: Windows XP till Windows 11. Ditt tangentbord \u00e4r Plug-and-Play p\u00e5 dina PS4, PS5, Xbox One \/ Series-konsoler och PC, och installeras automatiskt genom att ansluta det till en USB-port.<\/span><\/li>\n<li style=\"text-align: justify;\"><span class=\"a-list-item\">M\u00c5TT OCH VIKT: L480 * L145 * H36 \/ 800 g.<\/span><\/li>\n<\/ul>\n<p>[\/et_pb_text][et_pb_divider color=\u00a0\u00bbgcid-0b9f4d55-ae89-4039-8ff7-ac46ed6fa7c8&Prime; divider_weight=\u00a0\u00bb3px\u00a0\u00bb disabled_on=\u00a0\u00bboff|off|off\u00a0\u00bb _builder_version=\u00a0\u00bb4.16&Prime; max_width=\u00a0\u00bb500px\u00a0\u00bb module_alignment=\u00a0\u00bbcenter\u00a0\u00bb height=\u00a0\u00bb10px\u00a0\u00bb custom_padding=\u00a0\u00bb50px||||false|false\u00a0\u00bb animation_direction=\u00a0\u00bbbottom\u00a0\u00bb saved_tabs=\u00a0\u00bball\u00a0\u00bb locked=\u00a0\u00bboff\u00a0\u00bb global_colors_info=\u00a0\u00bb{%22gcid-79f48224-e059-4a1e-9847-119d5e39d024%22:%91%93,%22gcid-0b9f4d55-ae89-4039-8ff7-ac46ed6fa7c8%22:%91%22color%22%93}\u00a0\u00bb]<\/p>\n<p style=\"text-align: center;\">[\/et_pb_divider][\/et_pb_column_inner][\/et_pb_row_inner][et_pb_row_inner _builder_version=\u00a0\u00bb4.17.3&Prime; _module_preset=\u00a0\u00bbdefault\u00a0\u00bb custom_padding=\u00a0\u00bb30px||||false|false\u00a0\u00bb saved_tabs=\u00a0\u00bball\u00a0\u00bb global_colors_info=\u00a0\u00bb{}\u00a0\u00bb][et_pb_column_inner saved_specialty_column_type=\u00a0\u00bb1_2&Prime; _builder_version=\u00a0\u00bb4.16&Prime; _module_preset=\u00a0\u00bbdefault\u00a0\u00bb global_colors_info=\u00a0\u00bb{}\u00a0\u00bb][et_pb_button button_url=\u00a0\u00bbhttps:\/\/amzn.to\/3zEUqOg\u00a0\u00bb url_new_window=\u00a0\u00bbon\u00a0\u00bb button_text=\u00a0\u00bbACHETEZ\u00a0\u00bb button_alignment=\u00a0\u00bbcenter\u00a0\u00bb admin_label=\u00a0\u00bbBouton ACHETEZ\u00a0\u00bb _builder_version=\u00a0\u00bb4.21.0&Prime; _module_preset=\u00a0\u00bbdefault\u00a0\u00bb custom_button=\u00a0\u00bbon\u00a0\u00bb button_text_size=\u00a0\u00bb18px\u00a0\u00bb button_text_color=\u00a0\u00bbgcid-0b9f4d55-ae89-4039-8ff7-ac46ed6fa7c8&Prime; button_border_width=\u00a0\u00bb1px\u00a0\u00bb button_border_color=\u00a0\u00bbgcid-0b9f4d55-ae89-4039-8ff7-ac46ed6fa7c8&Prime; button_border_radius=\u00a0\u00bb5px\u00a0\u00bb button_letter_spacing=\u00a0\u00bb5px\u00a0\u00bb button_font=\u00a0\u00bb|600|||||||\u00a0\u00bb button_use_icon=\u00a0\u00bboff\u00a0\u00bb custom_margin=\u00a0\u00bb||-75px||false|false\u00a0\u00bb global_colors_info=\u00a0\u00bb{%22gcid-0b9f4d55-ae89-4039-8ff7-ac46ed6fa7c8%22:%91%22button_text_color%22,%22button_border_color%22,%22button_bg_color__hover%22%93}\u00a0\u00bb button_text_color__hover_enabled=\u00a0\u00bbon|hover\u00a0\u00bb button_bg_color__hover_enabled=\u00a0\u00bbon|hover\u00a0\u00bb button_text_color__hover=\u00a0\u00bb#000000&Prime; button_bg_color__hover=\u00a0\u00bb#f3b51d\u00a0\u00bb button_bg_enable_color__hover=\u00a0\u00bbon\u00a0\u00bb button_border_color__hover_enabled=\u00a0\u00bbon|hover\u00a0\u00bb button_text_size__hover_enabled=\u00a0\u00bbon|hover\u00a0\u00bb button_border_width__hover_enabled=\u00a0\u00bbon|hover\u00a0\u00bb button_border_radius__hover_enabled=\u00a0\u00bbon|hover\u00a0\u00bb button_letter_spacing__hover_enabled=\u00a0\u00bbon|hover\u00a0\u00bb button_border_color__hover=\u00a0\u00bb#f3b51d\u00a0\u00bb button_text_size__hover=\u00a0\u00bb18px\u00a0\u00bb button_border_width__hover=\u00a0\u00bb1px\u00a0\u00bb button_border_radius__hover=\u00a0\u00bb5px\u00a0\u00bb button_letter_spacing__hover=\u00a0\u00bb5px\u00a0\u00bb][\/et_pb_button][\/et_pb_column_inner][\/et_pb_row_inner][et_pb_row_inner _builder_version=\u00a0\u00bb4.17.3&Prime; _module_preset=\u00a0\u00bbdefault\u00a0\u00bb custom_padding=\u00a0\u00bb30px||||false|false\u00a0\u00bb global_module=\u00a0\u00bb64861&Prime; saved_tabs=\u00a0\u00bball\u00a0\u00bb global_colors_info=\u00a0\u00bb{}\u00a0\u00bb][et_pb_column_inner _builder_version=\u00a0\u00bb4.16&Prime; _module_preset=\u00a0\u00bbdefault\u00a0\u00bb global_colors_info=\u00a0\u00bb{}\u00a0\u00bb][et_pb_button button_url=\u00a0\u00bbhttps:\/\/empiregaming.eu\/telechargements\u00a0\u00bb button_text=\u00a0\u00bbSUPPORT\u00a0\u00bb button_alignment=\u00a0\u00bbcenter\u00a0\u00bb admin_label=\u00a0\u00bbBouton SUPPORT\u00a0\u00bb _builder_version=\u00a0\u00bb4.21.0&Prime; _module_preset=\u00a0\u00bbdefault\u00a0\u00bb custom_button=\u00a0\u00bbon\u00a0\u00bb button_text_size=\u00a0\u00bb18px\u00a0\u00bb button_text_color=\u00a0\u00bbgcid-0b9f4d55-ae89-4039-8ff7-ac46ed6fa7c8&Prime; button_border_width=\u00a0\u00bb1px\u00a0\u00bb button_border_color=\u00a0\u00bbgcid-0b9f4d55-ae89-4039-8ff7-ac46ed6fa7c8&Prime; button_border_radius=\u00a0\u00bb5px\u00a0\u00bb button_letter_spacing=\u00a0\u00bb5px\u00a0\u00bb button_font=\u00a0\u00bb|600|||||||\u00a0\u00bb button_use_icon=\u00a0\u00bboff\u00a0\u00bb global_colors_info=\u00a0\u00bb{%22gcid-0b9f4d55-ae89-4039-8ff7-ac46ed6fa7c8%22:%91%22button_text_color%22,%22button_border_color%22,%22button_bg_color__hover%22%93}\u00a0\u00bb button_text_color__hover_enabled=\u00a0\u00bbon|hover\u00a0\u00bb button_bg_color__hover_enabled=\u00a0\u00bbon|hover\u00a0\u00bb button_text_color__hover=\u00a0\u00bb#000000&Prime; button_bg_color__hover=\u00a0\u00bb#f3b51d\u00a0\u00bb button_bg_enable_color__hover=\u00a0\u00bbon\u00a0\u00bb button_border_color__hover_enabled=\u00a0\u00bbon|hover\u00a0\u00bb button_text_size__hover_enabled=\u00a0\u00bbon|hover\u00a0\u00bb button_border_width__hover_enabled=\u00a0\u00bbon|hover\u00a0\u00bb button_border_radius__hover_enabled=\u00a0\u00bbon|hover\u00a0\u00bb button_letter_spacing__hover_enabled=\u00a0\u00bbon|hover\u00a0\u00bb button_border_color__hover=\u00a0\u00bb#f3b51d\u00a0\u00bb button_text_size__hover=\u00a0\u00bb18px\u00a0\u00bb button_border_width__hover=\u00a0\u00bb1px\u00a0\u00bb button_border_radius__hover=\u00a0\u00bb5px\u00a0\u00bb button_letter_spacing__hover=\u00a0\u00bb5px\u00a0\u00bb][\/et_pb_button][\/et_pb_column_inner][\/et_pb_row_inner][\/et_pb_column][\/et_pb_section]<\/p>","protected":false},"excerpt":{"rendered":"<p>\u00a0K308Finns i AZERTY-version (franska). F\u00d6R SPEL: Fransk AZERTY-layout. Har 104 halvmekaniska tangenter, inklusive 12 multimedia-genv\u00e4gar och 1 volymkontrollhjul. Du kan avaktivera Windows-tangenten p\u00e5 tangentbordet f\u00f6r att undvika att du pl\u00f6tsligt m\u00e5ste avsluta dina spel. RGB-bakgrundsbelysning: dra nytta av l\u00e4get \u00abStatic\u00bb eller \u00abDynamic\".<\/p>","protected":false},"author":1,"featured_media":0,"parent":0,"menu_order":0,"comment_status":"closed","ping_status":"closed","template":"","meta":{"_et_pb_use_builder":"on","_et_pb_old_content":"","_et_gb_content_width":"","footnotes":""},"class_list":["post-65145","page","type-page","status-publish","hentry"],"_links":{"self":[{"href":"https:\/\/empiregaming.eu\/sv\/wp-json\/wp\/v2\/pages\/65145","targetHints":{"allow":["GET"]}}],"collection":[{"href":"https:\/\/empiregaming.eu\/sv\/wp-json\/wp\/v2\/pages"}],"about":[{"href":"https:\/\/empiregaming.eu\/sv\/wp-json\/wp\/v2\/types\/page"}],"author":[{"embeddable":true,"href":"https:\/\/empiregaming.eu\/sv\/wp-json\/wp\/v2\/users\/1"}],"replies":[{"embeddable":true,"href":"https:\/\/empiregaming.eu\/sv\/wp-json\/wp\/v2\/comments?post=65145"}],"version-history":[{"count":14,"href":"https:\/\/empiregaming.eu\/sv\/wp-json\/wp\/v2\/pages\/65145\/revisions"}],"predecessor-version":[{"id":77066,"href":"https:\/\/empiregaming.eu\/sv\/wp-json\/wp\/v2\/pages\/65145\/revisions\/77066"}],"wp:attachment":[{"href":"https:\/\/empiregaming.eu\/sv\/wp-json\/wp\/v2\/media?parent=65145"}],"curies":[{"name":"wp","href":"https:\/\/api.w.org\/{rel}","templated":true}]}}