{"id":77170,"date":"2025-07-29T11:05:35","date_gmt":"2025-07-29T11:05:35","guid":{"rendered":"https:\/\/empiregaming.eu\/?page_id=77170"},"modified":"2025-07-29T11:06:59","modified_gmt":"2025-07-29T11:06:59","slug":"conditions","status":"publish","type":"page","link":"https:\/\/empiregaming.eu\/pl\/conditions\/","title":{"rendered":"ZASADY I WARUNKI"},"content":{"rendered":"<p>[et_pb_section fb_built=\"1\u2033 custom_padding_last_edited=\"off|desktop \" admin_label=\"Featured Products \" _builder_version=\"4.21.0\u2033 background_color=\"#3a3a3a \" use_background_color_gradient=\"on \" background_color_gradient_direction=\"106deg \" background_color_gradient_stops=\"#000000 26%|#2626 94% \" background_color_gradient_start=\"#0000\u2033 background_color_gradient_start_position=\"26% \" background_color_gradient_end= \"#2626\u2033 background_color_gradient_end_position=\"94% \" custom_margin=\"||||false|false \" custom_padding_tablet=\"30px||||false|false \" custom_padding_phone= \"30px||||false|false \" global_colors_info=\"{} \" theme_builder_area=\"post_content \"][et_pb_row custom_padding_last_edited=\"off|desktop \" _builder_version=\"4.21.0\u2033 background_size=\"initial \" background_position=\"top_left \" background_repeat=\"repeat \" max_width=\"1100px \" custom_padding=\"150px||50px||false|false \" custom_padding_tablet=\"150px||||false|false \" global_colors_info=\"{} \" theme_builder_area=\"post_content \"][et_pb_column type=\"4_4\u2033 _builder_version=\"4.16\u2033 custom_padding=\"|| \" global_colors_info=\"{} \" custom_padding__hover=\"|| \" theme_builder_area=\"post_content \"][et_pb_text admin_label=\"Polityka prywatno\u015bci\" _builder_version=\"4.21.0\u2033 text_font=\"Nunito|||||||| \" text_text_color=\"#ffff \" header_font=\"|||||||| \" header_text_color=\"#F3B51D \" header_2_font=\"Playfair Display|700||||||| \" header_2_text_align=\"center \" header_2_text_color=\"#2b2b2b \" header_2_font_size=\"42px \" header_2_line_height=\"1.5em \" background_size=\"initial \" background_position=\"top_left \" background_repeat=\"repeat \" text_orientation=\"center \" module_alignment=\"center \" custom_margin=\"||10px|\" hover_enabled=\"0\u2033 locked=\"off \" global_colors_info=\"{} \" theme_builder_area=\"post_content \" sticky_enabled=\"0\u2033]<\/p>\n<h1 class=\"has-text-align-center wp-block-post-title\"><span style=\"color: #ffffff;\">Zasady i warunki<\/span><\/h1>\n<p>[\/et_pb_text][et_pb_divider color=\"#FFFF \" _builder_version=\"4.21.0\u2033 _module_preset=\"default \" width=\"50% \" module_alignment=\"center \" global_colors_info=\"{} \" theme_builder_area=\"post_content \"][\/et_pb_divider][et_pb_text _builder_version=\"4.21.0\u2033 _module_preset=\"default \" hover_enabled=\"0\u2033 global_colors_info=\"{} \" theme_builder_area=\"post_content \" sticky_enabled=\"0\u2033]<\/p>\n<h3 class=\"wp-block-heading\" style=\"text-align: justify;\"><span style=\"color: #ffffff;\">1. Wprowadzenie<\/span><\/h3>\n<p style=\"text-align: justify;\"><span style=\"color: #ffffff;\">Witamy na empiregaming.eu! Uzyskuj\u0105c dost\u0119p do tej witryny, wyra\u017casz zgod\u0119 na przestrzeganie poni\u017cszych warunk\u00f3w. Je\u015bli nie zgadzasz si\u0119 z tymi warunkami, nie korzystaj z naszej strony.<\/span><\/p>\n<h3 class=\"wp-block-heading\" style=\"text-align: justify;\"><span style=\"color: #ffffff;\">2. Korzystanie z witryny<\/span><\/h3>\n<p style=\"text-align: justify;\"><span style=\"color: #ffffff;\">Korzystanie z naszej witryny podlega obowi\u0105zuj\u0105cym przepisom prawa. Aby korzysta\u0107 z tej witryny, u\u017cytkownik musi mie\u0107 uko\u0144czone 13 lat. Korzystaj\u0105c z naszej witryny, u\u017cytkownik gwarantuje, \u017ce osi\u0105gn\u0105\u0142 wymagany wiek.<\/span><\/p>\n<h3 class=\"wp-block-heading\" style=\"text-align: justify;\"><span style=\"color: #ffffff;\">3. W\u0142asno\u015b\u0107 intelektualna<\/span><\/h3>\n<p style=\"text-align: justify;\"><span style=\"color: #ffffff;\">Ca\u0142a zawarto\u015b\u0107 anewway.eu, w tym mi\u0119dzy innymi tekst, grafika, logo, obrazy i oprogramowanie, jest w\u0142asno\u015bci\u0105 Optimum Way lub jej partner\u00f3w i jest chroniona prawem w\u0142asno\u015bci intelektualnej. U\u017cytkownik nie mo\u017ce powiela\u0107, rozpowszechnia\u0107 ani modyfikowa\u0107 tych tre\u015bci bez uprzedniej zgody.<\/span><\/p>\n<h3 class=\"wp-block-heading\" style=\"text-align: justify;\"><span style=\"color: #ffffff;\">4. Odpowiedzialno\u015b\u0107<\/span><\/h3>\n<p style=\"text-align: justify;\"><span style=\"color: #ffffff;\">Optimum Way nie ponosi odpowiedzialno\u015bci za jakiekolwiek bezpo\u015brednie, po\u015brednie, przypadkowe lub wt\u00f3rne szkody wynikaj\u0105ce z korzystania lub niemo\u017cno\u015bci korzystania z naszej witryny. Zastrzegamy sobie prawo do zmiany lub zawieszenia dowolnej tre\u015bci lub us\u0142ugi oferowanej na stronie bez powiadomienia.<\/span><\/p>\n<h3 class=\"wp-block-heading\" style=\"text-align: justify;\"><span style=\"color: #ffffff;\">5. Linki zewn\u0119trzne<\/span><\/h3>\n<p style=\"text-align: justify;\"><span style=\"color: #ffffff;\">Nasza witryna mo\u017ce zawiera\u0107 \u0142\u0105cza do innych witryn. Nie kontrolujemy tych witryn i nie ponosimy odpowiedzialno\u015bci za ich zawarto\u015b\u0107. Umieszczenie \u0142\u0105cza nie oznacza, \u017ce popieramy te witryny.<\/span><\/p>\n<h3 class=\"wp-block-heading\" style=\"text-align: justify;\"><span style=\"color: #ffffff;\">6. Ochrona danych osobowych<\/span><\/h3>\n<p style=\"text-align: justify;\"><span style=\"color: #ffffff;\">Zobowi\u0105zujemy si\u0119 do ochrony danych osobowych u\u017cytkownik\u00f3w. Informacje podane podczas korzystania z naszej witryny b\u0119d\u0105 traktowane zgodnie z nasz\u0105 polityk\u0105 prywatno\u015bci. Korzystaj\u0105c z naszej witryny, u\u017cytkownik wyra\u017ca zgod\u0119 na gromadzenie i wykorzystywanie jego danych w spos\u00f3b opisany w niniejszej polityce.<\/span><\/p>\n<h3 class=\"wp-block-heading\" style=\"text-align: justify;\"><span style=\"color: #ffffff;\">7. Zmiany zasad i warunk\u00f3w<\/span><\/h3>\n<p style=\"text-align: justify;\"><span style=\"color: #ffffff;\">Zastrzegamy sobie prawo do zmiany niniejszych warunk\u00f3w w dowolnym momencie. Zmiany wejd\u0105 w \u017cycie natychmiast po ich opublikowaniu na naszej stronie. Obowi\u0105zkiem u\u017cytkownika jest regularne sprawdzanie tej strony pod k\u0105tem wszelkich zmian.<\/span><\/p>\n<h3 class=\"wp-block-heading\" style=\"text-align: justify;\"><span style=\"color: #ffffff;\">8. Prawo w\u0142a\u015bciwe<\/span><\/h3>\n<p style=\"text-align: justify;\"><span style=\"color: #ffffff;\">Niniejsze warunki podlegaj\u0105 prawu francuskiemu. Wszelkie spory wynikaj\u0105ce z korzystania z naszej witryny b\u0119d\u0105 podlega\u0107 wy\u0142\u0105cznej jurysdykcji s\u0105d\u00f3w gospodarczych.<\/span><\/p>\n<h3 class=\"wp-block-heading\" style=\"text-align: justify;\"><span style=\"color: #ffffff;\">9. Kontakt<\/span><\/h3>\n<p style=\"text-align: justify;\"><span style=\"color: #ffffff;\">W przypadku jakichkolwiek pyta\u0144 dotycz\u0105cych niniejszych warunk\u00f3w prosimy o kontakt pod adresem support@empiregaming.eu.<\/span><\/p>\n<p>[\/et_pb_text][et_pb_divider color=\"#FFFF \" _builder_version=\"4.21.0\u2033 _module_preset=\"default \" width=\"50% \" module_alignment=\"center \" global_colors_info=\"{} \" theme_builder_area=\"post_content \"][\/et_pb_divider][et_pb_text _builder_version=\"4.21.0\u2033 _module_preset=\"default \" hover_enabled=\"0\u2033 global_colors_info=\"{} \" theme_builder_area=\"post_content \" sticky_enabled=\"0\u2033]<\/p>\n<p style=\"text-align: justify;\"><span style=\"color: #ffffff;\"><strong>Ostatnia aktualizacja :\u00a0<\/strong>29 lipca 2025 r.<\/span><\/p>\n<p>[\/et_pb_text][\/et_pb_column][\/et_pb_row][\/et_pb_section]<\/p>","protected":false},"excerpt":{"rendered":"<p>Regulamin1. Wprowadzenie Witamy na stronie empiregaming.eu! Uzyskuj\u0105c dost\u0119p do tej witryny, wyra\u017casz zgod\u0119 na przestrzeganie poni\u017cszych warunk\u00f3w. Je\u015bli nie zgadzasz si\u0119 z tymi warunkami, nie korzystaj z naszej strony. 2. Korzystanie z witryny Korzystanie z naszej witryny podlega obowi\u0105zuj\u0105cemu prawu. U\u017cytkownik musi mie\u0107 co najmniej [...]<\/p>","protected":false},"author":1,"featured_media":0,"parent":0,"menu_order":0,"comment_status":"closed","ping_status":"closed","template":"","meta":{"_et_pb_use_builder":"on","_et_pb_old_content":"","_et_gb_content_width":"","footnotes":""},"class_list":["post-77170","page","type-page","status-publish","hentry"],"_links":{"self":[{"href":"https:\/\/empiregaming.eu\/pl\/wp-json\/wp\/v2\/pages\/77170","targetHints":{"allow":["GET"]}}],"collection":[{"href":"https:\/\/empiregaming.eu\/pl\/wp-json\/wp\/v2\/pages"}],"about":[{"href":"https:\/\/empiregaming.eu\/pl\/wp-json\/wp\/v2\/types\/page"}],"author":[{"embeddable":true,"href":"https:\/\/empiregaming.eu\/pl\/wp-json\/wp\/v2\/users\/1"}],"replies":[{"embeddable":true,"href":"https:\/\/empiregaming.eu\/pl\/wp-json\/wp\/v2\/comments?post=77170"}],"version-history":[{"count":3,"href":"https:\/\/empiregaming.eu\/pl\/wp-json\/wp\/v2\/pages\/77170\/revisions"}],"predecessor-version":[{"id":77173,"href":"https:\/\/empiregaming.eu\/pl\/wp-json\/wp\/v2\/pages\/77170\/revisions\/77173"}],"wp:attachment":[{"href":"https:\/\/empiregaming.eu\/pl\/wp-json\/wp\/v2\/media?parent=77170"}],"curies":[{"name":"wp","href":"https:\/\/api.w.org\/{rel}","templated":true}]}}