{"id":77170,"date":"2025-07-29T11:05:35","date_gmt":"2025-07-29T11:05:35","guid":{"rendered":"https:\/\/empiregaming.eu\/?page_id=77170"},"modified":"2025-07-29T11:06:59","modified_gmt":"2025-07-29T11:06:59","slug":"conditions","status":"publish","type":"page","link":"https:\/\/empiregaming.eu\/it\/conditions\/","title":{"rendered":"TERMINI E CONDIZIONI"},"content":{"rendered":"<p>[et_pb_section fb_built=\"1\u2033 custom_padding_last_edited=\"off|desktop \" admin_label=\"Prodotti in evidenza \" _builder_version=\"4.21.0\u2033 background_color=\"#3a3a3a \" use_background_color_gradient=\"on \" background_color_gradient_direction=\"106deg \" background_color_gradient_stops=\"#000000 26%|#2626 94% \" background_color_gradient_start=\"#0000\u2033 background_color_gradient_start_position=\"26% \" background_color_gradient_end=\"#2626 \" #2626\u2033 background_color_gradient_end_position=\"94% \" custom_margin=\"||||false|false \" custom_padding_tablet=\"30px||||false|false \" custom_padding_phone= \"30px||||false|false \" global_colors_info=\"{} \" theme_builder_area=\"post_content\"][et_pb_row custom_padding_last_edited=\"off|desktop \" _builder_version=\"4. 21.21.0\u2033 background_size=\"initial \" background_position=\"top_left \" background_repeat=\"repeat \" max_width=\"1100px \" custom_padding=\"150px||50px||false|false \" custom_padding_tablet=\"150px||||false|false \" global_colors_info=\"{} \" theme_builder_area=\"post_content \"][et_pb_column type=\"4_4\u2033 _builder_version=\"4.16\u2033 custom_padding=\"||| \" global_colors_info=\"{} \" custom_padding__hover=\"||| \" theme_builder_area=\"post_content \"][et_pb_text admin_label=\"Informativa sulla privacy\" _builder_version=\"4.21.0\u2033 text_font=\"Nunito|||||||| \" text_text_color=\"#ffffff \" header_font=\"|||||||| \" header_text_color=\"#F3B51D \" header_2_font=\"Playfair Display|700||||||| \" header_2_text_align=\"center \" header_2_text_color=\"#2b2b2b \" header_2_font_size=\"42px \" header_2_line_height=\"1. 5em \" background_size=\"1.5em\".5em \" background_size=\"initial \" background_position=\"top_left \" background_repeat=\"repeat \" text_orientation=\"center \" module_alignment=\"center \" custom_margin=\"||10px| \" hover_enabled=\"0\u2033 locked=\"off \" global_colors_info=\"{} \" theme_builder_area=\"post_content \" sticky_enabled=\"0\u2033]<\/p>\n<h1 class=\"has-text-align-center wp-block-post-title\"><span style=\"color: #ffffff;\">Termini e condizioni<\/span><\/h1>\n<p>[\/et_pb_text][et_pb_divider color=\"#FFFFFF \" _builder_version=\"4.21.0\u2033 _module_preset=\"default \" width=\"50% \" module_alignment=\"center \" global_colors_info=\"{} \" theme_builder_area=\"post_content \"][\/et_pb_divider][et_pb_text _builder_version=\"4.21.0\u2033 _module_preset=\"default\" hover_enabled=\"0\u2033 global_colors_info=\"{} \" theme_builder_area=\"post_content\" sticky_enabled=\"0\u2033]<\/p>\n<h3 class=\"wp-block-heading\" style=\"text-align: justify;\"><span style=\"color: #ffffff;\">1. Introduzione<\/span><\/h3>\n<p style=\"text-align: justify;\"><span style=\"color: #ffffff;\">Benvenuti su empiregaming.eu! Accedendo a questo sito, l'utente accetta di rispettare ed essere vincolato dai seguenti termini e condizioni. Se non si accettano questi termini, si prega di non utilizzare il nostro sito.<\/span><\/p>\n<h3 class=\"wp-block-heading\" style=\"text-align: justify;\"><span style=\"color: #ffffff;\">2. Utilizzo del sito<\/span><\/h3>\n<p style=\"text-align: justify;\"><span style=\"color: #ffffff;\">L'uso del nostro sito \u00e8 soggetto alle leggi vigenti. Per utilizzare questo sito \u00e8 necessario avere almeno 13 anni. Utilizzando il nostro sito, l'utente garantisce di avere l'et\u00e0 richiesta.<\/span><\/p>\n<h3 class=\"wp-block-heading\" style=\"text-align: justify;\"><span style=\"color: #ffffff;\">3. Propriet\u00e0 intellettuale<\/span><\/h3>\n<p style=\"text-align: justify;\"><span style=\"color: #ffffff;\">Tutti i contenuti di anewway.eu, compresi, a titolo esemplificativo e non esaustivo, testi, grafici, loghi, immagini e software, sono di propriet\u00e0 di Optimum Way o dei suoi partner e sono protetti dalle leggi sulla propriet\u00e0 intellettuale. Non \u00e8 consentito riprodurre, distribuire o modificare tali contenuti senza previa autorizzazione.<\/span><\/p>\n<h3 class=\"wp-block-heading\" style=\"text-align: justify;\"><span style=\"color: #ffffff;\">4. Responsabilit\u00e0<\/span><\/h3>\n<p style=\"text-align: justify;\"><span style=\"color: #ffffff;\">Optimum Way non sar\u00e0 responsabile di alcun danno diretto, indiretto, incidentale o consequenziale derivante dall'utilizzo o dall'impossibilit\u00e0 di utilizzare il nostro sito. Optimum Way si riserva il diritto di modificare o sospendere qualsiasi contenuto o servizio offerto sul sito senza preavviso.<\/span><\/p>\n<h3 class=\"wp-block-heading\" style=\"text-align: justify;\"><span style=\"color: #ffffff;\">5. Collegamenti esterni<\/span><\/h3>\n<p style=\"text-align: justify;\"><span style=\"color: #ffffff;\">Il nostro sito pu\u00f2 contenere link ad altri siti web. Non controlliamo questi siti e non siamo responsabili del loro contenuto. L'inclusione di un link non implica l'approvazione di tali siti.<\/span><\/p>\n<h3 class=\"wp-block-heading\" style=\"text-align: justify;\"><span style=\"color: #ffffff;\">6. Protezione dei dati personali<\/span><\/h3>\n<p style=\"text-align: justify;\"><span style=\"color: #ffffff;\">Ci impegniamo a proteggere i vostri dati personali. Le informazioni fornite dall'utente durante l'utilizzo del nostro sito saranno trattate in conformit\u00e0 con la nostra politica sulla privacy. Utilizzando il nostro sito, acconsentite alla raccolta e all'utilizzo dei vostri dati come descritto nella presente informativa.<\/span><\/p>\n<h3 class=\"wp-block-heading\" style=\"text-align: justify;\"><span style=\"color: #ffffff;\">7. Modifiche ai termini e alle condizioni<\/span><\/h3>\n<p style=\"text-align: justify;\"><span style=\"color: #ffffff;\">Ci riserviamo il diritto di modificare questi termini e condizioni in qualsiasi momento. Le modifiche entreranno in vigore non appena saranno pubblicate sul nostro sito. \u00c8 responsabilit\u00e0 dell'utente controllare regolarmente questa pagina per verificare eventuali modifiche.<\/span><\/p>\n<h3 class=\"wp-block-heading\" style=\"text-align: justify;\"><span style=\"color: #ffffff;\">8. Legge applicabile<\/span><\/h3>\n<p style=\"text-align: justify;\"><span style=\"color: #ffffff;\">I presenti termini e condizioni sono disciplinati dalle leggi francesi. Qualsiasi controversia derivante dall'utilizzo del nostro sito sar\u00e0 soggetta alla giurisdizione esclusiva dei tribunali commerciali.<\/span><\/p>\n<h3 class=\"wp-block-heading\" style=\"text-align: justify;\"><span style=\"color: #ffffff;\">9. Contatto<\/span><\/h3>\n<p style=\"text-align: justify;\"><span style=\"color: #ffffff;\">In caso di domande su questi termini e condizioni, si prega di contattarci all'indirizzo support@empiregaming.eu.<\/span><\/p>\n<p>[\/et_pb_text][et_pb_divider color=\"#FFFFFF \" _builder_version=\"4.21.0\u2033 _module_preset=\"default \" width=\"50% \" module_alignment=\"center \" global_colors_info=\"{} \" theme_builder_area=\"post_content \"][\/et_pb_divider][et_pb_text _builder_version=\"4.21.0\u2033 _module_preset=\"default\" hover_enabled=\"0\u2033 global_colors_info=\"{} \" theme_builder_area=\"post_content\" sticky_enabled=\"0\u2033]<\/p>\n<p style=\"text-align: justify;\"><span style=\"color: #ffffff;\"><strong>Ultimo aggiornamento :\u00a0<\/strong>29 luglio 2025<\/span><\/p>\n<p>[\/et_pb_text][\/et_pb_column][\/et_pb_row][\/et_pb_section]<\/p>","protected":false},"excerpt":{"rendered":"<p>Termini e condizioni1. Introduzione Benvenuti su empiregaming.eu! Accedendo a questo sito, l'utente accetta di rispettare ed essere vincolato dai seguenti termini e condizioni. Se non si accettano questi termini, si prega di non utilizzare il nostro sito. 2. Uso del sito L'uso del nostro sito \u00e8 soggetto alle leggi vigenti. Dovete essere almeno [...]<\/p>","protected":false},"author":1,"featured_media":0,"parent":0,"menu_order":0,"comment_status":"closed","ping_status":"closed","template":"","meta":{"_et_pb_use_builder":"on","_et_pb_old_content":"","_et_gb_content_width":"","footnotes":""},"class_list":["post-77170","page","type-page","status-publish","hentry"],"_links":{"self":[{"href":"https:\/\/empiregaming.eu\/it\/wp-json\/wp\/v2\/pages\/77170","targetHints":{"allow":["GET"]}}],"collection":[{"href":"https:\/\/empiregaming.eu\/it\/wp-json\/wp\/v2\/pages"}],"about":[{"href":"https:\/\/empiregaming.eu\/it\/wp-json\/wp\/v2\/types\/page"}],"author":[{"embeddable":true,"href":"https:\/\/empiregaming.eu\/it\/wp-json\/wp\/v2\/users\/1"}],"replies":[{"embeddable":true,"href":"https:\/\/empiregaming.eu\/it\/wp-json\/wp\/v2\/comments?post=77170"}],"version-history":[{"count":3,"href":"https:\/\/empiregaming.eu\/it\/wp-json\/wp\/v2\/pages\/77170\/revisions"}],"predecessor-version":[{"id":77173,"href":"https:\/\/empiregaming.eu\/it\/wp-json\/wp\/v2\/pages\/77170\/revisions\/77173"}],"wp:attachment":[{"href":"https:\/\/empiregaming.eu\/it\/wp-json\/wp\/v2\/media?parent=77170"}],"curies":[{"name":"wp","href":"https:\/\/api.w.org\/{rel}","templated":true}]}}