{"id":77170,"date":"2025-07-29T11:05:35","date_gmt":"2025-07-29T11:05:35","guid":{"rendered":"https:\/\/empiregaming.eu\/?page_id=77170"},"modified":"2025-07-29T11:06:59","modified_gmt":"2025-07-29T11:06:59","slug":"conditions","status":"publish","type":"page","link":"https:\/\/empiregaming.eu\/es\/conditions\/","title":{"rendered":"CONDICIONES GENERALES"},"content":{"rendered":"<p>[et_pb_section fb_built=\"1\u2033 custom_padding_last_edited=\"off|desktop \" admin_label=\"Productos destacados \" _builder_version=\"4.21.0\u2033 background_color=\"#3a3a \" use_background_color_gradient=\"on \" background_color_gradient_direction=\"106deg \" background_color_gradient_stops=\"#000000 26%|#2626 94% \" background_color_gradient_start=\"#000000\u2033 background_color_gradient_start_position=\"26% \" background_color_gradient_end= \"#2626\u2033 background_color_gradient_end_position=\"94% \" custom_margin=\"||||false|false \" custom_padding_tablet=\"30px||||false|false \" custom_padding_phone= \" 30px||||false|false \" global_colors_info=\"{} \" theme_builder_area=\"post_content \"][et_pb_row custom_padding_last_edited=\"off|desktop \" _builder_version=\"4.21.0\u2033 background_size=\"initial \" background_position=\"top_left \" background_repeat=\"repeat \" max_width=\"1100px \" custom_padding=\"150px||50px||false|false \" custom_padding_tablet=\"150px||||false|false \" global_colors_info=\"{} \" theme_builder_area=\"post_content \"][et_pb_column type=\"4_4\u2033 _builder_version=\"4.16\u2033 custom_padding=\"||| \" global_colors_info=\"{} \" custom_padding__hover=\"||| \" theme_builder_area=\"post_content \"][et_pb_text admin_label=\"Pol\u00edtica de privacidad\" _builder_version=\"4.21.0\u2033 text_font=\"Nunito|||||||| \" text_text_color=\"#ffffff \" header_font=\"|||||||| \" header_text_color=\"#F3B51D \" header_2_font=\"Playfair Display|700||||||| \" header_2_text_align=\"center \" header_2_text_color=\"#2b2b2b \" header_2_font_size=\"42px \" header_2_line_height=\"1.5em \" background_size=\"initial \" background_position=\"top_left \" background_repeat=\"repeat \" text_orientation=\"center \" module_alignment=\"center \" custom_margin=\"||10px|\" hover_enabled=\"0\u2033 locked=\"off \" global_colors_info=\"{} \" theme_builder_area=\"post_content \" sticky_enabled=\"0\u2033]<\/p>\n<h1 class=\"has-text-align-center wp-block-post-title\"><span style=\"color: #ffffff;\">T\u00e9rminos y condiciones<\/span><\/h1>\n<p>[\/et_pb_text][et_pb_divider color=\"#FFFFFF \" _builder_version=\"4.21.0\u2033 _module_preset=\"default \" width=\"50% \" module_alignment=\"center \" global_colors_info=\"{} \" theme_builder_area=\"post_content \"][\/et_pb_divider][et_pb_text _builder_version=\"4.21.0\u2033 _module_preset=\"default \" sticker_enabled=\"0\u2033 global_colors_info=\"{} \" theme_builder_area=\"post_content \"].21.0\u2033 _module_preset=\"default \" hover_enabled=\"0\u2033 global_colors_info=\"{} \" theme_builder_area=\"post_content \" sticky_enabled=\"0\u2033]<\/p>\n<h3 class=\"wp-block-heading\" style=\"text-align: justify;\"><span style=\"color: #ffffff;\">1. Introducci\u00f3n<\/span><\/h3>\n<p style=\"text-align: justify;\"><span style=\"color: #ffffff;\">Bienvenido a empiregaming.eu Al acceder a este sitio, acepta cumplir y quedar vinculado por los siguientes t\u00e9rminos y condiciones. Si no est\u00e1 de acuerdo con estos t\u00e9rminos, por favor no utilice nuestro sitio.<\/span><\/p>\n<h3 class=\"wp-block-heading\" style=\"text-align: justify;\"><span style=\"color: #ffffff;\">2. Uso del sitio<\/span><\/h3>\n<p style=\"text-align: justify;\"><span style=\"color: #ffffff;\">El uso de nuestro sitio est\u00e1 sujeto a las leyes aplicables. Debe tener al menos 13 a\u00f1os para utilizar este sitio. Al utilizar nuestro sitio, usted garantiza que tiene la edad requerida.<\/span><\/p>\n<h3 class=\"wp-block-heading\" style=\"text-align: justify;\"><span style=\"color: #ffffff;\">3. 3. Propiedad intelectual<\/span><\/h3>\n<p style=\"text-align: justify;\"><span style=\"color: #ffffff;\">Todo el contenido de anewway.eu, incluyendo pero no limitado a texto, gr\u00e1ficos, logotipos, im\u00e1genes y software, es propiedad de Optimum Way o de sus socios y est\u00e1 protegido por las leyes de propiedad intelectual. Usted no puede reproducir, distribuir o modificar estos contenidos sin autorizaci\u00f3n previa.<\/span><\/p>\n<h3 class=\"wp-block-heading\" style=\"text-align: justify;\"><span style=\"color: #ffffff;\">4. Responsabilidad<\/span><\/h3>\n<p style=\"text-align: justify;\"><span style=\"color: #ffffff;\">Optimum Way no ser\u00e1 responsable de ning\u00fan da\u00f1o directo, indirecto, incidental o consecuente que surja del uso o incapacidad de usar nuestro sitio. Nos reservamos el derecho de modificar o suspender cualquier contenido o servicio ofrecido en el sitio sin previo aviso.<\/span><\/p>\n<h3 class=\"wp-block-heading\" style=\"text-align: justify;\"><span style=\"color: #ffffff;\">5. 5. Enlaces externos<\/span><\/h3>\n<p style=\"text-align: justify;\"><span style=\"color: #ffffff;\">Nuestro sitio puede contener enlaces a otros sitios web. No controlamos estos sitios y no somos responsables de su contenido. La inclusi\u00f3n de un enlace no implica que aprobemos esos sitios.<\/span><\/p>\n<h3 class=\"wp-block-heading\" style=\"text-align: justify;\"><span style=\"color: #ffffff;\">6. Protecci\u00f3n de datos personales<\/span><\/h3>\n<p style=\"text-align: justify;\"><span style=\"color: #ffffff;\">Nos comprometemos a proteger sus datos personales. La informaci\u00f3n que nos proporcione al utilizar nuestro sitio ser\u00e1 tratada de acuerdo con nuestra pol\u00edtica de privacidad. Al utilizar nuestro sitio, usted acepta la recogida y el uso de sus datos tal como se describe en esta pol\u00edtica.<\/span><\/p>\n<h3 class=\"wp-block-heading\" style=\"text-align: justify;\"><span style=\"color: #ffffff;\">7. Modificaciones de las condiciones<\/span><\/h3>\n<p style=\"text-align: justify;\"><span style=\"color: #ffffff;\">Nos reservamos el derecho a modificar estas condiciones en cualquier momento. Los cambios entrar\u00e1n en vigor en cuanto se publiquen en nuestra p\u00e1gina. Es su responsabilidad consultar esta p\u00e1gina con regularidad para comprobar si se han producido cambios.<\/span><\/p>\n<h3 class=\"wp-block-heading\" style=\"text-align: justify;\"><span style=\"color: #ffffff;\">8. 8. Derecho aplicable<\/span><\/h3>\n<p style=\"text-align: justify;\"><span style=\"color: #ffffff;\">Las presentes condiciones generales se rigen por la legislaci\u00f3n francesa. Cualquier litigio derivado de la utilizaci\u00f3n de nuestro sitio se someter\u00e1 a la jurisdicci\u00f3n exclusiva de los tribunales de comercio.<\/span><\/p>\n<h3 class=\"wp-block-heading\" style=\"text-align: justify;\"><span style=\"color: #ffffff;\">9. Contacto<\/span><\/h3>\n<p style=\"text-align: justify;\"><span style=\"color: #ffffff;\">Si tiene alguna pregunta sobre estas condiciones, p\u00f3ngase en contacto con nosotros en support@empiregaming.eu.<\/span><\/p>\n<p>[\/et_pb_text][et_pb_divider color=\"#FFFFFF \" _builder_version=\"4.21.0\u2033 _module_preset=\"default \" width=\"50% \" module_alignment=\"center \" global_colors_info=\"{} \" theme_builder_area=\"post_content \"][\/et_pb_divider][et_pb_text _builder_version=\"4.21.0\u2033 _module_preset=\"default \" sticker_enabled=\"0\u2033 global_colors_info=\"{} \" theme_builder_area=\"post_content \"].21.0\u2033 _module_preset=\"default \" hover_enabled=\"0\u2033 global_colors_info=\"{} \" theme_builder_area=\"post_content \" sticky_enabled=\"0\u2033]<\/p>\n<p style=\"text-align: justify;\"><span style=\"color: #ffffff;\"><strong>\u00daltima actualizaci\u00f3n :\u00a0<\/strong>29 de julio de 2025<\/span><\/p>\n<p>[\/et_pb_text][\/et_pb_column][\/et_pb_row][\/et_pb_section]<\/p>","protected":false},"excerpt":{"rendered":"<p>T\u00e9rminos y condiciones1. Introducci\u00f3n \u00a1Bienvenido a empiregaming.eu! Al acceder a este sitio, usted acepta cumplir y quedar vinculado por los siguientes t\u00e9rminos y condiciones. Si no est\u00e1 de acuerdo con estos t\u00e9rminos, por favor no utilice nuestro sitio. 2. Uso del sitio El uso de nuestro sitio est\u00e1 sujeto a las leyes aplicables. Debe tener al menos [...]<\/p>","protected":false},"author":1,"featured_media":0,"parent":0,"menu_order":0,"comment_status":"closed","ping_status":"closed","template":"","meta":{"_et_pb_use_builder":"on","_et_pb_old_content":"","_et_gb_content_width":"","footnotes":""},"class_list":["post-77170","page","type-page","status-publish","hentry"],"_links":{"self":[{"href":"https:\/\/empiregaming.eu\/es\/wp-json\/wp\/v2\/pages\/77170","targetHints":{"allow":["GET"]}}],"collection":[{"href":"https:\/\/empiregaming.eu\/es\/wp-json\/wp\/v2\/pages"}],"about":[{"href":"https:\/\/empiregaming.eu\/es\/wp-json\/wp\/v2\/types\/page"}],"author":[{"embeddable":true,"href":"https:\/\/empiregaming.eu\/es\/wp-json\/wp\/v2\/users\/1"}],"replies":[{"embeddable":true,"href":"https:\/\/empiregaming.eu\/es\/wp-json\/wp\/v2\/comments?post=77170"}],"version-history":[{"count":3,"href":"https:\/\/empiregaming.eu\/es\/wp-json\/wp\/v2\/pages\/77170\/revisions"}],"predecessor-version":[{"id":77173,"href":"https:\/\/empiregaming.eu\/es\/wp-json\/wp\/v2\/pages\/77170\/revisions\/77173"}],"wp:attachment":[{"href":"https:\/\/empiregaming.eu\/es\/wp-json\/wp\/v2\/media?parent=77170"}],"curies":[{"name":"wp","href":"https:\/\/api.w.org\/{rel}","templated":true}]}}