{"id":76089,"date":"2024-02-15T13:11:21","date_gmt":"2024-02-15T13:11:21","guid":{"rendered":"https:\/\/empiregaming.eu\/?page_id=76089"},"modified":"2024-10-24T15:03:54","modified_gmt":"2024-10-24T15:03:54","slug":"pcs3w","status":"publish","type":"page","link":"https:\/\/empiregaming.eu\/es\/pcs3w\/","title":{"rendered":"PCS3W"},"content":{"rendered":"<p>[et_pb_section fb_built=\"1\u2033 make_equal=\"on \" use_custom_gutter=\"on \" gutter_width=\"2\u2033 specialty=\"on \" bg_img_1=\"http:\/\/empiregaming.fr\/wordpress\/wp-content\/uploads\/2017\/12\/fashion-21.jpg \" _builder_version=\"4.21.0\u2033 background_color=\"#000000\u2033 use_background_color_gradient=\"on \" background_color_gradient_direction=\"262deg \" background_color_gradient_stops=\"#000000 0%|#1919 91% \" background_color_gradient_start= \"#000000\u2033 background_color_gradient_end=\"#1919\u2033 background_color_gradient_end_position=\"91% \" inner_width=\"88% \" inner_max_width=\"88% \" custom_css_main_element=\"margin-izquierdo \u00a10 !important; \" use_custom_width=\"on \" width_unit=\"off \" custom_width_percent=\"88% \" global_colors_info=\"{} \"][et_pb_column type=\"1_2\u2033 _builder_version=\"4.16\u2033 custom_padding=\"|| \" global_colors_info=\"{} \" custom_padding__hover=\"||| \"][et_pb_gallery gallery_ids=\"76123\u2033 gallery_captions=\",,\" fullwidth=\"on\" _builder_version=\"4.21.0\u2033 min_height=\"900px \" min_height_tablet=\"750px \" min_height_phone=\"425px \" min_height_last_edited=\"on|phone \" custom_margin=\"||150px||false|false \" auto=\"on \" hover_transition_duration=\"400ms \" pagination_font_size_tablet=\"51\u2033 pagination_line_height_tablet=\"2\u2033 global_colors_info=\"{}\"] [\/et_pb_gallery][\/et_pb_column][et_pb_column type=\"1_2\u2033 specialty_columns=\"2\u2033 _builder_version=\"4.16\u2033 custom_padding=\"||| \" global_colors_info=\"{} \" custom_padding__hover=\"|| \"][et_pb_row_inner _builder_version=\"4.16\u2033 animation_direction=\"bottom \" hover_transition_duration=\"0ms \" global_colors_info=\"{} \"][et_pb_column_inner saved_specialty_column_type=\"1_2\u2033 _builder_version=\"4.16\u2033 custom_padding=\"|| \" global_colors_info=\"{} \" custom_padding__hover=\"||| \"][et_pb_text admin_label=\"NOMBRE DEL PRODUCTO\" _builder_version=\"4.21.0\u2033 text_font=\"Nunito|||||||| \" text_color=\"#FFFFFF \" text_font_size=\"60px \" text_line_height=\"1.8em \" header_font=\"Nunito|600||||||| \" header_text_align=\"center \" header_text_color=\"#FFFFFF \" header_font_size=\"48px \" text_font_size_tablet=\"50px \" text_font_size_phone=\"35px \" text_font_size_last_edited=\"on|phone \" inline_fonts=\"Enixe \" global_colors_info=\"{}\"]<\/p>\n<h1 style=\"text-align: center;\">PCS3W<\/h1>\n<p>[\/et_pb_text][et_pb_divider color=\u00a0\u00bbgcid-0b9f4d55-ae89-4039-8ff7-ac46ed6fa7c8&Prime; divider_weight=\u00a0\u00bb3px\u00a0\u00bb disabled_on=\u00a0\u00bboff|off|off\u00a0\u00bb _builder_version=\u00a0\u00bb4.16&Prime; max_width=\u00a0\u00bb500px\u00a0\u00bb module_alignment=\u00a0\u00bbcenter\u00a0\u00bb height=\u00a0\u00bb10px\u00a0\u00bb custom_padding=\u00a0\u00bb||50px||false|false\u00a0\u00bb animation_direction=\u00a0\u00bbbottom\u00a0\u00bb saved_tabs=\u00a0\u00bball\u00a0\u00bb locked=\u00a0\u00bboff\u00a0\u00bb global_colors_info=\u00a0\u00bb{%22gcid-79f48224-e059-4a1e-9847-119d5e39d024%22:%91%93,%22gcid-0b9f4d55-ae89-4039-8ff7-ac46ed6fa7c8%22:%91%22color%22%93}\u00a0\u00bb]<\/p>\n<p style=\"text-align: center;\">[\/et_pb_divider][et_pb_text admin_label=\"DESCRIPCI\u00d3N \" _builder_version=\"4.21.0\u2033 text_font=\"Nunito|||||||| \" text_text_color=\"#ffffff \" text_font_size=\"16px \" text_line_height=\"1.9em \" module_alignment=\"center \" hover_enabled=\"0\u2033 text_font_size_tablet=\"14px \" text_font_size_phone=\"12px \" text_font_size_last_edited=\"on|phone \" locked=\"off \" inline_fonts=\"Nunito \" global_colors_info=\"{} \" sticky_enabled=\"0\u2033]<\/p>\n<ul>\n<li class=\"a-spacing-mini\" style=\"text-align: justify;\"><span class=\"a-list-item\"> LISTO PARA USAR EN UN INSTANTE: Solo tienes que conectar el cable USB a tu PC, Switch o PS3, y el mando se reconocer\u00e1 autom\u00e1ticamente. Disfruta de una configuraci\u00f3n instant\u00e1nea y sum\u00e9rgete directamente en una experiencia de juego sin complicaciones.<\/span><\/li>\n<li class=\"a-spacing-mini\" style=\"text-align: justify;\"><span class=\"a-list-item\"> COMPATIBILIDAD EXTENDIDA: El mando ofrece una versatilidad excepcional con los modos de entrada D y X, garantizando una compatibilidad extendida con una gran variedad de dispositivos y juegos. Cambia f\u00e1cilmente de plataforma y disfruta de la m\u00e1xima flexibilidad en tu experiencia de juego.<\/span><\/li>\n<li class=\"a-spacing-mini\" style=\"text-align: justify;\"><span class=\"a-list-item\"> CONTROLES COMPLETOS: Explore el control total con los 19 botones de este mando, que ofrece una amplia gama de opciones para personalizar su experiencia de juego. Controles vers\u00e1tiles para afrontar cualquier reto virtual con precisi\u00f3n y facilidad.<\/span><\/li>\n<li class=\"a-spacing-mini\" style=\"text-align: justify;\"><span class=\"a-list-item\"> POTENCIA DE JUEGO PERSONALIZADA: Maximiza tu potencial con los modos macro y turbo de este mando. Programa acciones complejas con macros y activa el modo turbo para una mayor capacidad de respuesta.<\/span><\/li>\n<li class=\"a-spacing-mini translation-block\" style=\"text-align: justify;\">INMERSIVO Y VIBRANTE : Consigue un mando con dos motores de vibraci\u00f3n para una experiencia de juego inmersiva y din\u00e1mica<\/li>\n<li class=\"a-spacing-mini\" style=\"text-align: justify;\"><span class=\"a-list-item\"> ILUMINACI\u00d3N AMBIENTE: el mando cuenta con retroiluminaci\u00f3n LED amarilla en los colores de Empire Gaming, lo que crea una atm\u00f3sfera luminosa distintiva para disfrutar de una experiencia de juego envolvente.<\/span><\/li>\n<li class=\"a-spacing-mini\" style=\"text-align: justify;\"><span class=\"a-list-item\"> COMODIDAD \u00d3PTIMA: Disfruta de una comodidad excepcional durante tus sesiones de juego gracias al dise\u00f1o ergon\u00f3mico del mando. Las empu\u00f1aduras antideslizantes proporcionan un agarre seguro, garantizando un control total y una experiencia de juego ininterrumpida.<\/span><\/li>\n<\/ul>\n<p>[\/et_pb_text][et_pb_divider color=\u00a0\u00bbgcid-0b9f4d55-ae89-4039-8ff7-ac46ed6fa7c8&Prime; divider_weight=\u00a0\u00bb3px\u00a0\u00bb disabled_on=\u00a0\u00bboff|off|off\u00a0\u00bb _builder_version=\u00a0\u00bb4.16&Prime; max_width=\u00a0\u00bb500px\u00a0\u00bb module_alignment=\u00a0\u00bbcenter\u00a0\u00bb height=\u00a0\u00bb10px\u00a0\u00bb custom_padding=\u00a0\u00bb50px||||false|false\u00a0\u00bb animation_direction=\u00a0\u00bbbottom\u00a0\u00bb saved_tabs=\u00a0\u00bball\u00a0\u00bb locked=\u00a0\u00bboff\u00a0\u00bb global_colors_info=\u00a0\u00bb{%22gcid-79f48224-e059-4a1e-9847-119d5e39d024%22:%91%93,%22gcid-0b9f4d55-ae89-4039-8ff7-ac46ed6fa7c8%22:%91%22color%22%93}\u00a0\u00bb]<\/p>\n<p style=\"text-align: center;\">[\/et_pb_divider][\/et_pb_column_inner][\/et_pb_row_inner][et_pb_row_inner _builder_version=\u00a0\u00bb4.17.3&Prime; _module_preset=\u00a0\u00bbdefault\u00a0\u00bb custom_padding=\u00a0\u00bb30px||||false|false\u00a0\u00bb saved_tabs=\u00a0\u00bball\u00a0\u00bb global_colors_info=\u00a0\u00bb{}\u00a0\u00bb][et_pb_column_inner saved_specialty_column_type=\u00a0\u00bb1_2&Prime; _builder_version=\u00a0\u00bb4.16&Prime; _module_preset=\u00a0\u00bbdefault\u00a0\u00bb global_colors_info=\u00a0\u00bb{}\u00a0\u00bb][et_pb_button button_url=\u00a0\u00bbhttps:\/\/amzn.to\/3zxpHCp\u00a0\u00bb url_new_window=\u00a0\u00bbon\u00a0\u00bb button_text=\u00a0\u00bbACHETEZ\u00a0\u00bb button_alignment=\u00a0\u00bbcenter\u00a0\u00bb disabled_on=\u00a0\u00bboff|off|off\u00a0\u00bb admin_label=\u00a0\u00bbBouton ACHETEZ\u00a0\u00bb _builder_version=\u00a0\u00bb4.21.0&Prime; _module_preset=\u00a0\u00bbdefault\u00a0\u00bb custom_button=\u00a0\u00bbon\u00a0\u00bb button_text_size=\u00a0\u00bb18px\u00a0\u00bb button_text_color=\u00a0\u00bbgcid-0b9f4d55-ae89-4039-8ff7-ac46ed6fa7c8&Prime; button_border_width=\u00a0\u00bb1px\u00a0\u00bb button_border_color=\u00a0\u00bbgcid-0b9f4d55-ae89-4039-8ff7-ac46ed6fa7c8&Prime; button_border_radius=\u00a0\u00bb5px\u00a0\u00bb button_letter_spacing=\u00a0\u00bb5px\u00a0\u00bb button_font=\u00a0\u00bb|600|||||||\u00a0\u00bb button_use_icon=\u00a0\u00bboff\u00a0\u00bb custom_margin=\u00a0\u00bb||-75px||false|false\u00a0\u00bb global_colors_info=\u00a0\u00bb{%22gcid-0b9f4d55-ae89-4039-8ff7-ac46ed6fa7c8%22:%91%22button_text_color%22,%22button_border_color%22,%22button_bg_color__hover%22%93}\u00a0\u00bb button_text_color__hover_enabled=\u00a0\u00bbon|hover\u00a0\u00bb button_bg_color__hover_enabled=\u00a0\u00bbon|hover\u00a0\u00bb button_text_color__hover=\u00a0\u00bb#000000&Prime; button_bg_color__hover=\u00a0\u00bb#f3b51d\u00a0\u00bb button_bg_enable_color__hover=\u00a0\u00bbon\u00a0\u00bb button_border_color__hover_enabled=\u00a0\u00bbon|hover\u00a0\u00bb button_text_size__hover_enabled=\u00a0\u00bbon|hover\u00a0\u00bb button_border_width__hover_enabled=\u00a0\u00bbon|hover\u00a0\u00bb button_border_radius__hover_enabled=\u00a0\u00bbon|hover\u00a0\u00bb button_letter_spacing__hover_enabled=\u00a0\u00bbon|hover\u00a0\u00bb button_border_color__hover=\u00a0\u00bb#f3b51d\u00a0\u00bb button_text_size__hover=\u00a0\u00bb18px\u00a0\u00bb button_border_width__hover=\u00a0\u00bb1px\u00a0\u00bb button_border_radius__hover=\u00a0\u00bb5px\u00a0\u00bb button_letter_spacing__hover=\u00a0\u00bb5px\u00a0\u00bb][\/et_pb_button][\/et_pb_column_inner][\/et_pb_row_inner][et_pb_row_inner _builder_version=\u00a0\u00bb4.17.3&Prime; _module_preset=\u00a0\u00bbdefault\u00a0\u00bb custom_padding=\u00a0\u00bb30px||||false|false\u00a0\u00bb global_module=\u00a0\u00bb64861&Prime; saved_tabs=\u00a0\u00bball\u00a0\u00bb global_colors_info=\u00a0\u00bb{}\u00a0\u00bb][et_pb_column_inner _builder_version=\u00a0\u00bb4.16&Prime; _module_preset=\u00a0\u00bbdefault\u00a0\u00bb global_colors_info=\u00a0\u00bb{}\u00a0\u00bb][et_pb_button button_url=\u00a0\u00bbhttps:\/\/empiregaming.eu\/telechargements\u00a0\u00bb button_text=\u00a0\u00bbSUPPORT\u00a0\u00bb button_alignment=\u00a0\u00bbcenter\u00a0\u00bb admin_label=\u00a0\u00bbBouton SUPPORT\u00a0\u00bb _builder_version=\u00a0\u00bb4.21.0&Prime; _module_preset=\u00a0\u00bbdefault\u00a0\u00bb custom_button=\u00a0\u00bbon\u00a0\u00bb button_text_size=\u00a0\u00bb18px\u00a0\u00bb button_text_color=\u00a0\u00bbgcid-0b9f4d55-ae89-4039-8ff7-ac46ed6fa7c8&Prime; button_border_width=\u00a0\u00bb1px\u00a0\u00bb button_border_color=\u00a0\u00bbgcid-0b9f4d55-ae89-4039-8ff7-ac46ed6fa7c8&Prime; button_border_radius=\u00a0\u00bb5px\u00a0\u00bb button_letter_spacing=\u00a0\u00bb5px\u00a0\u00bb button_font=\u00a0\u00bb|600|||||||\u00a0\u00bb button_use_icon=\u00a0\u00bboff\u00a0\u00bb global_colors_info=\u00a0\u00bb{%22gcid-0b9f4d55-ae89-4039-8ff7-ac46ed6fa7c8%22:%91%22button_text_color%22,%22button_border_color%22,%22button_bg_color__hover%22%93}\u00a0\u00bb button_text_color__hover_enabled=\u00a0\u00bbon|hover\u00a0\u00bb button_bg_color__hover_enabled=\u00a0\u00bbon|hover\u00a0\u00bb button_text_color__hover=\u00a0\u00bb#000000&Prime; button_bg_color__hover=\u00a0\u00bb#f3b51d\u00a0\u00bb button_bg_enable_color__hover=\u00a0\u00bbon\u00a0\u00bb button_border_color__hover_enabled=\u00a0\u00bbon|hover\u00a0\u00bb button_text_size__hover_enabled=\u00a0\u00bbon|hover\u00a0\u00bb button_border_width__hover_enabled=\u00a0\u00bbon|hover\u00a0\u00bb button_border_radius__hover_enabled=\u00a0\u00bbon|hover\u00a0\u00bb button_letter_spacing__hover_enabled=\u00a0\u00bbon|hover\u00a0\u00bb button_border_color__hover=\u00a0\u00bb#f3b51d\u00a0\u00bb button_text_size__hover=\u00a0\u00bb18px\u00a0\u00bb button_border_width__hover=\u00a0\u00bb1px\u00a0\u00bb button_border_radius__hover=\u00a0\u00bb5px\u00a0\u00bb button_letter_spacing__hover=\u00a0\u00bb5px\u00a0\u00bb][\/et_pb_button][\/et_pb_column_inner][\/et_pb_row_inner][\/et_pb_column][\/et_pb_section]<\/p>","protected":false},"excerpt":{"rendered":"<p>\u00a0PCS3W LISTO PARA USAR EN UN INSTANTE: Simplemente conecta el cable USB a tu PC, Switch o PS3, y el mando se reconocer\u00e1 autom\u00e1ticamente. Disfruta de una configuraci\u00f3n instant\u00e1nea y sum\u00e9rgete directamente en tu experiencia de juego sin complicaciones. COMPATIBILIDAD EXTENDIDA: El mando ofrece una versatilidad excepcional con los modos de entrada D y X, [...].<\/p>","protected":false},"author":1,"featured_media":0,"parent":0,"menu_order":0,"comment_status":"closed","ping_status":"closed","template":"","meta":{"_et_pb_use_builder":"on","_et_pb_old_content":"","_et_gb_content_width":"","footnotes":""},"class_list":["post-76089","page","type-page","status-publish","hentry"],"_links":{"self":[{"href":"https:\/\/empiregaming.eu\/es\/wp-json\/wp\/v2\/pages\/76089","targetHints":{"allow":["GET"]}}],"collection":[{"href":"https:\/\/empiregaming.eu\/es\/wp-json\/wp\/v2\/pages"}],"about":[{"href":"https:\/\/empiregaming.eu\/es\/wp-json\/wp\/v2\/types\/page"}],"author":[{"embeddable":true,"href":"https:\/\/empiregaming.eu\/es\/wp-json\/wp\/v2\/users\/1"}],"replies":[{"embeddable":true,"href":"https:\/\/empiregaming.eu\/es\/wp-json\/wp\/v2\/comments?post=76089"}],"version-history":[{"count":14,"href":"https:\/\/empiregaming.eu\/es\/wp-json\/wp\/v2\/pages\/76089\/revisions"}],"predecessor-version":[{"id":76930,"href":"https:\/\/empiregaming.eu\/es\/wp-json\/wp\/v2\/pages\/76089\/revisions\/76930"}],"wp:attachment":[{"href":"https:\/\/empiregaming.eu\/es\/wp-json\/wp\/v2\/media?parent=76089"}],"curies":[{"name":"wp","href":"https:\/\/api.w.org\/{rel}","templated":true}]}}