{"id":59189,"date":"2021-07-02T16:21:28","date_gmt":"2021-07-02T16:21:28","guid":{"rendered":"http:\/\/empiregaming.eu\/?page_id=59189"},"modified":"2023-04-18T12:34:34","modified_gmt":"2023-04-18T12:34:34","slug":"sourishellhounds","status":"publish","type":"page","link":"https:\/\/empiregaming.eu\/es\/sourishellhounds\/","title":{"rendered":"RAT\u00d3N DE LOS SABUESOS"},"content":{"rendered":"<p>[et_pb_section fb_built=\"1\u2033 fullwidth=\"on \" disabled_on=\"on|on|off \" _builder_version=\"4.16\u2033 _module_preset=\"default \" global_colors_info=\"{}\"][et_pb_fullwidth_image src= \"http:\/\/empiregaming.eu\/wordpress\/wp-content\/uploads\/2021\/08\/banniere-site-eg.png \" title_text=\"banniere-site-eg \" _builder_version=\"4.16\u2033 _module_preset=\"default \" background_color=\"#000000\u2033 background_enable_image=\"off \" global_colors_info=\"{} \"][\/et_pb_fullwidth_image][\/et_pb_section][et_pb_section fb_built=\"1\u2033 make_equal=\"on\" use_custom_gutter=\"on\" gutter_width=\"2\u2033 specialty=\"on\" bg_img_1=\"http:\/\/empiregaming.es\/wordpress\/wp-content\/uploads\/2017\/12\/fashion-21.jpg\" _builder_version=\"4.16\u2033 background_color=\"#000000\u2033 use_background_color_gradient=\"on \" background_color_gradient_direction=\"262deg \" background_color_gradient_stops=\"#000000 0%|#1919 91% \" background_color_gradient_start= \"#000000\u2033 background_color_gradient_end=\"#1919\u2033 background_color_gradient_end_position=\"91% \" inner_width=\"88% \" inner_max_width=\"88% \" custom_css_main_element=\"margin-a la izquierda: \u00a10 !important; \" use_custom_width=\"on\" width_unit=\"off\" custom_width_percent=\"88%\" global_colors_info=\"{}\"][et_pb_column type=\"1_2\u2033 _builder_version=\"4.16\u2033 custom_padding=\"|| \" global_colors_info=\"{} \" custom_padding__hover=\"|| \"][et_p_gallery gallery_ids=\"59201,59202,53071,59196,59194,59192,59199,53049\u2033 gallery_captions=\",, \" fullwidth=\"on\" _builder_version=\"4.16\u2033 min_height=\"900px \" min_height_tablet=\"750px \" min_height_phone=\"425px \" min_height_last_edited=\"on|phone \" custom_margin=\"||150px||false|false \" hover_transition_duration=\"400ms \" pagination_font_size_tablet=\"51\u2033 pagination_line_height_tablet=\"2\u2033 global_colors_info=\"{}\"] [\/et_pb_gallery][\/et_pb_column][et_pb_column type=\"1_2\u2033 specialty_columns=\"2\u2033 _builder_version=\"4.16\u2033 custom_padding=\"|| \" global_colors_info=\"{} \" custom_padding__hover=\"|| \"][et_pb_row_inner _builder_version=\"4.16\u2033 animation_direction=\"bottom \" hover_transition_duration=\"0ms \" global_colors_info=\"{} \"][et_p_column_inner saved_specialty_column_type=\"1_2\u2033 _builder_version=\"4.16\u2033 custom_padding=\"|| \" global_colors_info=\"{} \" custom_padding__hover=\"|| \"][et_p_text admin_label=\"NOMBRE DEL PRODUCTO\" _builder_version=\"4.16\u2033 text_font=\"ASTERA|||||||| \" text_text_color=\"#ffffff \" text_font_size=\"60px \" text_line_height=\"1.8em \" header_font= \"Poppins|600||||||| \" header_text_align=\"center \" header_font_size=\"48px \" text_font_size_tablet=\"50px \" text_font_size_phone=\"35px \" text_font_size_last_edited=\"on|phone \" inline_fonts=\"Enixe \" global_colors_info=\"{}\"]<\/p>\n<p style=\"text-align: center;\"><span style=\"font-family: Enixe;\">HELLHOUNDS<\/span><\/p>\n<p>[\/et_pb_text][et_pb_divider color=\u00a0\u00bbgcid-0b9f4d55-ae89-4039-8ff7-ac46ed6fa7c8&Prime; divider_weight=\u00a0\u00bb3px\u00a0\u00bb disabled_on=\u00a0\u00bboff|off|off\u00a0\u00bb _builder_version=\u00a0\u00bb4.16&Prime; max_width=\u00a0\u00bb500px\u00a0\u00bb module_alignment=\u00a0\u00bbcenter\u00a0\u00bb height=\u00a0\u00bb10px\u00a0\u00bb custom_padding=\u00a0\u00bb||50px||false|false\u00a0\u00bb animation_direction=\u00a0\u00bbbottom\u00a0\u00bb saved_tabs=\u00a0\u00bball\u00a0\u00bb locked=\u00a0\u00bboff\u00a0\u00bb global_colors_info=\u00a0\u00bb{%22gcid-79f48224-e059-4a1e-9847-119d5e39d024%22:%91%93,%22gcid-0b9f4d55-ae89-4039-8ff7-ac46ed6fa7c8%22:%91%22color%22%93}\u00a0\u00bb]<\/p>\n<p style=\"text-align: center;\">[\/et_pb_divider][et_pb_text admin_label=\"DESCRIPCI\u00d3N \" _builder_version=\"4.17.3\u2033 text_font=\"Nunito|||||||| \" text_text_color=\"#ffff\" text_font_size=\"16px \" text_line_height=\"1.9em \" module_alignment=\"center \" hover_enabled=\"0\u2033 text_font_size_tablet=\"14px \" text_font_size_phone=\"12px \" text_font_size_last_edited=\"on|phone \" locked=\"off \" inline_fonts=\"Nunito \" global_colors_info=\"{} \" sticky_enabled=\"0\u2033]<\/p>\n<p style=\"text-align: center;\"><strong>- 100% RAT\u00d3N PARA JUEGOS :<\/strong> Un bot\u00f3n Rapid'Fire y un bot\u00f3n especial de DPI le permiten ajustar la sensibilidad del sensor \u00f3ptico: 800, 1200, 2000, 3000, 7200 DPI como m\u00e1ximo para ofrecerle la m\u00e1xima precisi\u00f3n<\/p>\n<p style=\"text-align: center;\"><strong>- AGARRE C\u00d3MODO :<\/strong> Dise\u00f1ado para la comodidad con un soporte para el pulgar para sus sesiones de juego m\u00e1s largas<\/p>\n<p style=\"text-align: center;\"><strong>\u2022 RETROILUMINACI\u00d3N RGB :<\/strong> Su efecto \"BREATHING\" alterna los colores uno tras otro para un resultado din\u00e1mico y vivo<\/p>\n<p style=\"text-align: center;\"><strong>- PESO AJUSTABLE :<\/strong> Ajuste el peso de su rat\u00f3n seg\u00fan sus necesidades con los 6 peque\u00f1os contrapesos<\/p>\n<p style=\"text-align: center;\"><strong>\u2022 COMPATIBILIDAD :<\/strong> Plug-and-Play, \u00a1s\u00f3lo tiene que enchufar y jugar! Compatible desde Windows XP hasta Windows 10<\/p>\n<p>[\/et_pb_text][et_pb_divider color=\u00a0\u00bbgcid-0b9f4d55-ae89-4039-8ff7-ac46ed6fa7c8&Prime; divider_weight=\u00a0\u00bb3px\u00a0\u00bb disabled_on=\u00a0\u00bboff|off|off\u00a0\u00bb _builder_version=\u00a0\u00bb4.16&Prime; max_width=\u00a0\u00bb500px\u00a0\u00bb module_alignment=\u00a0\u00bbcenter\u00a0\u00bb height=\u00a0\u00bb10px\u00a0\u00bb custom_padding=\u00a0\u00bb50px||||false|false\u00a0\u00bb animation_direction=\u00a0\u00bbbottom\u00a0\u00bb saved_tabs=\u00a0\u00bball\u00a0\u00bb locked=\u00a0\u00bboff\u00a0\u00bb global_colors_info=\u00a0\u00bb{%22gcid-79f48224-e059-4a1e-9847-119d5e39d024%22:%91%93,%22gcid-0b9f4d55-ae89-4039-8ff7-ac46ed6fa7c8%22:%91%22color%22%93}\u00a0\u00bb]<\/p>\n<p style=\"text-align: center;\">[\/et_pb_divider][\/et_pb_column_inner][\/et_pb_row_inner][et_pb_row_inner _builder_version=\"4.16\u2033 _module_preset=\"default \" custom_padding=\"30px||||false|false \" global_colors_info=\"{}\"][et_p_column_inner saved_specialty_column_type=\"1_2\u2033 _builder_version=\"4.16\u2033 _module_preset=\"default \" global_colors_info=\"{} \"][et_pb_text _builder_version=\"4.16\u2033 _module_preset=\"default \" text_font=\"Nunito|600||||||| \" global_colors_info=\"{} \"]<\/p>\n<p style=\"text-align: center;\">Comprar en :<\/p>\n<p>[\/et_pb_text][et_pb_button button_url=\u00a0\u00bbhttps:\/\/www.amazon.fr\/EMPIRE-GAMING-programmables-R%C3%A9tro-%C3%A9clairage-Ergonomique\/dp\/B07N7F5YQW\/ref=sr_1_1?__mk_fr_FR=%C3%85M%C3%85%C5%BD%C3%95%C3%91&#038;dchild=1&#038;keywords=HELLHOUNDS&#038;qid=1625235534&#038;sr=8-1&Prime; url_new_window=\u00a0\u00bbon\u00a0\u00bb button_text=\u00a0\u00bbAmazon\u00a0\u00bb button_alignment=\u00a0\u00bbcenter\u00a0\u00bb admin_label=\u00a0\u00bbBouton Amazon\u00a0\u00bb _builder_version=\u00a0\u00bb4.16&Prime; _module_preset=\u00a0\u00bbdefault\u00a0\u00bb custom_button=\u00a0\u00bbon\u00a0\u00bb button_text_size=\u00a0\u00bb18px\u00a0\u00bb button_text_color=\u00a0\u00bbRGBA(0,0,0,0)\u00a0\u00bb button_bg_color=\u00a0\u00bbgcid-17e370c0-e846-4438-8750-84f0b67ea171&Prime; button_bg_image=\u00a0\u00bbhttp:\/\/empiregaming.eu\/wordpress\/wp-content\/uploads\/2021\/06\/BOUTON-AMAZON_BOUTON-HOVER.png\u00a0\u00bb button_bg_size=\u00a0\u00bbcontain\u00a0\u00bb button_border_width=\u00a0\u00bb1px\u00a0\u00bb button_border_color=\u00a0\u00bbRGBA(0,0,0,0)\u00a0\u00bb button_border_radius=\u00a0\u00bb8px\u00a0\u00bb button_letter_spacing=\u00a0\u00bb0px\u00a0\u00bb button_font=\u00a0\u00bbcentury gothic||||||||\u00a0\u00bb button_use_icon=\u00a0\u00bboff\u00a0\u00bb background_layout=\u00a0\u00bbdark\u00a0\u00bb global_colors_info=\u00a0\u00bb{%22gcid-0b9f4d55-ae89-4039-8ff7-ac46ed6fa7c8%22:%91%93,%22gcid-17e370c0-e846-4438-8750-84f0b67ea171%22:%91%22button_bg_color%22,%22button_border_color__hover%22%93}\u00a0\u00bb button_text_color__hover_enabled=\u00a0\u00bbon|hover\u00a0\u00bb button_bg_color__hover_enabled=\u00a0\u00bbon|hover\u00a0\u00bb button_border_width__hover_enabled=\u00a0\u00bbon|hover\u00a0\u00bb button_border_radius__hover_enabled=\u00a0\u00bbon|desktop\u00a0\u00bb button_border_radius__hover=\u00a0\u00bb8px\u00a0\u00bb button_letter_spacing__hover_enabled=\u00a0\u00bboff|desktop\u00a0\u00bb button_text_color__hover=\u00a0\u00bbRGBA(0,0,0,0)\u00a0\u00bb button_bg_color__hover=\u00a0\u00bb#000000&Prime; button_bg_enable_color__hover=\u00a0\u00bbon\u00a0\u00bb button_icon_color__hover_enabled=\u00a0\u00bbon|hover\u00a0\u00bb button_icon_color__hover=\u00a0\u00bb#000000&Prime; button_text_size__hover_enabled=\u00a0\u00bbon|desktop\u00a0\u00bb button_text_size__hover=\u00a0\u00bb18px\u00a0\u00bb button_border_color__hover_enabled=\u00a0\u00bbon|hover\u00a0\u00bb button_border_color__hover=\u00a0\u00bb#fd9900&Prime; button_border_width__hover=\u00a0\u00bb1px\u00a0\u00bb button_letter_spacing__hover=\u00a0\u00bb0px\u00a0\u00bb button_bg_image__hover=\u00a0\u00bbhttp:\/\/empiregaming.eu\/wordpress\/wp-content\/uploads\/2021\/06\/BOUTON-AMAZON_BOUTON-HOME-test.png\u00a0\u00bb button_bg_enable_image__hover=\u00a0\u00bbon\u00a0\u00bb][\/et_pb_button][et_pb_button button_url=\u00a0\u00bbhttps:\/\/www.cdiscount.com\/informatique\/clavier-souris-webcam\/souris-gamer-filaire-hellhounds-7200-dpi-7-bou\/f-1070214-auc3701281101109.html?idOffre=339395146&Prime; url_new_window=\u00a0\u00bbon\u00a0\u00bb button_text=\u00a0\u00bbAmazon\u00a0\u00bb button_alignment=\u00a0\u00bbcenter\u00a0\u00bb admin_label=\u00a0\u00bbBouton Cdiscount\u00a0\u00bb _builder_version=\u00a0\u00bb4.16&Prime; _module_preset=\u00a0\u00bbdefault\u00a0\u00bb custom_button=\u00a0\u00bbon\u00a0\u00bb button_text_size=\u00a0\u00bb18px\u00a0\u00bb button_text_color=\u00a0\u00bbRGBA(0,0,0,0)\u00a0\u00bb button_bg_color=\u00a0\u00bb#293947&Prime; button_bg_image=\u00a0\u00bbhttp:\/\/empiregaming.eu\/wordpress\/wp-content\/uploads\/2021\/06\/BOUTON-cdiscount_BOUTON-HOVER.png\u00a0\u00bb button_bg_size=\u00a0\u00bbcontain\u00a0\u00bb button_border_width=\u00a0\u00bb1px\u00a0\u00bb button_border_color=\u00a0\u00bbRGBA(0,0,0,0)\u00a0\u00bb button_border_radius=\u00a0\u00bb8px\u00a0\u00bb button_letter_spacing=\u00a0\u00bb0px\u00a0\u00bb button_font=\u00a0\u00bbcentury gothic||||||||\u00a0\u00bb button_use_icon=\u00a0\u00bboff\u00a0\u00bb background_layout=\u00a0\u00bbdark\u00a0\u00bb global_colors_info=\u00a0\u00bb{%22gcid-0b9f4d55-ae89-4039-8ff7-ac46ed6fa7c8%22:%91%93,%22gcid-402098d8-8403-4528-b77c-cc9c27b0e592%22:%91%93}\u00a0\u00bb button_text_color__hover_enabled=\u00a0\u00bbon|hover\u00a0\u00bb button_bg_color__hover_enabled=\u00a0\u00bbon|hover\u00a0\u00bb button_border_width__hover_enabled=\u00a0\u00bbon|hover\u00a0\u00bb button_border_radius__hover_enabled=\u00a0\u00bbon|desktop\u00a0\u00bb button_border_radius__hover=\u00a0\u00bb8px\u00a0\u00bb button_letter_spacing__hover_enabled=\u00a0\u00bboff|desktop\u00a0\u00bb button_text_color__hover=\u00a0\u00bbRGBA(0,0,0,0)\u00a0\u00bb button_bg_color__hover=\u00a0\u00bb#FFFFFF\u00a0\u00bb button_bg_enable_color__hover=\u00a0\u00bbon\u00a0\u00bb button_icon_color__hover_enabled=\u00a0\u00bbon|hover\u00a0\u00bb button_icon_color__hover=\u00a0\u00bb#000000&Prime; button_text_size__hover_enabled=\u00a0\u00bbon|desktop\u00a0\u00bb button_text_size__hover=\u00a0\u00bb18px\u00a0\u00bb button_border_color__hover_enabled=\u00a0\u00bbon|hover\u00a0\u00bb button_border_color__hover=\u00a0\u00bbrgba(0,0,0,0)\u00a0\u00bb button_border_width__hover=\u00a0\u00bb1px\u00a0\u00bb button_letter_spacing__hover=\u00a0\u00bb0px\u00a0\u00bb button_bg_image__hover=\u00a0\u00bbhttp:\/\/empiregaming.eu\/wordpress\/wp-content\/uploads\/2021\/06\/BOUTON-cdiscount_BOUTON-HOME-copie.png\u00a0\u00bb button_bg_enable_image__hover=\u00a0\u00bbon\u00a0\u00bb][\/et_pb_button][\/et_pb_column_inner][\/et_pb_row_inner][\/et_pb_column][\/et_pb_section][et_pb_section fb_built=\u00a0\u00bb1&Prime; fullwidth=\u00a0\u00bbon\u00a0\u00bb disabled_on=\u00a0\u00bbon|on|off\u00a0\u00bb _builder_version=\u00a0\u00bb4.16&Prime; _module_preset=\u00a0\u00bbdefault\u00a0\u00bb global_colors_info=\u00a0\u00bb{}\u00a0\u00bb][et_pb_fullwidth_slider _builder_version=\u00a0\u00bb4.16&Prime; _module_preset=\u00a0\u00bbdefault\u00a0\u00bb min_height=\u00a0\u00bb1080px\u00a0\u00bb global_colors_info=\u00a0\u00bb{}\u00a0\u00bb][et_pb_slide _builder_version=\u00a0\u00bb4.16&Prime; _module_preset=\u00a0\u00bbdefault\u00a0\u00bb background_image=\u00a0\u00bbhttp:\/\/empiregaming.eu\/wordpress\/wp-content\/uploads\/2021\/09\/OE-MO-807-banniere.png\u00a0\u00bb background_enable_image=\u00a0\u00bbon\u00a0\u00bb parallax=\u00a0\u00bbon\u00a0\u00bb global_colors_info=\u00a0\u00bb{}\u00a0\u00bb sticky_transition=\u00a0\u00bbon\u00a0\u00bb][\/et_pb_slide][\/et_pb_fullwidth_slider][\/et_pb_section][et_pb_section fb_built=\u00a0\u00bb1&Prime; admin_label=\u00a0\u00bbFooter\u00a0\u00bb _builder_version=\u00a0\u00bb4.16&Prime; background_color=\u00a0\u00bb#232323&Prime; background_color_gradient_direction=\u00a0\u00bb90deg\u00a0\u00bb background_enable_image=\u00a0\u00bboff\u00a0\u00bb custom_margin=\u00a0\u00bb0px||0px||false|false\u00a0\u00bb custom_padding=\u00a0\u00bb0px|0px|0px|0px|false|false\u00a0\u00bb saved_tabs=\u00a0\u00bball\u00a0\u00bb locked=\u00a0\u00bboff\u00a0\u00bb global_colors_info=\u00a0\u00bb{}\u00a0\u00bb][et_pb_row column_structure=\u00a0\u00bb1_2,1_2&Prime; use_custom_gutter=\u00a0\u00bbon\u00a0\u00bb gutter_width=\u00a0\u00bb1&Prime; make_equal=\u00a0\u00bbon\u00a0\u00bb admin_label=\u00a0\u00bbFooter Row\u00a0\u00bb module_class=\u00a0\u00bb et_pb_row_fullwidth\u00a0\u00bb _builder_version=\u00a0\u00bb4.16&Prime; background_color=\u00a0\u00bb#000000&Prime; use_background_color_gradient=\u00a0\u00bbon\u00a0\u00bb background_color_gradient_stops=\u00a0\u00bbrgba(0,0,0,0) 0%|#29c4a9 100%\u00a0\u00bb background_color_gradient_start=\u00a0\u00bbrgba(0,0,0,0)\u00a0\u00bb width=\u00a0\u00bb100%\u00a0\u00bb width_tablet=\u00a0\u00bb100%\u00a0\u00bb width_phone=\u00a0\u00bb\u00a0\u00bb width_last_edited=\u00a0\u00bbon|desktop\u00a0\u00bb max_width=\u00a0\u00bb100%\u00a0\u00bb max_width_tablet=\u00a0\u00bb100%\u00a0\u00bb max_width_phone=\u00a0\u00bb\u00a0\u00bb max_width_last_edited=\u00a0\u00bbon|desktop\u00a0\u00bb custom_margin=\u00a0\u00bb0px|auto|0px|auto|false|false\u00a0\u00bb custom_padding=\u00a0\u00bb0px|0px|0px|0px|false|false\u00a0\u00bb link_option_url_new_window=\u00a0\u00bbon\u00a0\u00bb make_fullwidth=\u00a0\u00bbon\u00a0\u00bb global_colors_info=\u00a0\u00bb{}\u00a0\u00bb][et_pb_column type=\u00a0\u00bb1_2&Prime; _builder_version=\u00a0\u00bb4.16&Prime; background_color=\u00a0\u00bb#111111&Prime; custom_padding=\u00a0\u00bb100px|10%|100px|10%\u00a0\u00bb custom_padding_tablet=\u00a0\u00bb\u00a0\u00bb custom_padding_phone=\u00a0\u00bb\u00a0\u00bb custom_padding_last_edited=\u00a0\u00bbon|phone\u00a0\u00bb link_option_url_new_window=\u00a0\u00bbon\u00a0\u00bb global_colors_info=\u00a0\u00bb{}\u00a0\u00bb padding_last_edited=\u00a0\u00bbon|phone\u00a0\u00bb custom_padding__hover=\u00a0\u00bb|||\u00a0\u00bb][et_pb_text admin_label=\u00a0\u00bbTittle\u00a0\u00bb _builder_version=\u00a0\u00bb4.16&Prime; text_font=\u00a0\u00bbOswald||||\u00a0\u00bb link_font=\u00a0\u00bb||||||||\u00a0\u00bb ul_font=\u00a0\u00bb||||||||\u00a0\u00bb ol_font=\u00a0\u00bb||||||||\u00a0\u00bb quote_font=\u00a0\u00bb||||||||\u00a0\u00bb header_font=\u00a0\u00bb||||||||\u00a0\u00bb header_2_font=\u00a0\u00bbOswald|||on|||||\u00a0\u00bb header_2_text_align=\u00a0\u00bbleft\u00a0\u00bb header_2_font_size=\u00a0\u00bb40px\u00a0\u00bb header_2_letter_spacing=\u00a0\u00bb2px\u00a0\u00bb header_2_line_height=\u00a0\u00bb1.5em\u00a0\u00bb background_layout=\u00a0\u00bbdark\u00a0\u00bb custom_margin=\u00a0\u00bb||4%|\u00a0\u00bb locked=\u00a0\u00bboff\u00a0\u00bb global_colors_info=\u00a0\u00bb{}\u00a0\u00bb]<\/p>\n<h2>LA COMUNIDAD DE JUEGOS DEL IMPERIO<\/h2>\n<p>[\/et_pb_text][et_pb_text admin_label=\"Textos \" _builder_version=\"4.16\u2033 text_font=\"Nunito|||| \" text_text_color=\"rgba(239,219,0,0.97) \" text_font_size=\"16px \" text_line_height=\"1.5em \" header_font= \"Oswald||on| \" header_text_color= \"rgba(239,219,0,0.97) \" header_font_size= \"16px \" header_letter_spacing= \"2px \" header_line_height= \"1.7em \" header_4_font=\"Oswald||on||||| \" header_4_text_color=\"rgba(239,219,0,0.97) \" header_4_font_size=\"16px \" header_4_letter_spacing=\"1px \" header_4_line_height=\"1.5em \" background_color=\"RGBA(0,0,0,0) \" background_layout=\"dark \" custom_margin=\"||6%| \" custom_padding=\"||0px||| \" locked=\"off \" global_colors_info=\"{}\"]<\/p>\n<h4><i class=\"fas fa-users\"><\/i> \u00daNASE AL CLUB VIP<\/h4>\n<p>Si te registras ahora, podr\u00e1s beneficiarte de un descuento de -10% en todo tu pedido en la web de Amazon![\/et_pb_text][et_pb_button button_url=\"http:\/\/empiregaming.eu\/garant\u00eda\" button_text=\"CLUB VIP\" button_alignment=\"left\" admin_label=\"Textos\" _builder_version=\"4.16\u2033 custom_button=\"on\" button_text_size=\"24px\" button_text_color=\"rgba(239,219,0,0.97)\" button_bg_color=\"#000000\u2033 button_border_width=\"0px \" button_border_color=\"#000000\u2033 button_border_radius=\"0px \" button_letter_spacing=\"3px \" button_font=\"Oswald|||on| \" button_use_icon= \"off\" custom_margin=\"||\" button_border_color_hover=\"#c99872\u2033 button_border_radius_hover=\"0px\" button_letter_spacing_hover=\"3px\" button_bg_color_hover=\"#c99872\u2033 global_colors_info= \"{}\" button_text_size__hover_enabled=\"off\" button_one_text_size__hover_enabled=\"off\" button_two_text_size__hover_enabled=\"off\" button_text_color__hover_enabled=\"off\" button_one_text_color__hover_enabled= \"off\" button_two_text_color__hover_enabled=\"off\" button_border_width__hover_enabled=\"off\" button_one_border_width__hover_enabled=\"off\" button_two_border_width__hover_enabled=\"off\" button_border_color__hover_enabled=\"on \" button_border_color__hover=\"#000000\u2033 button_one_border_color__hover_enabled=\"off \" button_two_border_color__hover_enabled=\"off \" button_border_radius__hover_enabled= \"on\" button_border_radius__hover=\"0px \" button_one_border_radius__hover_enabled=\"off \" button_two_border_radius__hover_enabled=\"off \" button_letter_spacing__hover_enabled=\"on \" button_letter_spacing__hover=\"3px \" button_one_letter_spacing__hover_enabled=\"off \" button_two_letter_spacing__hover_enabled=\"off \" button_bg_color__hover_enabled=\"on|hover \" button_bg_color__hover= \"#E09900\u2033 button_one_bg_color__hover_enabled=\"off \" button_two_bg_color__hover_enabled=\"off \" button_bg_enable_color__hover=\"on \"][\/et_pb_button][\/et_pb_column][et_pb_column type=\"1_2\u2033 _builder_version=\"4.16\u2033 background_color=\"#000000\u2033 custom_padding=\"100px|10%|100px|10% \" link_option_url_new_window=\"on \" global_colors_info=\"{} \" custom_padding__hover=\"|| \"][et_p_text admin_label=\"Tittle \" _builder_version=\"4.16\u2033 text_font=\"Oswald|||| \" link_font=\"|||||||| \" ul_font=\"|||||||| \" ol_font=\"|||||||| \" quote_font=\"|||||||| \" header_font=\"|||||||| \" header_2_font=\"Oswald||on||||| \" header_2_text_align=\"left \" header_2_font_size=\"40px \" header_2_letter_spacing=\"2px \" header_2_line_height=\"1.5em \" background_layout=\"dark \" custom_margin=\"||4%| \" locked=\"off \" global_colors_info=\"{} \"]<\/p>\n<h2>\u00bfUNA PREGUNTA? \u00bfUN PROBLEMA?<\/h2>\n<p>[\/et_pb_text][et_pb_text admin_label=\"Textos \" _builder_version=\"4.16\u2033 text_font=\"Nunito|||||||| \" text_text_color=\"#EDF000\u2033 text_font_size=\"16px \" text_line_height=\"1.5em \" header_font= \"Oswald|||on| \" header_text_color= \"rgba(239,219,0,0.97) \" header_font_size= \"16px \" header_letter_spacing= \"2px \" header_line_height= \"1.7em \" header_4_font= \"Oswald|||on||||| \" header_4_text_color= \"rgba(239,219,0,0.97) \" header_4_font_size=\"16px \" header_4_letter_spacing=\"1px \" header_4_line_height=\"1.5em \" background_color=\"RGBA(0,0,0,0) \" background_layout=\"dark \" min_height=\"18px \" custom_margin=\"||6%|\" custom_padding=\"||0px||| \" link_option_url=\"mailto:support@optimumway.eu \" link_option_url_new_window=\"on \" locked=\"off \" global_colors_info=\"{} \" content__hover_enabled=\"on|hover \" content__hover= \"<\/p>\n<h1><i class=\"%22far\" fa-envelope%22><\/i> <span style=\"%22text-decoration:\" underline;%22><a title=\"%22email%22\" href=\"\/es\/%22mailto:support@optimumway.eu%22\/\" data-et-target-link=\"%22_blank%22\" rel=\"%22noopener%22\"> s<\/a><a title=\"%22email%22\" href=\"\/es\/%22mailto:support@optimumway.eu%22\/\" data-et-target-link=\"%22_blank%22\" rel=\"%22noopener%22\">upport@optimumway.eu<\/a><\/span><\/h1>\n<p>Un equipo t\u00e9cnico r\u00e1pido y eficaz est\u00e1 a su disposici\u00f3n.<\/p>\n<p>\" ]<\/p>\n<h1><i class=\"far fa-envelope\" aria-hidden=\"true\"><\/i><a  href=\"mailto:support@optimumway.eu\" target=\"_blank\" rel=\"noopener\"> support@optimumway.eu<\/a><\/h1>\n<p>Un equipo t\u00e9cnico r\u00e1pido y eficaz est\u00e1 a su disposici\u00f3n[\/et_pb_text][\/et_pb_column][\/et_pb_row][\/et_pb_section]<\/p>","protected":false},"excerpt":{"rendered":"<p>\u00a0HELLHOUNDS- 100% GAMING MOUSE : Un bot\u00f3n Rapid'Fire y un bot\u00f3n especial DPI que le permite ajustar la sensibilidad del sensor \u00f3ptico: 800, 1200, 2000, 3000, 7200 DPI m\u00e1ximo ofreci\u00e9ndole la m\u00e1xima precisi\u00f3n - MANEJO C\u00d3MODO : Dise\u00f1ado para garantizar una comodidad absoluta con su soporte para el pulgar para sus sesiones de juego.<\/p>","protected":false},"author":1,"featured_media":0,"parent":0,"menu_order":0,"comment_status":"closed","ping_status":"closed","template":"","meta":{"_et_pb_use_builder":"on","_et_pb_old_content":"","_et_gb_content_width":"","footnotes":""},"class_list":["post-59189","page","type-page","status-publish","hentry"],"_links":{"self":[{"href":"https:\/\/empiregaming.eu\/es\/wp-json\/wp\/v2\/pages\/59189","targetHints":{"allow":["GET"]}}],"collection":[{"href":"https:\/\/empiregaming.eu\/es\/wp-json\/wp\/v2\/pages"}],"about":[{"href":"https:\/\/empiregaming.eu\/es\/wp-json\/wp\/v2\/types\/page"}],"author":[{"embeddable":true,"href":"https:\/\/empiregaming.eu\/es\/wp-json\/wp\/v2\/users\/1"}],"replies":[{"embeddable":true,"href":"https:\/\/empiregaming.eu\/es\/wp-json\/wp\/v2\/comments?post=59189"}],"version-history":[{"count":1,"href":"https:\/\/empiregaming.eu\/es\/wp-json\/wp\/v2\/pages\/59189\/revisions"}],"predecessor-version":[{"id":68042,"href":"https:\/\/empiregaming.eu\/es\/wp-json\/wp\/v2\/pages\/59189\/revisions\/68042"}],"wp:attachment":[{"href":"https:\/\/empiregaming.eu\/es\/wp-json\/wp\/v2\/media?parent=59189"}],"curies":[{"name":"wp","href":"https:\/\/api.w.org\/{rel}","templated":true}]}}