{"id":65165,"date":"2022-05-19T12:32:54","date_gmt":"2022-05-19T12:32:54","guid":{"rendered":"https:\/\/empiregaming.eu\/?page_id=65165"},"modified":"2023-04-18T12:33:58","modified_gmt":"2023-04-18T12:33:58","slug":"mx5","status":"publish","type":"page","link":"https:\/\/empiregaming.eu\/en\/mx5\/","title":{"rendered":"MX5"},"content":{"rendered":"<p>[et_pb_section fb_built=\u00a0\u00bb1&Prime; make_equal=\u00a0\u00bbon\u00a0\u00bb use_custom_gutter=\u00a0\u00bbon\u00a0\u00bb gutter_width=\u00a0\u00bb2&Prime; specialty=\u00a0\u00bbon\u00a0\u00bb bg_img_1=\u00a0\u00bbhttp:\/\/empiregaming.fr\/wordpress\/wp-content\/uploads\/2017\/12\/fashion-21.jpg\u00a0\u00bb _builder_version=\u00a0\u00bb4.17.3&Prime; background_color=\u00a0\u00bb#000000&Prime; use_background_color_gradient=\u00a0\u00bbon\u00a0\u00bb background_color_gradient_direction=\u00a0\u00bb262deg\u00a0\u00bb background_color_gradient_stops=\u00a0\u00bb#000000 0%|#191919 91%\u00a0\u00bb background_color_gradient_start=\u00a0\u00bb#000000&Prime; background_color_gradient_end=\u00a0\u00bb#191919&Prime; background_color_gradient_end_position=\u00a0\u00bb91%\u00a0\u00bb inner_width=\u00a0\u00bb88%\u00a0\u00bb inner_max_width=\u00a0\u00bb88%\u00a0\u00bb animation_style=\u00a0\u00bbfade\u00a0\u00bb custom_css_main_element=\u00a0\u00bbmargin-left: 0 !important;\u00a0\u00bb use_custom_width=\u00a0\u00bbon\u00a0\u00bb width_unit=\u00a0\u00bboff\u00a0\u00bb custom_width_percent=\u00a0\u00bb88%\u00a0\u00bb global_colors_info=\u00a0\u00bb{}\u00a0\u00bb][et_pb_column type=\u00a0\u00bb1_2&Prime; _builder_version=\u00a0\u00bb4.16&Prime; custom_padding=\u00a0\u00bb|||\u00a0\u00bb global_colors_info=\u00a0\u00bb{}\u00a0\u00bb custom_padding__hover=\u00a0\u00bb|||\u00a0\u00bb][et_pb_gallery gallery_ids=\u00a0\u00bb65168,65169,65170,65171,65172,65173,65174&Prime; gallery_captions=\u00a0\u00bb,,\u00a0\u00bb fullwidth=\u00a0\u00bbon\u00a0\u00bb _builder_version=\u00a0\u00bb4.17.3&Prime; min_height=\u00a0\u00bb900px\u00a0\u00bb min_height_tablet=\u00a0\u00bb750px\u00a0\u00bb min_height_phone=\u00a0\u00bb425px\u00a0\u00bb min_height_last_edited=\u00a0\u00bbon|phone\u00a0\u00bb custom_margin=\u00a0\u00bb||150px||false|false\u00a0\u00bb auto=\u00a0\u00bbon\u00a0\u00bb hover_transition_duration=\u00a0\u00bb400ms\u00a0\u00bb pagination_font_size_tablet=\u00a0\u00bb51&Prime; pagination_line_height_tablet=\u00a0\u00bb2&Prime; global_colors_info=\u00a0\u00bb{}\u00a0\u00bb]\u00a0[\/et_pb_gallery][\/et_pb_column][et_pb_column type=\u00a0\u00bb1_2&Prime; specialty_columns=\u00a0\u00bb2&Prime; _builder_version=\u00a0\u00bb4.16&Prime; custom_padding=\u00a0\u00bb|||\u00a0\u00bb global_colors_info=\u00a0\u00bb{}\u00a0\u00bb custom_padding__hover=\u00a0\u00bb|||\u00a0\u00bb][et_pb_row_inner _builder_version=\u00a0\u00bb4.16&Prime; animation_direction=\u00a0\u00bbbottom\u00a0\u00bb hover_transition_duration=\u00a0\u00bb0ms\u00a0\u00bb global_colors_info=\u00a0\u00bb{}\u00a0\u00bb][et_pb_column_inner saved_specialty_column_type=\u00a0\u00bb1_2&Prime; _builder_version=\u00a0\u00bb4.16&Prime; custom_padding=\u00a0\u00bb|||\u00a0\u00bb global_colors_info=\u00a0\u00bb{}\u00a0\u00bb custom_padding__hover=\u00a0\u00bb|||\u00a0\u00bb][et_pb_text admin_label=\u00a0\u00bbNOM DU PRODUIT\u00a0\u00bb _builder_version=\u00a0\u00bb4.17.3&Prime; text_font=\u00a0\u00bbastera||||||||\u00a0\u00bb text_text_color=\u00a0\u00bb#ffffff\u00a0\u00bb text_font_size=\u00a0\u00bb60px\u00a0\u00bb text_line_height=\u00a0\u00bb1.8em\u00a0\u00bb header_font=\u00a0\u00bbPoppins|600|||||||\u00a0\u00bb header_text_align=\u00a0\u00bbcenter\u00a0\u00bb header_font_size=\u00a0\u00bb48px\u00a0\u00bb text_font_size_tablet=\u00a0\u00bb50px\u00a0\u00bb text_font_size_phone=\u00a0\u00bb35px\u00a0\u00bb text_font_size_last_edited=\u00a0\u00bbon|phone\u00a0\u00bb inline_fonts=\u00a0\u00bbEnixe\u00a0\u00bb global_colors_info=\u00a0\u00bb{}\u00a0\u00bb]<\/p>\n<p style=\"text-align: center;\">MX5<\/p>\n<p>[\/et_pb_text][et_pb_divider color=\u00a0\u00bbgcid-0b9f4d55-ae89-4039-8ff7-ac46ed6fa7c8&Prime; divider_weight=\u00a0\u00bb3px\u00a0\u00bb disabled_on=\u00a0\u00bboff|off|off\u00a0\u00bb _builder_version=\u00a0\u00bb4.16&Prime; max_width=\u00a0\u00bb500px\u00a0\u00bb module_alignment=\u00a0\u00bbcenter\u00a0\u00bb height=\u00a0\u00bb10px\u00a0\u00bb custom_padding=\u00a0\u00bb||50px||false|false\u00a0\u00bb animation_direction=\u00a0\u00bbbottom\u00a0\u00bb saved_tabs=\u00a0\u00bball\u00a0\u00bb locked=\u00a0\u00bboff\u00a0\u00bb global_colors_info=\u00a0\u00bb{%22gcid-79f48224-e059-4a1e-9847-119d5e39d024%22:%91%93,%22gcid-0b9f4d55-ae89-4039-8ff7-ac46ed6fa7c8%22:%91%22color%22%93}\u00a0\u00bb]<\/p>\n<p style=\"text-align: center;\">[\/et_pb_divider][et_pb_text admin_label=\"DESCRIPTION \" _builder_version=\"4.17.3\u2033 text_font=\"Nunito|||||||| \" text_text_color=\"#ffff \" text_font_size=\"16px \" text_line_height=\"1.9em \" module_alignment=\"center \" hover_enabled=\"0\u2033 text_font_size_tablet=\"14px \" text_font_size_phone=\"12px \" text_font_size_last_edited=\"on|phone \" locked=\"off \" inline_fonts=\"Nunito \" global_colors_info=\"{} \" sticky_enabled=\"0\u2033]<\/p>\n<p style=\"text-align: center;\"><strong>\u2022 SIZE AND FORMAT :<\/strong> ATX, Micro-ATX and ITX compatible medium tower case<\/p>\n<p style=\"text-align: center;\"><strong>\u2022 2 FANS INCLUDED :<\/strong> <span>1 x 120mm LED RGB addressable fan on the back and 1 x 120mm fan on the front<\/span><\/p>\n<p style=\"text-align: center;\"><strong>\u2022 RGB ADDRESSABLE :<\/strong> Compatible integrated controller HUB (3 Pins 5 Volts) ASUS Aura Sync, GIGABYTE RGB Fusion, MSI Mystic Light Sync and ASRock Polychrome<\/p>\n<p style=\"text-align: center;\"><strong>\u2022 <span>STORAGE<\/span> :<\/strong> <span>4 hard drive slots<\/span><\/p>\n<p style=\"text-align: center;\"><strong>\u2022 WATERCOOLING :<\/strong> <span>Compatible with 120 mm and 240 mm watercooling<\/span><\/p>\n<p>[\/et_pb_text][et_pb_divider color=\u00a0\u00bbgcid-0b9f4d55-ae89-4039-8ff7-ac46ed6fa7c8&Prime; divider_weight=\u00a0\u00bb3px\u00a0\u00bb disabled_on=\u00a0\u00bboff|off|off\u00a0\u00bb _builder_version=\u00a0\u00bb4.16&Prime; max_width=\u00a0\u00bb500px\u00a0\u00bb module_alignment=\u00a0\u00bbcenter\u00a0\u00bb height=\u00a0\u00bb10px\u00a0\u00bb custom_padding=\u00a0\u00bb50px||||false|false\u00a0\u00bb animation_direction=\u00a0\u00bbbottom\u00a0\u00bb saved_tabs=\u00a0\u00bball\u00a0\u00bb locked=\u00a0\u00bboff\u00a0\u00bb global_colors_info=\u00a0\u00bb{%22gcid-79f48224-e059-4a1e-9847-119d5e39d024%22:%91%93,%22gcid-0b9f4d55-ae89-4039-8ff7-ac46ed6fa7c8%22:%91%22color%22%93}\u00a0\u00bb]<\/p>\n<p style=\"text-align: center;\">[\/et_pb_divider][\/et_pb_column_inner][\/et_pb_row_inner][et_pb_row_inner _builder_version=\u00a0\u00bb4.17.3&Prime; _module_preset=\u00a0\u00bbdefault\u00a0\u00bb custom_padding=\u00a0\u00bb30px||||false|false\u00a0\u00bb saved_tabs=\u00a0\u00bball\u00a0\u00bb global_colors_info=\u00a0\u00bb{}\u00a0\u00bb][et_pb_column_inner saved_specialty_column_type=\u00a0\u00bb1_2&Prime; _builder_version=\u00a0\u00bb4.16&Prime; _module_preset=\u00a0\u00bbdefault\u00a0\u00bb global_colors_info=\u00a0\u00bb{}\u00a0\u00bb][et_pb_button button_url=\u00a0\u00bbhttps:\/\/www.amazon.fr\/dp\/B07ZRYTX91?ref=myi_title_dp\u00a0\u00bb url_new_window=\u00a0\u00bbon\u00a0\u00bb button_text=\u00a0\u00bbACHETEZ\u00a0\u00bb button_alignment=\u00a0\u00bbcenter\u00a0\u00bb admin_label=\u00a0\u00bbBouton ACHETEZ\u00a0\u00bb _builder_version=\u00a0\u00bb4.17.3&Prime; _module_preset=\u00a0\u00bbdefault\u00a0\u00bb custom_button=\u00a0\u00bbon\u00a0\u00bb button_text_size=\u00a0\u00bb18px\u00a0\u00bb button_text_color=\u00a0\u00bbgcid-0b9f4d55-ae89-4039-8ff7-ac46ed6fa7c8&Prime; button_border_width=\u00a0\u00bb1px\u00a0\u00bb button_border_color=\u00a0\u00bbgcid-0b9f4d55-ae89-4039-8ff7-ac46ed6fa7c8&Prime; button_border_radius=\u00a0\u00bb5px\u00a0\u00bb button_letter_spacing=\u00a0\u00bb5px\u00a0\u00bb button_font=\u00a0\u00bb|600|||||||\u00a0\u00bb button_use_icon=\u00a0\u00bboff\u00a0\u00bb custom_margin=\u00a0\u00bb||-75px||false|false\u00a0\u00bb global_colors_info=\u00a0\u00bb{%22gcid-0b9f4d55-ae89-4039-8ff7-ac46ed6fa7c8%22:%91%22button_text_color%22,%22button_border_color%22,%22button_bg_color__hover%22%93}\u00a0\u00bb button_text_color__hover_enabled=\u00a0\u00bbon|hover\u00a0\u00bb button_bg_color__hover_enabled=\u00a0\u00bbon|hover\u00a0\u00bb button_text_color__hover=\u00a0\u00bb#000000&Prime; button_bg_color__hover=\u00a0\u00bb#f3b51d\u00a0\u00bb button_bg_enable_color__hover=\u00a0\u00bbon\u00a0\u00bb button_border_color__hover_enabled=\u00a0\u00bbon|hover\u00a0\u00bb button_text_size__hover_enabled=\u00a0\u00bbon|hover\u00a0\u00bb button_border_width__hover_enabled=\u00a0\u00bbon|hover\u00a0\u00bb button_border_radius__hover_enabled=\u00a0\u00bbon|hover\u00a0\u00bb button_letter_spacing__hover_enabled=\u00a0\u00bbon|hover\u00a0\u00bb button_border_color__hover=\u00a0\u00bb#f3b51d\u00a0\u00bb button_text_size__hover=\u00a0\u00bb18px\u00a0\u00bb button_border_width__hover=\u00a0\u00bb1px\u00a0\u00bb button_border_radius__hover=\u00a0\u00bb5px\u00a0\u00bb button_letter_spacing__hover=\u00a0\u00bb5px\u00a0\u00bb][\/et_pb_button][\/et_pb_column_inner][\/et_pb_row_inner][et_pb_row_inner _builder_version=\u00a0\u00bb4.17.3&Prime; _module_preset=\u00a0\u00bbdefault\u00a0\u00bb custom_padding=\u00a0\u00bb30px||||false|false\u00a0\u00bb global_module=\u00a0\u00bb64861&Prime; saved_tabs=\u00a0\u00bball\u00a0\u00bb global_colors_info=\u00a0\u00bb{}\u00a0\u00bb][et_pb_column_inner _builder_version=\u00a0\u00bb4.16&Prime; _module_preset=\u00a0\u00bbdefault\u00a0\u00bb global_colors_info=\u00a0\u00bb{}\u00a0\u00bb][et_pb_button button_url=\u00a0\u00bbhttps:\/\/empiregaming.eu\/telechargements\u00a0\u00bb button_text=\u00a0\u00bbSUPPORT\u00a0\u00bb button_alignment=\u00a0\u00bbcenter\u00a0\u00bb admin_label=\u00a0\u00bbBouton SUPPORT\u00a0\u00bb _builder_version=\u00a0\u00bb4.17.3&Prime; _module_preset=\u00a0\u00bbdefault\u00a0\u00bb custom_button=\u00a0\u00bbon\u00a0\u00bb button_text_size=\u00a0\u00bb18px\u00a0\u00bb button_text_color=\u00a0\u00bbgcid-0b9f4d55-ae89-4039-8ff7-ac46ed6fa7c8&Prime; button_border_width=\u00a0\u00bb1px\u00a0\u00bb button_border_color=\u00a0\u00bbgcid-0b9f4d55-ae89-4039-8ff7-ac46ed6fa7c8&Prime; button_border_radius=\u00a0\u00bb5px\u00a0\u00bb button_letter_spacing=\u00a0\u00bb5px\u00a0\u00bb button_font=\u00a0\u00bb|600|||||||\u00a0\u00bb button_use_icon=\u00a0\u00bboff\u00a0\u00bb global_colors_info=\u00a0\u00bb{%22gcid-0b9f4d55-ae89-4039-8ff7-ac46ed6fa7c8%22:%91%22button_text_color%22,%22button_border_color%22,%22button_bg_color__hover%22%93}\u00a0\u00bb button_text_color__hover_enabled=\u00a0\u00bbon|hover\u00a0\u00bb button_bg_color__hover_enabled=\u00a0\u00bbon|hover\u00a0\u00bb button_text_color__hover=\u00a0\u00bb#000000&Prime; button_bg_color__hover=\u00a0\u00bb#f3b51d\u00a0\u00bb button_bg_enable_color__hover=\u00a0\u00bbon\u00a0\u00bb button_border_color__hover_enabled=\u00a0\u00bbon|hover\u00a0\u00bb button_text_size__hover_enabled=\u00a0\u00bbon|hover\u00a0\u00bb button_border_width__hover_enabled=\u00a0\u00bbon|hover\u00a0\u00bb button_border_radius__hover_enabled=\u00a0\u00bbon|hover\u00a0\u00bb button_letter_spacing__hover_enabled=\u00a0\u00bbon|hover\u00a0\u00bb button_border_color__hover=\u00a0\u00bb#f3b51d\u00a0\u00bb button_text_size__hover=\u00a0\u00bb18px\u00a0\u00bb button_border_width__hover=\u00a0\u00bb1px\u00a0\u00bb button_border_radius__hover=\u00a0\u00bb5px\u00a0\u00bb button_letter_spacing__hover=\u00a0\u00bb5px\u00a0\u00bb][\/et_pb_button][\/et_pb_column_inner][\/et_pb_row_inner][\/et_pb_column][\/et_pb_section][et_pb_section fb_built=\u00a0\u00bb1&Prime; admin_label=\u00a0\u00bbPied de page\u00a0\u00bb _builder_version=\u00a0\u00bb4.17.3&Prime; background_color=\u00a0\u00bb#232323&Prime; background_color_gradient_direction=\u00a0\u00bb90deg\u00a0\u00bb background_enable_image=\u00a0\u00bboff\u00a0\u00bb custom_margin=\u00a0\u00bb0px||0px||false|false\u00a0\u00bb custom_padding=\u00a0\u00bb0px|0px|0px|0px|false|false\u00a0\u00bb animation_style=\u00a0\u00bbfade\u00a0\u00bb global_module=\u00a0\u00bb64170&Prime; saved_tabs=\u00a0\u00bball\u00a0\u00bb locked=\u00a0\u00bboff\u00a0\u00bb global_colors_info=\u00a0\u00bb{}\u00a0\u00bb][et_pb_row column_structure=\u00a0\u00bb1_2,1_2&Prime; use_custom_gutter=\u00a0\u00bbon\u00a0\u00bb gutter_width=\u00a0\u00bb1&Prime; make_equal=\u00a0\u00bbon\u00a0\u00bb admin_label=\u00a0\u00bbStructure\u00a0\u00bb module_class=\u00a0\u00bb et_pb_row_fullwidth\u00a0\u00bb _builder_version=\u00a0\u00bb4.16&Prime; background_color=\u00a0\u00bb#000000&Prime; use_background_color_gradient=\u00a0\u00bbon\u00a0\u00bb background_color_gradient_stops=\u00a0\u00bbrgba(0,0,0,0) 0%|#29c4a9 100%\u00a0\u00bb background_color_gradient_start=\u00a0\u00bbrgba(0,0,0,0)\u00a0\u00bb width=\u00a0\u00bb100%\u00a0\u00bb width_tablet=\u00a0\u00bb100%\u00a0\u00bb width_phone=\u00a0\u00bb\u00a0\u00bb width_last_edited=\u00a0\u00bbon|desktop\u00a0\u00bb max_width=\u00a0\u00bb100%\u00a0\u00bb max_width_tablet=\u00a0\u00bb100%\u00a0\u00bb max_width_phone=\u00a0\u00bb\u00a0\u00bb max_width_last_edited=\u00a0\u00bbon|desktop\u00a0\u00bb custom_margin=\u00a0\u00bb0px|auto|0px|auto|false|false\u00a0\u00bb custom_padding=\u00a0\u00bb0px|0px|0px|0px|false|false\u00a0\u00bb link_option_url_new_window=\u00a0\u00bbon\u00a0\u00bb make_fullwidth=\u00a0\u00bbon\u00a0\u00bb global_colors_info=\u00a0\u00bb{}\u00a0\u00bb][et_pb_column type=\u00a0\u00bb1_2&Prime; _builder_version=\u00a0\u00bb4.16&Prime; background_color=\u00a0\u00bb#111111&Prime; custom_padding=\u00a0\u00bb100px|10%|100px|10%\u00a0\u00bb custom_padding_tablet=\u00a0\u00bb\u00a0\u00bb custom_padding_phone=\u00a0\u00bb\u00a0\u00bb custom_padding_last_edited=\u00a0\u00bbon|phone\u00a0\u00bb link_option_url_new_window=\u00a0\u00bbon\u00a0\u00bb global_colors_info=\u00a0\u00bb{}\u00a0\u00bb padding_last_edited=\u00a0\u00bbon|phone\u00a0\u00bb custom_padding__hover=\u00a0\u00bb|||\u00a0\u00bb][et_pb_text admin_label=\u00a0\u00bbLa communaut\u00e9 Empire Gaming\u00a0\u00bb _builder_version=\u00a0\u00bb4.17.3&Prime; text_font=\u00a0\u00bbOswald||||\u00a0\u00bb link_font=\u00a0\u00bb||||||||\u00a0\u00bb ul_font=\u00a0\u00bb||||||||\u00a0\u00bb ol_font=\u00a0\u00bb||||||||\u00a0\u00bb quote_font=\u00a0\u00bb||||||||\u00a0\u00bb header_font=\u00a0\u00bb||||||||\u00a0\u00bb header_2_font=\u00a0\u00bbOswald|||on|||||\u00a0\u00bb header_2_text_align=\u00a0\u00bbleft\u00a0\u00bb header_2_font_size=\u00a0\u00bb40px\u00a0\u00bb header_2_letter_spacing=\u00a0\u00bb2px\u00a0\u00bb header_2_line_height=\u00a0\u00bb1.5em\u00a0\u00bb background_layout=\u00a0\u00bbdark\u00a0\u00bb custom_margin=\u00a0\u00bb||4%|\u00a0\u00bb locked=\u00a0\u00bboff\u00a0\u00bb global_colors_info=\u00a0\u00bb{}\u00a0\u00bb]<\/p>\n<h2>JOIN THE VIP CLUP<\/h2>\n<p>[\/et_pb_text][et_pb_text admin_label=\"CLUB VIP + text\" _builder_version=\"4.17.3\u2033 text_font=\"Nunito|||| \" text_text_color=\"rgba(239,219,0,0.97) \" text_font_size=\"16px \" text_line_height=\"1.5em \" header_font=\"Oswald||on|\" header_text_color=\"rgba(239,219,0,0.97) \" header_font_size=\"16px \" header_letter_spacing=\"2px \" header_line_height=\"1.7em \" header_4_font=\"Oswald||on||||| \" header_4_text_color=\"rgba(239,219,0,0.97)\" header_4_font_size=\"16px \" header_4_letter_spacing=\"1px \" header_4_line_height=\"1.5em \" background_color=\"RGBA(0,0,0,0) \" background_layout=\"dark \" custom_margin=\"||6%| \" custom_padding=\"||0px||| \" locked=\"off \" global_colors_info=\"{}\"]<\/p>\n<h4><i class=\"fas fa-users\"><\/i> THE EMPIRE GAMING COMMUNITY<\/h4>\n<p>By registering now, you will receive a -10% discount on your entire order from the Amazon store!<\/p>\n<p>[\/et_pb_text][et_pb_button button_url=\"http:\/\/empiregaming.eu\/garantie \" button_text=\"CLUB VIP \" button_alignment=\"left \" admin_label=\"CLUB VIP button \" _builder_version=\"4.16\u2033 custom_button=\"on \" button_text_size=\"24px \" button_text_color=\"rgba(239,219,0,0.97)\" button_bg_color=\"#000000\u2033 button_border_width=\"0px \" button_border_color=\"#000000\u2033 button_border_radius=\"0px \" button_letter_spacing=\"3px \" button_font=\"Oswald|||on| \" button_use_icon= \"off\" custom_margin=\"|||\" button_border_color_hover=\"#c99872\u2033 button_border_radius_hover=\"0px\" button_letter_spacing_hover=\"3px\" button_bg_color_hover=\"#c99872\u2033 global_colors_info= \"{}\" button_text_size__hover_enabled=\"off\" button_one_text_size__hover_enabled=\"off\" button_two_text_size__hover_enabled=\"off\" button_text_color__hover_enabled=\"off\" button_one_text_color__hover_enabled= \"off \" button_two_text_color__hover_enabled=\"off \" button_border_width__hover_enabled=\"off \" button_one_border_width__hover_enabled=\"off \" button_two_border_width__hover_enabled=\"off \" button_border_color__hover_enabled=\"on \" button_border_color__hover=\"#000000\u2033 button_one_border_color__hover_enabled=\"off \" button_two_border_color__hover_enabled=\"off \" button_border_radius__hover_enabled= \"on \" button_border_radius__hover=\"0px \" button_one_border_radius__hover_enabled=\"off \" button_two_border_radius__hover_enabled=\"off \" button_letter_spacing__hover_enabled=\"on \" button_letter_spacing__hover=\"3px \" button_one_letter_spacing__hover_enabled=\"off \" button_two_letter_spacing__hover_enabled=\"off \" button_bg_color__hover_enabled=\"on|hover \" button_bg_color__hover= \"#E09900\u2033 button_one_bg_color__hover_enabled=\"off \" button_two_bg_color__hover_enabled=\"off \" button_bg_enable_color__hover=\"on \"][\/et_pb_button][\/et_pb_column][et_pb_column type=\"1_2\u2033 _builder_version=\"4.16\u2033 background_color=\"#000000\u2033 custom_padding=\"100px|10%|100px|10% \" link_option_url_new_window=\"on \" global_colors_info=\"{} \" custom_padding__hover=\"||| \"][et_pb_text admin_label=\"A question? A problem?\" _builder_version=\"4.17.3\u2033 text_font=\"Oswald|||| \" link_font=\"|||||||| \" ul_font=\"|||||||| \" ol_font=\"|||||||| \" quote_font=\"|||||||| \" header_font=\"|||||||| \" header_2_font=\"Oswald||on||||| \" header_2_text_align=\"left \" header_2_font_size=\"40px \" header_2_letter_spacing=\"2px \" header_2_line_height=\"1.5em \" background_layout=\"dark \" custom_margin=\"||4%|\" locked=\"off \" global_colors_info=\"{}\"]<\/p>\n<h2>WHERE TO FIND OUR PRODUCTS ?<\/h2>\n<p>[\/et_pb_text][et_pb_text admin_label=\"Email + text\" _builder_version=\"4.17.3\u2033 text_font=\"Nunito|||||||| \" text_text_color=\"#EDF000\u2033 text_font_size=\"16px \" text_line_height=\"1.5em \" header_font= \"Oswald|||on| \" header_text_color= \"rgba(239,219,0,0.97) \" header_font_size= \"16px \" header_letter_spacing= \"2px \" header_line_height= \"1.7em \" header_4_font= \"Oswald|||on||||| \" header_4_text_color= \"rgba(239,219,0,0.97) \" header_4_font_size=\"16px \" header_4_letter_spacing=\"1px \" header_4_line_height=\"1.5em \" background_color=\"RGBA(0,0,0,0) \" background_layout=\"dark \" min_height=\"18px \" custom_margin=\"||6%|\" custom_padding=\"||0px||| \" link_option_url=\"mailto:support@optimumway.eu \" link_option_url_new_window=\"on \" locked=\"off \" global_colors_info=\"{} \" content__hover_enabled=\"off|desktop \" content__hover=\"<\/p>\n<h1><i class=\"%22far\" fa-envelope%22><\/i> <span style=\"%22text-decoration:\" underline;%22><a title=\"%22email%22\" href=\"\/en\/%22mailto:support@optimumway.eu%22\/\" data-et-target-link=\"%22_blank%22\" rel=\"%22noopener%22\"> s<\/a><a title=\"%22email%22\" href=\"\/en\/%22mailto:support@optimumway.eu%22\/\" data-et-target-link=\"%22_blank%22\" rel=\"%22noopener%22\">upport@optimumway.eu<\/a><\/span><\/h1>\n<p>A fast and efficient technical team is at your disposal.<\/p>\n<p>\" ]<\/p>\n<h1><a href=\"https:\/\/www.amazon.fr\/stores\/EMPIRE+GAMING\/page\/4C98B638-D69C-4D8A-974C-A5CA42F8EFA0?ref_=ast_bln\"><img decoding=\"async\" class=\"alignnone wp-image-65199 lazyload\" data-src=\"https:\/\/empiregaming.eu\/wp-content\/uploads\/2022\/06\/Amazon1-300x175.png\" alt=\"\" width=\"171\" height=\"100\" src=\"data:image\/svg+xml;base64,PHN2ZyB3aWR0aD0iMSIgaGVpZ2h0PSIxIiB4bWxucz0iaHR0cDovL3d3dy53My5vcmcvMjAwMC9zdmciPjwvc3ZnPg==\" style=\"--smush-placeholder-width: 171px; --smush-placeholder-aspect-ratio: 171\/100;\" \/><\/a>\u00a0 \u00a0 \u00a0 \u00a0\u00a0\u00a0<a href=\"https:\/\/www.cdiscount.com\/mpvv-55757-OPTIMUM-WAY.html#_his_\"><img decoding=\"async\" class=\"alignnone wp-image-65201 lazyload\" data-src=\"https:\/\/empiregaming.eu\/wp-content\/uploads\/2022\/06\/Cdiscount1-300x175.png\" alt=\"\" width=\"214\" height=\"125\" src=\"data:image\/svg+xml;base64,PHN2ZyB3aWR0aD0iMSIgaGVpZ2h0PSIxIiB4bWxucz0iaHR0cDovL3d3dy53My5vcmcvMjAwMC9zdmciPjwvc3ZnPg==\" style=\"--smush-placeholder-width: 214px; --smush-placeholder-aspect-ratio: 214\/125;\" \/><\/a><\/h1>\n<p>[\/et_pb_text][\/et_pb_column][\/et_pb_row][\/et_pb_section]<\/p>","protected":false},"excerpt":{"rendered":"<p>\u00a0MX5\u2022 TAILLE ET FORMAT : Boitier moyen tour compatible ATX, Micro-ATX et ITX \u2022 2 VENTILATEURS INCLUS : 1 ventilateur 120 mm LED RGB adressable \u00e0 l&rsquo;arri\u00e8re et 1 ventilateur 120 mm \u00e0 l\u2019avant \u2022 RGB ADRESSABLE : HUB contr\u00f4leur int\u00e9gr\u00e9 compatible (3 Pins 5 Volts) ASUS Aura Sync, GIGABYTE RGB Fusion, MSI Mystic Light [&hellip;]<\/p>","protected":false},"author":1,"featured_media":0,"parent":0,"menu_order":0,"comment_status":"closed","ping_status":"closed","template":"","meta":{"_et_pb_use_builder":"on","_et_pb_old_content":"","_et_gb_content_width":"","footnotes":""},"class_list":["post-65165","page","type-page","status-publish","hentry"],"_links":{"self":[{"href":"https:\/\/empiregaming.eu\/en\/wp-json\/wp\/v2\/pages\/65165","targetHints":{"allow":["GET"]}}],"collection":[{"href":"https:\/\/empiregaming.eu\/en\/wp-json\/wp\/v2\/pages"}],"about":[{"href":"https:\/\/empiregaming.eu\/en\/wp-json\/wp\/v2\/types\/page"}],"author":[{"embeddable":true,"href":"https:\/\/empiregaming.eu\/en\/wp-json\/wp\/v2\/users\/1"}],"replies":[{"embeddable":true,"href":"https:\/\/empiregaming.eu\/en\/wp-json\/wp\/v2\/comments?post=65165"}],"version-history":[{"count":1,"href":"https:\/\/empiregaming.eu\/en\/wp-json\/wp\/v2\/pages\/65165\/revisions"}],"predecessor-version":[{"id":68040,"href":"https:\/\/empiregaming.eu\/en\/wp-json\/wp\/v2\/pages\/65165\/revisions\/68040"}],"wp:attachment":[{"href":"https:\/\/empiregaming.eu\/en\/wp-json\/wp\/v2\/media?parent=65165"}],"curies":[{"name":"wp","href":"https:\/\/api.w.org\/{rel}","templated":true}]}}