{"id":77170,"date":"2025-07-29T11:05:35","date_gmt":"2025-07-29T11:05:35","guid":{"rendered":"https:\/\/empiregaming.eu\/?page_id=77170"},"modified":"2025-07-29T11:06:59","modified_gmt":"2025-07-29T11:06:59","slug":"conditions","status":"publish","type":"page","link":"https:\/\/empiregaming.eu\/de\/conditions\/","title":{"rendered":"BEDINGUNGEN"},"content":{"rendered":"<p>[et_pb_section fb_built= \"1\u2033 custom_padding_last_edited= \"off|desktop \" admin_label= \"Featured Products \" _builder_version= \"4.21.0\u2033 background_color= \"#3a3a \" use_background_color_gradient= \"on \" background_color_gradient_direction= \"106deg\" background_color_gradient_stops= \"#000000\". 26%|#2626 94% \" background_color_gradient_start=\"#000000\u2033 background_color_gradient_start_position=\"26% \" background_color_gradient_end= \"#2626\u2033 background_color_gradient_end_position=\"94%\" custom_margin=\"||||false|false \" custom_padding_tablet=\"30px||||false|false \" custom_padding_phone= \"30px||||false|false \" global_colors_info= \"{} \" theme_builder_area= \"post_content \"][et_pb_row custom_padding_last_edited= \"off|desktop \" _builder_version= \"4.21.0\u2033 background_size= \"initial\" background_position= \"top_left\" background_repeat= \"repeat\" max_width= \"1100px\" custom_padding= \"150px||50px||false|false \" custom_padding_tablet= \"150px||||false|false \" global_colors_info= \"{} \" theme_builder_area= \"post_content\"][et_pb_column type= \"4_4\u2033 _builder_version= \"4.16\u2033 custom_padding= \"||| \" global_colors_info= \"{} \" custom_padding__hover= \"||| \" theme_builder_area= \"post_content\"][et_pb_text admin_label= \"Datenschutzrichtlinie\" _builder_version= \"4.21.0\u2033 text_font= \"Nunito|||||||| \" text_text_color= \"#ffff\" header_font= \"|||||||| \" header_text_color= \"#F3B51D \" header_2_font= \"Playfair Display|700||||||| \" header_2_text_align= \"center\" header_2_text_color= \"#2b2b \" header_2_font_size= \"42px \" header_2_line_height= \"1.5em \" background_size=\"initial\" background_position=\"top_left\" background_repeat=\"repeat\" text_orientation=\"center\" module_alignment=\"center\" custom_margin=\"||10px| \" hover_enabled=\"0\u2033 locked=\"off\" global_colors_info=\"{} \" theme_builder_area=\"post_content\" sticky_enabled=\"0\u2033]<\/p>\n<h1 class=\"has-text-align-center wp-block-post-title\"><span style=\"color: #ffffff;\">Bedingungen und Konditionen<\/span><\/h1>\n<p>[\/et_pb_text][et_pb_divider color= \"#FFFF \" _builder_version= \"4.21.0\u2033 _module_preset= \"default \" width= \"50% \" module_alignment= \"center\" global_colors_info= \"{} \" theme_builder_area= \"post_content\"][\/et_pb_divider][et_pb_text _builder_version= \"4.21.0\u2033 _module_preset= \"default \" hover_enabled= \"0\u2033 global_colors_info= \"{} \" theme_builder_area= \"post_content\" sticky_enabled= \"0\u2033]<\/p>\n<h3 class=\"wp-block-heading\" style=\"text-align: justify;\"><span style=\"color: #ffffff;\">1. Einleitung<\/span><\/h3>\n<p style=\"text-align: justify;\"><span style=\"color: #ffffff;\">Willkommen bei empiregaming.eu! Durch den Zugriff auf diese Website erkl\u00e4ren Sie sich damit einverstanden, die folgenden Bedingungen und Konditionen einzuhalten und an sie gebunden zu sein. Wenn Sie diesen Bedingungen nicht zustimmen, nutzen Sie unsere Seite bitte nicht.<\/span><\/p>\n<h3 class=\"wp-block-heading\" style=\"text-align: justify;\"><span style=\"color: #ffffff;\">2. Nutzung der Seite<\/span><\/h3>\n<p style=\"text-align: justify;\"><span style=\"color: #ffffff;\">Die Nutzung unserer Website unterliegt den geltenden Gesetzen. Sie m\u00fcssen mindestens 13 Jahre alt sein, um diese Seite nutzen zu k\u00f6nnen. Durch die Nutzung unserer Seite garantieren Sie, dass Sie das erforderliche Alter haben.<\/span><\/p>\n<h3 class=\"wp-block-heading\" style=\"text-align: justify;\"><span style=\"color: #ffffff;\">3. Geistiges Eigentum<\/span><\/h3>\n<p style=\"text-align: justify;\"><span style=\"color: #ffffff;\">Alle Inhalte auf anewway.eu, einschlie\u00dflich, aber nicht beschr\u00e4nkt auf Texte, Grafiken, Logos, Bilder und Software, sind Eigentum von Optimum Way oder seinen Partnern und durch Gesetze zum Schutz des geistigen Eigentums gesch\u00fctzt. Sie d\u00fcrfen diese Inhalte ohne vorherige Genehmigung nicht vervielf\u00e4ltigen, verbreiten oder ver\u00e4ndern.<\/span><\/p>\n<h3 class=\"wp-block-heading\" style=\"text-align: justify;\"><span style=\"color: #ffffff;\">4. Verantwortung<\/span><\/h3>\n<p style=\"text-align: justify;\"><span style=\"color: #ffffff;\">Optimum Way haftet nicht f\u00fcr direkte, indirekte, zuf\u00e4llige oder Folgesch\u00e4den, die sich aus der Nutzung oder der Unf\u00e4higkeit zur Nutzung unserer Website ergeben. Wir behalten uns das Recht vor, alle auf der Seite angebotenen Inhalte oder Dienstleistungen ohne vorherige Ank\u00fcndigung zu \u00e4ndern oder einzustellen.<\/span><\/p>\n<h3 class=\"wp-block-heading\" style=\"text-align: justify;\"><span style=\"color: #ffffff;\">5. Externe Links<\/span><\/h3>\n<p style=\"text-align: justify;\"><span style=\"color: #ffffff;\">Unsere Website kann Links zu anderen Websites enthalten. Wir haben keine Kontrolle \u00fcber diese Websites und sind nicht f\u00fcr ihren Inhalt verantwortlich. Die Aufnahme eines Links bedeutet nicht, dass wir diese Websites bef\u00fcrworten.<\/span><\/p>\n<h3 class=\"wp-block-heading\" style=\"text-align: justify;\"><span style=\"color: #ffffff;\">6. Schutz der pers\u00f6nlichen Daten<\/span><\/h3>\n<p style=\"text-align: justify;\"><span style=\"color: #ffffff;\">Wir verpflichten uns, Ihre pers\u00f6nlichen Daten zu sch\u00fctzen. Die Daten, die Sie bei der Nutzung unserer Website angeben, werden in \u00dcbereinstimmung mit unserer Datenschutzrichtlinie behandelt. Durch die Nutzung unserer Website stimmen Sie der Erfassung und Nutzung Ihrer Daten, wie in dieser Richtlinie beschrieben, zu.<\/span><\/p>\n<h3 class=\"wp-block-heading\" style=\"text-align: justify;\"><span style=\"color: #ffffff;\">7. \u00c4nderungen der Bedingungen und Konditionen<\/span><\/h3>\n<p style=\"text-align: justify;\"><span style=\"color: #ffffff;\">Wir behalten uns das Recht vor, diese Bedingungen und Konditionen jederzeit zu \u00e4ndern. Die \u00c4nderungen treten in Kraft, sobald sie auf unserer Seite ver\u00f6ffentlicht werden. Es liegt in Ihrer Verantwortung, diese Seite regelm\u00e4\u00dfig zu besuchen, um \u00fcber m\u00f6gliche \u00c4nderungen informiert zu bleiben.<\/span><\/p>\n<h3 class=\"wp-block-heading\" style=\"text-align: justify;\"><span style=\"color: #ffffff;\">8. Anwendbares Recht<\/span><\/h3>\n<p style=\"text-align: justify;\"><span style=\"color: #ffffff;\">Diese Bedingungen und Konditionen unterliegen den Gesetzen von Frankreich. Alle Streitigkeiten, die sich aus der Nutzung unserer Website ergeben, unterliegen der ausschlie\u00dflichen Zust\u00e4ndigkeit der Handelsgerichte.<\/span><\/p>\n<h3 class=\"wp-block-heading\" style=\"text-align: justify;\"><span style=\"color: #ffffff;\">9. Kontakt<\/span><\/h3>\n<p style=\"text-align: justify;\"><span style=\"color: #ffffff;\">Bei Fragen zu diesen Bedingungen und Konditionen kontaktieren Sie uns bitte unter support@empiregaming.eu.<\/span><\/p>\n<p>[\/et_pb_text][et_pb_divider color= \"#FFFF \" _builder_version= \"4.21.0\u2033 _module_preset= \"default \" width= \"50% \" module_alignment= \"center\" global_colors_info= \"{} \" theme_builder_area= \"post_content\"][\/et_pb_divider][et_pb_text _builder_version= \"4.21.0\u2033 _module_preset= \"default \" hover_enabled= \"0\u2033 global_colors_info= \"{} \" theme_builder_area= \"post_content\" sticky_enabled= \"0\u2033]<\/p>\n<p style=\"text-align: justify;\"><span style=\"color: #ffffff;\"><strong>Letzte Aktualisierung :\u00a0<\/strong>29. Juli 2025<\/span><\/p>\n<p>[\/et_pb_text][\/et_pb_column][\/et_pb_row][\/et_pb_section]<\/p>","protected":false},"excerpt":{"rendered":"<p>Allgemeine Gesch\u00e4ftsbedingungen1. Einleitung Willkommen bei empiregaming.eu! Durch den Zugriff auf diese Website erkl\u00e4ren Sie sich damit einverstanden, die folgenden Bedingungen und Konditionen einzuhalten und an sie gebunden zu sein. Wenn Sie diesen Bedingungen nicht zustimmen, nutzen Sie unsere Seite bitte nicht. 2. Nutzung der Website Die Nutzung unserer Website unterliegt den geltenden Gesetzen. Sie m\u00fcssen im Besitz von bis zu [...] sein.<\/p>","protected":false},"author":1,"featured_media":0,"parent":0,"menu_order":0,"comment_status":"closed","ping_status":"closed","template":"","meta":{"_et_pb_use_builder":"on","_et_pb_old_content":"","_et_gb_content_width":"","footnotes":""},"class_list":["post-77170","page","type-page","status-publish","hentry"],"_links":{"self":[{"href":"https:\/\/empiregaming.eu\/de\/wp-json\/wp\/v2\/pages\/77170","targetHints":{"allow":["GET"]}}],"collection":[{"href":"https:\/\/empiregaming.eu\/de\/wp-json\/wp\/v2\/pages"}],"about":[{"href":"https:\/\/empiregaming.eu\/de\/wp-json\/wp\/v2\/types\/page"}],"author":[{"embeddable":true,"href":"https:\/\/empiregaming.eu\/de\/wp-json\/wp\/v2\/users\/1"}],"replies":[{"embeddable":true,"href":"https:\/\/empiregaming.eu\/de\/wp-json\/wp\/v2\/comments?post=77170"}],"version-history":[{"count":3,"href":"https:\/\/empiregaming.eu\/de\/wp-json\/wp\/v2\/pages\/77170\/revisions"}],"predecessor-version":[{"id":77173,"href":"https:\/\/empiregaming.eu\/de\/wp-json\/wp\/v2\/pages\/77170\/revisions\/77173"}],"wp:attachment":[{"href":"https:\/\/empiregaming.eu\/de\/wp-json\/wp\/v2\/media?parent=77170"}],"curies":[{"name":"wp","href":"https:\/\/api.w.org\/{rel}","templated":true}]}}