{"id":77076,"date":"2025-01-23T14:39:52","date_gmt":"2025-01-23T14:39:52","guid":{"rendered":"https:\/\/empiregaming.eu\/?page_id=77076"},"modified":"2025-01-23T14:46:06","modified_gmt":"2025-01-23T14:46:06","slug":"w905","status":"publish","type":"page","link":"https:\/\/empiregaming.eu\/de\/w905\/","title":{"rendered":"W905"},"content":{"rendered":"<p>[et_pb_section fb_built=\u00a0\u00bb1&Prime; make_equal=\u00a0\u00bbon\u00a0\u00bb use_custom_gutter=\u00a0\u00bbon\u00a0\u00bb gutter_width=\u00a0\u00bb2&Prime; specialty=\u00a0\u00bbon\u00a0\u00bb bg_img_1=\u00a0\u00bbhttp:\/\/empiregaming.fr\/wordpress\/wp-content\/uploads\/2017\/12\/fashion-21.jpg\u00a0\u00bb _builder_version=\u00a0\u00bb4.21.0&Prime; background_color=\u00a0\u00bb#000000&Prime; use_background_color_gradient=\u00a0\u00bbon\u00a0\u00bb background_color_gradient_direction=\u00a0\u00bb262deg\u00a0\u00bb background_color_gradient_stops=\u00a0\u00bb#000000 0%|#191919 91%\u00a0\u00bb background_color_gradient_start=\u00a0\u00bb#000000&Prime; background_color_gradient_end=\u00a0\u00bb#191919&Prime; background_color_gradient_end_position=\u00a0\u00bb91%\u00a0\u00bb inner_width=\u00a0\u00bb88%\u00a0\u00bb inner_max_width=\u00a0\u00bb88%\u00a0\u00bb custom_css_main_element=\u00a0\u00bbmargin-left: 0 !important;\u00a0\u00bb use_custom_width=\u00a0\u00bbon\u00a0\u00bb width_unit=\u00a0\u00bboff\u00a0\u00bb custom_width_percent=\u00a0\u00bb88%\u00a0\u00bb global_colors_info=\u00a0\u00bb{}\u00a0\u00bb][et_pb_column type=\u00a0\u00bb1_2&Prime; _builder_version=\u00a0\u00bb4.16&Prime; custom_padding=\u00a0\u00bb|||\u00a0\u00bb global_colors_info=\u00a0\u00bb{}\u00a0\u00bb custom_padding__hover=\u00a0\u00bb|||\u00a0\u00bb][et_pb_gallery gallery_ids=\u00a0\u00bb77080,77081&Prime; gallery_captions=\u00a0\u00bb,,\u00a0\u00bb fullwidth=\u00a0\u00bbon\u00a0\u00bb _builder_version=\u00a0\u00bb4.21.0&Prime; min_height=\u00a0\u00bb900px\u00a0\u00bb min_height_tablet=\u00a0\u00bb750px\u00a0\u00bb min_height_phone=\u00a0\u00bb425px\u00a0\u00bb min_height_last_edited=\u00a0\u00bbon|phone\u00a0\u00bb custom_margin=\u00a0\u00bb||150px||false|false\u00a0\u00bb auto=\u00a0\u00bbon\u00a0\u00bb hover_transition_duration=\u00a0\u00bb400ms\u00a0\u00bb pagination_font_size_tablet=\u00a0\u00bb51&Prime; pagination_line_height_tablet=\u00a0\u00bb2&Prime; global_colors_info=\u00a0\u00bb{}\u00a0\u00bb]\u00a0[\/et_pb_gallery][\/et_pb_column][et_pb_column type=\u00a0\u00bb1_2&Prime; specialty_columns=\u00a0\u00bb2&Prime; _builder_version=\u00a0\u00bb4.16&Prime; custom_padding=\u00a0\u00bb|||\u00a0\u00bb global_colors_info=\u00a0\u00bb{}\u00a0\u00bb custom_padding__hover=\u00a0\u00bb|||\u00a0\u00bb][et_pb_row_inner _builder_version=\u00a0\u00bb4.16&Prime; animation_direction=\u00a0\u00bbbottom\u00a0\u00bb hover_transition_duration=\u00a0\u00bb0ms\u00a0\u00bb global_colors_info=\u00a0\u00bb{}\u00a0\u00bb][et_pb_column_inner saved_specialty_column_type=\u00a0\u00bb1_2&Prime; _builder_version=\u00a0\u00bb4.16&Prime; custom_padding=\u00a0\u00bb|||\u00a0\u00bb global_colors_info=\u00a0\u00bb{}\u00a0\u00bb custom_padding__hover=\u00a0\u00bb|||\u00a0\u00bb][et_pb_text admin_label=\u00a0\u00bbNOM DU PRODUIT\u00a0\u00bb _builder_version=\u00a0\u00bb4.21.0&Prime; text_font=\u00a0\u00bbNunito||||||||\u00a0\u00bb text_text_color=\u00a0\u00bb#FFFFFF\u00a0\u00bb text_font_size=\u00a0\u00bb60px\u00a0\u00bb text_line_height=\u00a0\u00bb1.8em\u00a0\u00bb header_font=\u00a0\u00bbNunito|600|||||||\u00a0\u00bb header_text_align=\u00a0\u00bbcenter\u00a0\u00bb header_text_color=\u00a0\u00bb#FFFFFF\u00a0\u00bb header_font_size=\u00a0\u00bb48px\u00a0\u00bb text_font_size_tablet=\u00a0\u00bb50px\u00a0\u00bb text_font_size_phone=\u00a0\u00bb35px\u00a0\u00bb text_font_size_last_edited=\u00a0\u00bbon|phone\u00a0\u00bb inline_fonts=\u00a0\u00bbEnixe\u00a0\u00bb global_colors_info=\u00a0\u00bb{}\u00a0\u00bb]<\/p>\n<h1 style=\"text-align: center;\">W905<\/h1>\n<p>[\/et_pb_text][et_pb_divider color=\u00a0\u00bbgcid-0b9f4d55-ae89-4039-8ff7-ac46ed6fa7c8&Prime; divider_weight=\u00a0\u00bb3px\u00a0\u00bb disabled_on=\u00a0\u00bboff|off|off\u00a0\u00bb _builder_version=\u00a0\u00bb4.16&Prime; max_width=\u00a0\u00bb500px\u00a0\u00bb module_alignment=\u00a0\u00bbcenter\u00a0\u00bb height=\u00a0\u00bb10px\u00a0\u00bb custom_padding=\u00a0\u00bb||50px||false|false\u00a0\u00bb animation_direction=\u00a0\u00bbbottom\u00a0\u00bb saved_tabs=\u00a0\u00bball\u00a0\u00bb locked=\u00a0\u00bboff\u00a0\u00bb global_colors_info=\u00a0\u00bb{%22gcid-79f48224-e059-4a1e-9847-119d5e39d024%22:%91%93,%22gcid-0b9f4d55-ae89-4039-8ff7-ac46ed6fa7c8%22:%91%22color%22%93}\u00a0\u00bb]<\/p>\n<p style=\"text-align: center;\">[\/et_pb_divider][et_pb_text admin_label= \"DESCRIPTION \" _builder_version= \"4.21.0\u2033 text_font= \"Nunito|||||||| \" text_text_color= \"#ffff \" text_font_size= \"16px \" text_line_height= \"1.9em \" module_alignment=\"center\" text_font_size_tablet=\"14px\" text_font_size_phone=\"12px\" text_font_size_last_edited=\"on|phone\" locked=\"off\" inline_fonts=\"Nunito\" global_colors_info=\"{} \"]<\/p>\n<ul class=\"a-unordered-list a-vertical a-spacing-mini\">\n<li class=\"a-spacing-mini\" style=\"text-align: justify;\"><span class=\"a-list-item\">8 TASTEN, DIE MIT SOFTWARE PROGRAMMIERT WERDEN K\u00d6NNEN: Mit 9 Tasten, darunter 8 programmierbare Tasten, die sich perfekt f\u00fcr Shooter, MOBA und MMORPGs eignen, kannst du schnell auf deine Befehle zugreifen. Genie\u00dfen Sie ein personalisiertes und optimiertes Gaming-Erlebnis.<\/span><\/li>\n<li class=\"a-spacing-mini\" style=\"text-align: justify;\"><span class=\"a-list-item\">ULTRASCHNELLE BILDWIEDERHOLRATE : Mit einer Bildwiederholrate des Sensors von bis zu 1000 Hz erhalten Sie maximale Reaktionsf\u00e4higkeit f\u00fcr eine pr\u00e4zise und fl\u00fcssige Steuerung.<\/span><\/li>\n<li class=\"a-spacing-mini\" style=\"text-align: justify;\"><span class=\"a-list-item\">ANPASSBARE RGB-HINTERGRUNDBELEUCHTUNG: W\u00e4hlen Sie Ihre Lichteffekte f\u00fcr ein einzigartiges und dynamisches Setup. Lassen Sie Ihren Schreibtisch mit leuchtenden, einstellbaren Farben erstrahlen.<\/span><\/li>\n<li class=\"a-spacing-mini\" style=\"text-align: justify;\"><span class=\"a-list-item\">6 DPI-PROFILE BIS ZU 12800: Wechseln Sie ganz einfach zwischen den Profilen mit einstellbaren Empfindlichkeiten - perfekt, um Ihre Leistung an das Spiel und Ihren Spielstil anzupassen.<\/span><\/li>\n<li class=\"a-spacing-mini\" style=\"text-align: justify;\"><span class=\"a-list-item\">LEICHT UND ERGONOMISCH: Diese kabelgebundene Maus wurde f\u00fcr lange Sitzungen entwickelt und vereint Leichtigkeit und Komfort, sodass Sie sie optimal in der Hand halten k\u00f6nnen, ohne zu erm\u00fcden.<\/span><\/li>\n<li class=\"a-spacing-mini\" style=\"text-align: justify;\"><span class=\"a-list-item\">ABMESSUNGEN UND GEWICHT: 75.9 x 124.5 x 80.9 MM, 142 Gramm.<\/span><\/li>\n<\/ul>\n<p>[\/et_pb_text][et_pb_divider color=\u00a0\u00bbgcid-0b9f4d55-ae89-4039-8ff7-ac46ed6fa7c8&Prime; divider_weight=\u00a0\u00bb3px\u00a0\u00bb disabled_on=\u00a0\u00bboff|off|off\u00a0\u00bb _builder_version=\u00a0\u00bb4.16&Prime; max_width=\u00a0\u00bb500px\u00a0\u00bb module_alignment=\u00a0\u00bbcenter\u00a0\u00bb height=\u00a0\u00bb10px\u00a0\u00bb custom_padding=\u00a0\u00bb50px||||false|false\u00a0\u00bb animation_direction=\u00a0\u00bbbottom\u00a0\u00bb saved_tabs=\u00a0\u00bball\u00a0\u00bb locked=\u00a0\u00bboff\u00a0\u00bb global_colors_info=\u00a0\u00bb{%22gcid-79f48224-e059-4a1e-9847-119d5e39d024%22:%91%93,%22gcid-0b9f4d55-ae89-4039-8ff7-ac46ed6fa7c8%22:%91%22color%22%93}\u00a0\u00bb]<\/p>\n<p style=\"text-align: center;\">[\/et_pb_divider][\/et_pb_column_inner][\/et_pb_row_inner][et_pb_row_inner _builder_version=\u00a0\u00bb4.20.0&Prime; _module_preset=\u00a0\u00bbdefault\u00a0\u00bb custom_padding=\u00a0\u00bb30px||||false|false\u00a0\u00bb saved_tabs=\u00a0\u00bball\u00a0\u00bb global_colors_info=\u00a0\u00bb{}\u00a0\u00bb][et_pb_column_inner _builder_version=\u00a0\u00bb4.16&Prime; _module_preset=\u00a0\u00bbdefault\u00a0\u00bb global_colors_info=\u00a0\u00bb{}\u00a0\u00bb][et_pb_button button_url=\u00a0\u00bbhttps:\/\/amzn.to\/3POLZ7y\u00a0\u00bb url_new_window=\u00a0\u00bbon\u00a0\u00bb button_text=\u00a0\u00bbACHETEZ\u00a0\u00bb button_alignment=\u00a0\u00bbcenter\u00a0\u00bb admin_label=\u00a0\u00bbBouton ACHETEZ\u00a0\u00bb _builder_version=\u00a0\u00bb4.21.0&Prime; _module_preset=\u00a0\u00bbdefault\u00a0\u00bb custom_button=\u00a0\u00bbon\u00a0\u00bb button_text_size=\u00a0\u00bb18px\u00a0\u00bb button_text_color=\u00a0\u00bbgcid-0b9f4d55-ae89-4039-8ff7-ac46ed6fa7c8&Prime; button_border_width=\u00a0\u00bb1px\u00a0\u00bb button_border_color=\u00a0\u00bbgcid-0b9f4d55-ae89-4039-8ff7-ac46ed6fa7c8&Prime; button_border_radius=\u00a0\u00bb5px\u00a0\u00bb button_letter_spacing=\u00a0\u00bb5px\u00a0\u00bb button_font=\u00a0\u00bb|600|||||||\u00a0\u00bb button_use_icon=\u00a0\u00bboff\u00a0\u00bb custom_margin=\u00a0\u00bb||-75px||false|false\u00a0\u00bb global_colors_info=\u00a0\u00bb{%22gcid-0b9f4d55-ae89-4039-8ff7-ac46ed6fa7c8%22:%91%22button_text_color%22,%22button_border_color%22,%22button_bg_color__hover%22%93}\u00a0\u00bb button_text_color__hover_enabled=\u00a0\u00bbon|hover\u00a0\u00bb button_bg_color__hover_enabled=\u00a0\u00bbon|hover\u00a0\u00bb button_text_color__hover=\u00a0\u00bb#000000&Prime; button_bg_color__hover=\u00a0\u00bb#f3b51d\u00a0\u00bb button_bg_enable_color__hover=\u00a0\u00bbon\u00a0\u00bb button_border_color__hover_enabled=\u00a0\u00bbon|hover\u00a0\u00bb button_text_size__hover_enabled=\u00a0\u00bbon|hover\u00a0\u00bb button_border_width__hover_enabled=\u00a0\u00bbon|hover\u00a0\u00bb button_border_radius__hover_enabled=\u00a0\u00bbon|hover\u00a0\u00bb button_letter_spacing__hover_enabled=\u00a0\u00bbon|hover\u00a0\u00bb button_border_color__hover=\u00a0\u00bb#f3b51d\u00a0\u00bb button_text_size__hover=\u00a0\u00bb18px\u00a0\u00bb button_border_width__hover=\u00a0\u00bb1px\u00a0\u00bb button_border_radius__hover=\u00a0\u00bb5px\u00a0\u00bb button_letter_spacing__hover=\u00a0\u00bb5px\u00a0\u00bb][\/et_pb_button][\/et_pb_column_inner][\/et_pb_row_inner][et_pb_row_inner _builder_version=\u00a0\u00bb4.17.3&Prime; _module_preset=\u00a0\u00bbdefault\u00a0\u00bb custom_padding=\u00a0\u00bb30px||||false|false\u00a0\u00bb global_module=\u00a0\u00bb64861&Prime; saved_tabs=\u00a0\u00bball\u00a0\u00bb global_colors_info=\u00a0\u00bb{}\u00a0\u00bb][et_pb_column_inner _builder_version=\u00a0\u00bb4.16&Prime; _module_preset=\u00a0\u00bbdefault\u00a0\u00bb global_colors_info=\u00a0\u00bb{}\u00a0\u00bb][et_pb_button button_url=\u00a0\u00bbhttps:\/\/empiregaming.eu\/telechargements\u00a0\u00bb button_text=\u00a0\u00bbSUPPORT\u00a0\u00bb button_alignment=\u00a0\u00bbcenter\u00a0\u00bb admin_label=\u00a0\u00bbBouton SUPPORT\u00a0\u00bb _builder_version=\u00a0\u00bb4.21.0&Prime; _module_preset=\u00a0\u00bbdefault\u00a0\u00bb custom_button=\u00a0\u00bbon\u00a0\u00bb button_text_size=\u00a0\u00bb18px\u00a0\u00bb button_text_color=\u00a0\u00bbgcid-0b9f4d55-ae89-4039-8ff7-ac46ed6fa7c8&Prime; button_border_width=\u00a0\u00bb1px\u00a0\u00bb button_border_color=\u00a0\u00bbgcid-0b9f4d55-ae89-4039-8ff7-ac46ed6fa7c8&Prime; button_border_radius=\u00a0\u00bb5px\u00a0\u00bb button_letter_spacing=\u00a0\u00bb5px\u00a0\u00bb button_font=\u00a0\u00bb|600|||||||\u00a0\u00bb button_use_icon=\u00a0\u00bboff\u00a0\u00bb global_colors_info=\u00a0\u00bb{%22gcid-0b9f4d55-ae89-4039-8ff7-ac46ed6fa7c8%22:%91%22button_text_color%22,%22button_border_color%22,%22button_bg_color__hover%22%93}\u00a0\u00bb button_text_color__hover_enabled=\u00a0\u00bbon|hover\u00a0\u00bb button_bg_color__hover_enabled=\u00a0\u00bbon|hover\u00a0\u00bb button_text_color__hover=\u00a0\u00bb#000000&Prime; button_bg_color__hover=\u00a0\u00bb#f3b51d\u00a0\u00bb button_bg_enable_color__hover=\u00a0\u00bbon\u00a0\u00bb button_border_color__hover_enabled=\u00a0\u00bbon|hover\u00a0\u00bb button_text_size__hover_enabled=\u00a0\u00bbon|hover\u00a0\u00bb button_border_width__hover_enabled=\u00a0\u00bbon|hover\u00a0\u00bb button_border_radius__hover_enabled=\u00a0\u00bbon|hover\u00a0\u00bb button_letter_spacing__hover_enabled=\u00a0\u00bbon|hover\u00a0\u00bb button_border_color__hover=\u00a0\u00bb#f3b51d\u00a0\u00bb button_text_size__hover=\u00a0\u00bb18px\u00a0\u00bb button_border_width__hover=\u00a0\u00bb1px\u00a0\u00bb button_border_radius__hover=\u00a0\u00bb5px\u00a0\u00bb button_letter_spacing__hover=\u00a0\u00bb5px\u00a0\u00bb][\/et_pb_button][\/et_pb_column_inner][\/et_pb_row_inner][\/et_pb_column][\/et_pb_section]<\/p>","protected":false},"excerpt":{"rendered":"<p>\u00a0W905 8 BOUTONS PROGRAMMABLES AVEC LOGICIEL : Acc\u00e9dez rapidement \u00e0 vos commandes avec 9 boutons, Dont 8 boutons programmables, parfaits pour les jeux de tir, MOBA, et MMORPG. Profitez d&rsquo;une exp\u00e9rience gaming personnalis\u00e9e et optimis\u00e9e. TAUX DE RAFRA\u00ceCHISSEMENT ULTRA-RAPIDE : Gr\u00e2ce \u00e0 un taux de rafra\u00eechissement du capteur allant jusqu&rsquo;\u00e0 1000 Hz, b\u00e9n\u00e9ficiez d&rsquo;une r\u00e9activit\u00e9 [&hellip;]<\/p>","protected":false},"author":1,"featured_media":0,"parent":0,"menu_order":0,"comment_status":"closed","ping_status":"closed","template":"","meta":{"_et_pb_use_builder":"on","_et_pb_old_content":"","_et_gb_content_width":"","footnotes":""},"class_list":["post-77076","page","type-page","status-publish","hentry"],"_links":{"self":[{"href":"https:\/\/empiregaming.eu\/de\/wp-json\/wp\/v2\/pages\/77076","targetHints":{"allow":["GET"]}}],"collection":[{"href":"https:\/\/empiregaming.eu\/de\/wp-json\/wp\/v2\/pages"}],"about":[{"href":"https:\/\/empiregaming.eu\/de\/wp-json\/wp\/v2\/types\/page"}],"author":[{"embeddable":true,"href":"https:\/\/empiregaming.eu\/de\/wp-json\/wp\/v2\/users\/1"}],"replies":[{"embeddable":true,"href":"https:\/\/empiregaming.eu\/de\/wp-json\/wp\/v2\/comments?post=77076"}],"version-history":[{"count":5,"href":"https:\/\/empiregaming.eu\/de\/wp-json\/wp\/v2\/pages\/77076\/revisions"}],"predecessor-version":[{"id":77083,"href":"https:\/\/empiregaming.eu\/de\/wp-json\/wp\/v2\/pages\/77076\/revisions\/77083"}],"wp:attachment":[{"href":"https:\/\/empiregaming.eu\/de\/wp-json\/wp\/v2\/media?parent=77076"}],"curies":[{"name":"wp","href":"https:\/\/api.w.org\/{rel}","templated":true}]}}