{"id":66893,"date":"2023-03-10T13:48:34","date_gmt":"2023-03-10T13:48:34","guid":{"rendered":"https:\/\/empiregaming.eu\/?page_id=66893"},"modified":"2023-08-21T11:37:48","modified_gmt":"2023-08-21T11:37:48","slug":"blog","status":"publish","type":"page","link":"https:\/\/empiregaming.eu\/de\/blog\/","title":{"rendered":"BLOG"},"content":{"rendered":"<p>[et_pb_section fb_built= \"1\u2033 admin_label= \"Header \" _builder_version= \"4.21.0\u2033 _module_preset= \"default \" border_color_bottom= \"RGBA(255,255,255,0) \" collapsed= \"on \" global_colors_info= \"{} \" sticky_enabled= \"0\u2033 background_color= \"#00000000\u2033 background_image= \"https:\/\/empiregaming.eu\/wp-content\/uploads\/2022\/05\/OE-WA-24RGB_CA_V-03.png \" parallax= \"on\" custom_padding= \"||||false|false\" custom_margin= \"||||false|false\" hover_enabled= \"0\u2033][et_pb_row custom_padding_last_edited= \"off|desktop \" _builder_version= \"4.20.0\u2033 _module_preset= \"default \" custom_padding= \"|30px||30px|false|true \" custom_padding_tablet= \"30px|30px|30px|30px|true|true \" custom_padding_phone= \"20px|20px|20px|20px|true|true \" hover_enabled= \"0\u2033 border_color_all= \"#907142\u2033 global_colors_info= \"{} \" sticky_enabled= \"0\u2033][et_pb_column type= \"4_4\u2033 _builder_version= \"4.19.2\u2033 _module_preset= \"default \" global_colors_info= \"{}\"][et_pb_text _builder_version= \"4.21.0\u2033 _module_preset= \"73766f21-36cc-4784-b3e0-af20ca1f090e \" header_text_color= \"#FFFF\" text_orientation= \"center\" global_colors_info= \"{}\" background_enable_image= \"off \" min_height= \"260px \" hover_enabled= \"0\u2033 sticky_enabled= \"0\u2033]<\/p>\n<h1>Empire Gaming Blog<\/h1>\n<p>[\/et_pb_text][\/et_pb_column][\/et_pb_row][\/et_pb_section][et_pb_section fb_built= \"1\u2033 admin_label= \"Blog \" _builder_version= \"4.19.2\u2033 _module_preset= \"default\" background_color= \"#F0EBE7\u2033 collapsed= \"off\" global_colors_info= \"{}\"][et_pb_row _builder_version= \"4.19.2\u2033 _module_preset= \"default\" global_colors_info= \"{}\"][et_pb_column type= \"4_4\u2033 _builder_version= \"4.19.2\u2033 _module_preset= \"default \" global_colors_info= \"{} \"][et_pb_blog posts_number= \"6\u2033 meta_date= \"j M, Y \" excerpt_length= \"200\u2033 show_categories= \"off \" _builder_version= \"4.20.0\u2033 _module_preset= \"d1def947-109a-4c77-a1ef-69398e75565c \" locked= \"off \"][\/et_pb_blog][\/et_pb_column][\/et_pb_row][\/et_pb_section][et_pb_section][et_pb_built= \"1\u2033 disabled_on= \"on|on|on \" admin_label= \"Subscribe\" _builder_version= \"4.20.0\u2033 _module_preset= \"default\" use_background_color_gradient= \"on\" background_gradient_stops= \"rgba(0,0,0,8) 0%|rgba(0,0,0,0.8) 100% \" background_color_gradient_overlays_image= \"on\" background_image= \"https:\/\/empiregaming.eu\/wp-content\/uploads\/2023\/01\/Banner-WEB-EG-2022\u00d71251-1.png \" custom_padding= \"4vw||4vw||true|false \" disabled= \"on \" saved_tabs= \"all \" collapsed= \"on \" global_colors_info= \"{} \"][et_pb_row _builder_version= \"4.19.2\u2033 _module_preset= \"default \" max_width= \"700px \" global_colors_info= \"{} \"][et_pb_column type= \"4_4\u2033 _builder_version= \"4.19.2\u2033 _module_preset= \"default \" global_colors_info= \"{} \"][et_pb_text _builder_version= \"4.19.5\u2033 _module_preset= \"2e1fdb36-a5f6-41d7-be9e-e7d76f9bcd0c \" header_2_text_color= \"#FFFF \" text_orientation= \"center \" global_colors_info= \"{} \"]<\/p>\n<h2>Abonnieren Sie<\/h2>\n<p>[\/et_pb_text][et_pb_signup mailchimp_list= \"undefined|elegantthemestest|1ea2bbd026\u2033 name_field= \"on \" button_text= \"SENDEN \" _builder_version= \"4.20.0\u2033 _module_preset= \"0d92f441-3f92-4a2c-98c1-.491c12862096\u2033 locked= \"off \" global_colors_info= \"{} \"][\/et_pb_signup][\/et_pb_column][\/et_pb_row][\/et_pb_section][et_pb_section fb_built= \"1\u2033 disabled_on= \"off|off|off\" admin_label= \"Footer\" _builder_version= \"4.21.0\u2033 _module_preset= \"default\" background_color= \"#000000\u2033 saved_tabs= \"all \" collapsed= \"off\" global_colors_info= \"{} \"][et_pb_row column_structure= \"1_2,1_2\u2033 _builder_version= \"4.19.2\u2033 _module_preset= \"default \" global_colors_info= \"{} \"][et_pb_column type= \"1_2\u2033 _builder_version= \"4.19.2\u2033 _module_preset= \"default \" global_colors_info= \"{} \"][et_pb_button button_url= \"https:\/\/empiregaming.eu\/ \" button_text= \"ZUR\u00dcCK ZUR SEITE \" button_alignment= \"center\" disabled_on= \"off|off|off \" admin_label= \"Zur\u00fcck zur Seite \" _builder_version= \"4.21.0\u2033 _module_preset= \"99b05dc9-a04b-45de-b450-8b59f0cfe24d\" button_text_color= \"#000000\u2033 button_bg_color= \"#F3B51D\" custom_margin= \"50px||||false|false \"][\/et_pb_button][et_pb_button button_url= \"https:\/\/empiregaming.eu\/blog \" button_text=\"BLOG\" button_alignment=\"center\" disabled_on=\"on|on|on\" admin_label=\"Blog\" _builder_version=\"4.20.0\u2033 _module_preset= \"99b05dc9-a04b-45de-b450-8b59f0cfe24d \" button_bg_color= \"#F3B51D \" disabled= \"on \"][\/et_pb_button][\/et_pb_column][\/et_pb_column][et_pb_column type= \"1_2\u2033 _builder_version= \"4.19.2\u2033 _module_preset= \"default \" global_colors_info= \"{}\"][et_pb_text admin_label= \"Markenbeschreibung \" _builder_version= \"4.21.0\u2033 _module_preset= \"1006ffe6-294d-4ff2-9a1d-593bcc2afff4\u2033 text_text_color= \"#FFFF \" custom_margin= \"50px||||false|false \" global_colors_info= \"{} \"]<\/p>\n<p class=\"a-spacing-small a-size-small a-color-secondary\"><span class=\"a-text-bold\">EMPIRE GAMING<\/span> wurde von einer kleinen Gruppe begeisterter Spieler und Spielerinnen ins Leben gerufen. Sie organisieren regelm\u00e4\u00dfig Spielsitzungen und haben Schwierigkeiten, leistungsf\u00e4hige Hardware zu einem Preis zu finden, der ihrem studentischen Portemonnaie entspricht. Ein Bed\u00fcrfnis, das die Strategie des Unternehmens pr\u00e4gen sollte: <span class=\"a-text-bold\">eine echte L\u00f6sung f\u00fcr alle Spielerinnen und Spieler zu bieten, die nach Leistung, Zuverl\u00e4ssigkeit und Zug\u00e4nglichkeit suchen.<\/span><\/p>\n<p>[\/et_pb_text][et_pb_social_media_follow _builder_version= \"4.20.0\u2033 _module_preset= \"default \" text_orientation= \"center \" custom_padding= \"|||0px|| \" global_colors_info= \"{} \"][et_pb_social_media_follow_network social_network= \"facebook \" url= \"https:\/\/www.facebook.com\/EmpireGamingOfficiel \" icon_color= \"#F3B51D \" _builder_version= \"4.20.0\u2033 _module_preset= \"default\" global_colors_info= \"{}\" follow_button= \"off \" url_new_window= \"on \"]facebook[\/et_pb_social_media_follow_network][et_pb_social_media_follow_network social_network= \"twitter \" url= \"https:\/\/twitter.com\/EmpireGaming_Go \" icon_color= \"#F3B51D \" _builder_version= \"4.20.0\u2033 _module_preset= \"default \" global_colors_info= \"{} \" follow_button= \"off \" url_new_window= \"on \"]twitter[\/et_pb_social_media_follow_network][et_pb_social_media_follow_network social_network= \"instagram \" url= \"https:\/\/www.instagram.com\/empiregaming_off\/ \" icon_color= \"#F3B51D \" _builder_version= \"4.20.0\u2033 _module_preset= \"default \" global_colors_info= \"{} \" follow_button= \"off \" url_new_window= \"on \"]instagram[\/et_pb_social_media_follow_network][\/et_pb_social_media_follow][\/et_pb_column][\/et_pb_row][et_pb_row _builder_version= \"4.21.0\u2033 _module_preset= \"default \" custom_padding= \"20px||20px||true|false \" border_color_all= \"rgba(255,255,255,0.3) \" border_width_top= \"1px \" global_colors_info= \"{} \"][et_pb_column type= \"4_4\u2033 _builder_version= \"4.19.2\u2033 _module_preset= \"default\" global_colors_info= \"{} \"][et_pb_text admin_label= \"Copyright \" _builder_version= \"4.21.0\u2033 _module_preset= \"1006ffe6-294d-4ff2-9a1d-593bcc2afff4\u2033 text_text_color= \"#FFFF \" global_colors_info= \"{} \"]<\/p>\n<p><strong>2023 Empire Gaming\u00ae. Alle Rechte vorbehalten. Empire Gaming ist eine eingetragene Marke. Nintendo Switch, PlayStation, Xbox sind eingetragene Marken im Besitz ihrer jeweiligen Eigent\u00fcmer. Empire Gaming-Produkte werden nicht von Nintendo, Sony oder Microsoft entworfen, hergestellt, gesponsert oder genehmigt. Unsere Produkte sind nur kompatibel.<\/strong><\/p>\n<p>[\/et_pb_text][\/et_pb_column][\/et_pb_row][\/et_pb_section]<\/p>","protected":false},"excerpt":{"rendered":"<p>Blog Empire GamingAbonnieren SieEMPIRE GAMING wurde von einer kleinen Gruppe begeisterter Spieler und Spielerinnen ins Leben gerufen. Sie organisieren regelm\u00e4\u00dfig Spielsitzungen und haben Schwierigkeiten, leistungsf\u00e4hige Hardware zu einem Preis zu finden, der ihrem Studentenportemonnaie entspricht. Das ist ein Bed\u00fcrfnis, das die Strategie des Unternehmens pr\u00e4gt: eine echte L\u00f6sung f\u00fcr alle [...].<\/p>","protected":false},"author":1,"featured_media":0,"parent":0,"menu_order":0,"comment_status":"closed","ping_status":"closed","template":"","meta":{"_et_pb_use_builder":"on","_et_pb_old_content":"","_et_gb_content_width":"","footnotes":""},"class_list":["post-66893","page","type-page","status-publish","hentry"],"_links":{"self":[{"href":"https:\/\/empiregaming.eu\/de\/wp-json\/wp\/v2\/pages\/66893","targetHints":{"allow":["GET"]}}],"collection":[{"href":"https:\/\/empiregaming.eu\/de\/wp-json\/wp\/v2\/pages"}],"about":[{"href":"https:\/\/empiregaming.eu\/de\/wp-json\/wp\/v2\/types\/page"}],"author":[{"embeddable":true,"href":"https:\/\/empiregaming.eu\/de\/wp-json\/wp\/v2\/users\/1"}],"replies":[{"embeddable":true,"href":"https:\/\/empiregaming.eu\/de\/wp-json\/wp\/v2\/comments?post=66893"}],"version-history":[{"count":31,"href":"https:\/\/empiregaming.eu\/de\/wp-json\/wp\/v2\/pages\/66893\/revisions"}],"predecessor-version":[{"id":75927,"href":"https:\/\/empiregaming.eu\/de\/wp-json\/wp\/v2\/pages\/66893\/revisions\/75927"}],"wp:attachment":[{"href":"https:\/\/empiregaming.eu\/de\/wp-json\/wp\/v2\/media?parent=66893"}],"curies":[{"name":"wp","href":"https:\/\/api.w.org\/{rel}","templated":true}]}}