{"id":65546,"date":"2023-01-05T09:33:50","date_gmt":"2023-01-05T09:33:50","guid":{"rendered":"https:\/\/empiregaming.eu\/?page_id=65546"},"modified":"2024-10-24T14:56:09","modified_gmt":"2024-10-24T14:56:09","slug":"warcrypw2","status":"publish","type":"page","link":"https:\/\/empiregaming.eu\/de\/warcrypw2\/","title":{"rendered":"WARCRY PW-2"},"content":{"rendered":"<p>[et_pb_section fb_built= \u00bb1\u2033 make_equal= \u00bbon \u00bb use_custom_gutter= \u00bbon \u00bb gutter_width= \u00bb2\u2033 specialty= \u00bbon \u00bb bg_img_1= \u00bbhttp:\/\/empiregaming.fr\/wordpress\/wp-content\/uploads\/2017\/12\/fashion-21.jpg \u00bb _builder_version= \u00bb4.21.0\u2033 background_color= \u00bb#000000\u2033 use_background_color_gradient= \u00bbon \u00bb background_color_gradient_direction= \u00bb262deg\u00bb background_color_gradient_stops= \u00bb#000000 0%|#1919 91% \u00bb background_color_gradient_start= \u00bb#000000 0%|#1919 91%\u00bb. \u00bb#000000\u2033 background_color_gradient_end= \u00bb#1919\u2033 background_color_gradient_end_position= \u00bb91%\u00bb inner_width= \u00bb88%\u00bb inner_max_width= \u00bb88%\u00bb custom_css_main_element= \u00bbmargin-left: 0 !important; \u00bb use_custom_width= \u00bbon \u00bb width_unit= \u00bboff \u00bb custom_width_percent= \u00bb88% \u00bb global_colors_info= \u00bb{} \u00bb][et_pb_column type= \u00bb1_2\u2033 _builder_version= \u00bb4.16\u2033 custom_padding= \u00bb||| \u00bb global_colors_info= \u00bb{}\u00bb custom_padding__hover= \u00bb||| \u00bb][et_pb_gallery gallery_ids= \u00bb65542\u2033 gallery_captions= \u00bb,, \u00bb fullwidth= \u00bbon \u00bb _builder_version= \u00bb4.21.0\u2033 min_height= \u00bb900px \u00bb min_height_tablet= \u00bb750px \u00bb min_height_phone= \u00bb425px \u00bb min_height_last_edited= \u00bbon|phone \u00bb custom_margin= \u00bb||150px||false|false \u00bb auto= \u00bbon \u00bb hover_transition_duration= \u00bb400ms \u00bb global_colors_info= \u00bb{} \u00bb] [\/et_pb_gallery][\/et_pb_column][et_pb_column type= \u00bb1_2\u2033 specialty_columns= \u00bb2\u2033 _builder_version= \u00bb4.16\u2033 custom_padding= \u00bb||| \u00bb global_colors_info= \u00bb{} \u00bb custom_padding__hover= \u00bb||| \u00bb][et_pb_row_inner _builder_version= \u00bb4.16\u2033 animation_direction=\u00bbbottom \u00bb hover_transition_duration=\u00bb0ms \u00bb global_colors_info=\u00bb{} \u00bb][et_pb_column_inner saved_specialty_column_type=\u00bb1_2\u2033 _builder_version=\u00bb4.16\u2033 custom_padding=\u00bb|||\u00bb global_colors_info=\u00bb{} \u00bb custom_padding__hover=\u00bb|||\"][et_pb_text content_phone= \"<\/p>\n<p style=\"%22text-align:\" center;%22><span style=\"%22font-family:\" enixe;%22>Warcry<\/span><\/p>\n<p style=\"%22text-align:\" center;%22><span style=\"%22font-family:\" enixe;%22>p-W1<\/span><\/p>\n<p>\u00a0\u00bb content_last_edited= \u00bboff|desktop \u00bb admin_label= \u00bbPRODUKTNAME \u00bb _builder_version= \u00bb4.20.0\u2033 text_font= \u00bbNunito||||||||\u00bb text_text_color= \u00bb#FFFF \u00bb text_font_size= \u00bb60px \u00bb text_line_height= \u00bb1.8em \u00bb header_font= \u00bbNunito|600||||||| \u00bb header_text_align= \u00bbcenter\u00bb header_text_color= \u00bb#FFFF \u00bb header_font_size= \u00bb48px \u00bb text_font_size_tablet= \u00bb50px \u00bb text_font_size_phone= \u00bb35px \u00bb text_font_size_last_edited= \u00bbon|phone \u00bb inline_fonts= \u00bbEnixe \u00bb global_colors_info= \u00bb{} \u00bb]<\/p>\n<h1 style=\"text-align: center;\">WARCRY P-W2<\/h1>\n<p>[\/et_pb_text][et_pb_divider color=\u00a0\u00bbgcid-0b9f4d55-ae89-4039-8ff7-ac46ed6fa7c8&Prime; divider_weight=\u00a0\u00bb3px\u00a0\u00bb disabled_on=\u00a0\u00bboff|off|off\u00a0\u00bb _builder_version=\u00a0\u00bb4.16&Prime; max_width=\u00a0\u00bb500px\u00a0\u00bb module_alignment=\u00a0\u00bbcenter\u00a0\u00bb height=\u00a0\u00bb10px\u00a0\u00bb custom_padding=\u00a0\u00bb||50px||false|false\u00a0\u00bb animation_direction=\u00a0\u00bbbottom\u00a0\u00bb saved_tabs=\u00a0\u00bball\u00a0\u00bb locked=\u00a0\u00bboff\u00a0\u00bb global_colors_info=\u00a0\u00bb{%22gcid-79f48224-e059-4a1e-9847-119d5e39d024%22:%91%93,%22gcid-0b9f4d55-ae89-4039-8ff7-ac46ed6fa7c8%22:%91%22color%22,%22color%22%93}\u00a0\u00bb]<\/p>\n<p style=\"text-align: center;\">[\/et_pb_divider][et_pb_text admin_label= \"DESCRIPTION \" _builder_version= \"4.21.0\u2033 text_font= \"Nunito|||||||| \" text_text_color= \"#ffff\" text_font_size= \"16px \" text_line_height= \"1.9em \" module_alignment=\"center\" hover_enabled=\"0\u2033 text_font_size_tablet=\"14px\" text_font_size_phone=\"12px\" text_font_size_last_edited=\"on|phone\" locked=\"off\" inline_fonts=\"Nunito \" global_colors_info=\"{} \" sticky_enabled=\"0\u2033]<\/p>\n<ul>\n<li style=\"text-align: justify;\">IMMERSIVER KLANG: 50-mm-Lautsprecher mit roter Hintergrundbeleuchtung erzeugen ein immersives 360-Grad-Soundfeld.<\/li>\n<li style=\"text-align: justify;\">ANTI-RAUCH- UND OMNIDIRIKTIONALES MIKROFON: Hochempfindliches, rotierendes Mikrofon mit Rauschunterdr\u00fcckungstechnologie.<\/li>\n<li style=\"text-align: justify;\">KABELLOS (WiFi) : Drahtlose 2,4-GHz-Konnektivit\u00e4t sowie ein langlebiger, wiederaufladbarer Akku mit bis zu 8 Stunden Betriebszeit.<\/li>\n<li style=\"text-align: justify;\">KOMFORT UND NACHHALTIGKEIT: Verst\u00e4rkter Kopfb\u00fcgel und Ohrmuscheln aus Memory-Schaum.<\/li>\n<li style=\"text-align: justify;\">HOHE KOMPATIBILIT\u00c4T: <span class=\"a-list-item\">PC \/ Mac \/ PS5 \/ PS4 und Nintendo Switch.<\/span><\/li>\n<\/ul>\n<p>[\/et_pb_text][et_pb_divider color=\u00a0\u00bbgcid-0b9f4d55-ae89-4039-8ff7-ac46ed6fa7c8&Prime; divider_weight=\u00a0\u00bb3px\u00a0\u00bb disabled_on=\u00a0\u00bboff|off|off\u00a0\u00bb _builder_version=\u00a0\u00bb4.16&Prime; max_width=\u00a0\u00bb500px\u00a0\u00bb module_alignment=\u00a0\u00bbcenter\u00a0\u00bb height=\u00a0\u00bb10px\u00a0\u00bb custom_padding=\u00a0\u00bb50px||||false|false\u00a0\u00bb animation_direction=\u00a0\u00bbbottom\u00a0\u00bb saved_tabs=\u00a0\u00bball\u00a0\u00bb locked=\u00a0\u00bboff\u00a0\u00bb global_colors_info=\u00a0\u00bb{%22gcid-79f48224-e059-4a1e-9847-119d5e39d024%22:%91%93,%22gcid-0b9f4d55-ae89-4039-8ff7-ac46ed6fa7c8%22:%91%22color%22,%22color%22%93}\u00a0\u00bb]<\/p>\n<p style=\"text-align: center;\">[\/et_pb_divider][\/et_pb_column_inner][\/et_pb_row_inner][et_pb_row_inner _builder_version=\u00a0\u00bb4.17.3&Prime; _module_preset=\u00a0\u00bbdefault\u00a0\u00bb custom_padding=\u00a0\u00bb30px||||false|false\u00a0\u00bb saved_tabs=\u00a0\u00bball\u00a0\u00bb global_colors_info=\u00a0\u00bb{}\u00a0\u00bb][et_pb_column_inner saved_specialty_column_type=\u00a0\u00bb1_2&Prime; _builder_version=\u00a0\u00bb4.16&Prime; _module_preset=\u00a0\u00bbdefault\u00a0\u00bb global_colors_info=\u00a0\u00bb{}\u00a0\u00bb][et_pb_button button_url=\u00a0\u00bbhttps:\/\/amzn.to\/4cxiX6p\u00a0\u00bb url_new_window=\u00a0\u00bbon\u00a0\u00bb button_text=\u00a0\u00bbACHETEZ\u00a0\u00bb button_alignment=\u00a0\u00bbcenter\u00a0\u00bb admin_label=\u00a0\u00bbBouton ACHETEZ\u00a0\u00bb _builder_version=\u00a0\u00bb4.21.0&Prime; _module_preset=\u00a0\u00bbdefault\u00a0\u00bb custom_button=\u00a0\u00bbon\u00a0\u00bb button_text_size=\u00a0\u00bb18px\u00a0\u00bb button_text_color=\u00a0\u00bbgcid-0b9f4d55-ae89-4039-8ff7-ac46ed6fa7c8&Prime; button_border_width=\u00a0\u00bb1px\u00a0\u00bb button_border_color=\u00a0\u00bbgcid-0b9f4d55-ae89-4039-8ff7-ac46ed6fa7c8&Prime; button_border_radius=\u00a0\u00bb5px\u00a0\u00bb button_letter_spacing=\u00a0\u00bb5px\u00a0\u00bb button_font=\u00a0\u00bb|600|||||||\u00a0\u00bb button_use_icon=\u00a0\u00bboff\u00a0\u00bb custom_margin=\u00a0\u00bb||-75px||false|false\u00a0\u00bb global_colors_info=\u00a0\u00bb{%22gcid-0b9f4d55-ae89-4039-8ff7-ac46ed6fa7c8%22:%91%22button_text_color%22,%22button_border_color%22,%22button_bg_color__hover%22%93}\u00a0\u00bb button_text_color__hover_enabled=\u00a0\u00bbon|hover\u00a0\u00bb button_bg_color__hover_enabled=\u00a0\u00bbon|hover\u00a0\u00bb button_text_color__hover=\u00a0\u00bb#000000&Prime; button_bg_color__hover=\u00a0\u00bb#f3b51d\u00a0\u00bb button_bg_enable_color__hover=\u00a0\u00bbon\u00a0\u00bb button_border_color__hover_enabled=\u00a0\u00bbon|hover\u00a0\u00bb button_text_size__hover_enabled=\u00a0\u00bbon|hover\u00a0\u00bb button_border_width__hover_enabled=\u00a0\u00bbon|hover\u00a0\u00bb button_border_radius__hover_enabled=\u00a0\u00bbon|hover\u00a0\u00bb button_letter_spacing__hover_enabled=\u00a0\u00bbon|hover\u00a0\u00bb button_border_color__hover=\u00a0\u00bb#f3b51d\u00a0\u00bb button_text_size__hover=\u00a0\u00bb18px\u00a0\u00bb button_border_width__hover=\u00a0\u00bb1px\u00a0\u00bb button_border_radius__hover=\u00a0\u00bb5px\u00a0\u00bb button_letter_spacing__hover=\u00a0\u00bb5px\u00a0\u00bb][\/et_pb_button][\/et_pb_column_inner][\/et_pb_row_inner][et_pb_row_inner _builder_version=\u00a0\u00bb4.17.3&Prime; _module_preset=\u00a0\u00bbdefault\u00a0\u00bb custom_padding=\u00a0\u00bb30px||||false|false\u00a0\u00bb global_module=\u00a0\u00bb64861&Prime; saved_tabs=\u00a0\u00bball\u00a0\u00bb global_colors_info=\u00a0\u00bb{}\u00a0\u00bb][et_pb_column_inner _builder_version=\u00a0\u00bb4.16&Prime; _module_preset=\u00a0\u00bbdefault\u00a0\u00bb global_colors_info=\u00a0\u00bb{}\u00a0\u00bb][et_pb_button button_url=\u00a0\u00bbhttps:\/\/empiregaming.eu\/telechargements\u00a0\u00bb button_text=\u00a0\u00bbSUPPORT\u00a0\u00bb button_alignment=\u00a0\u00bbcenter\u00a0\u00bb admin_label=\u00a0\u00bbBouton SUPPORT\u00a0\u00bb _builder_version=\u00a0\u00bb4.21.0&Prime; _module_preset=\u00a0\u00bbdefault\u00a0\u00bb custom_button=\u00a0\u00bbon\u00a0\u00bb button_text_size=\u00a0\u00bb18px\u00a0\u00bb button_text_color=\u00a0\u00bbgcid-0b9f4d55-ae89-4039-8ff7-ac46ed6fa7c8&Prime; button_border_width=\u00a0\u00bb1px\u00a0\u00bb button_border_color=\u00a0\u00bbgcid-0b9f4d55-ae89-4039-8ff7-ac46ed6fa7c8&Prime; button_border_radius=\u00a0\u00bb5px\u00a0\u00bb button_letter_spacing=\u00a0\u00bb5px\u00a0\u00bb button_font=\u00a0\u00bb|600|||||||\u00a0\u00bb button_use_icon=\u00a0\u00bboff\u00a0\u00bb global_colors_info=\u00a0\u00bb{%22gcid-0b9f4d55-ae89-4039-8ff7-ac46ed6fa7c8%22:%91%22button_text_color%22,%22button_border_color%22,%22button_bg_color__hover%22%93}\u00a0\u00bb button_text_color__hover_enabled=\u00a0\u00bbon|hover\u00a0\u00bb button_bg_color__hover_enabled=\u00a0\u00bbon|hover\u00a0\u00bb button_text_color__hover=\u00a0\u00bb#000000&Prime; button_bg_color__hover=\u00a0\u00bb#f3b51d\u00a0\u00bb button_bg_enable_color__hover=\u00a0\u00bbon\u00a0\u00bb button_border_color__hover_enabled=\u00a0\u00bbon|hover\u00a0\u00bb button_text_size__hover_enabled=\u00a0\u00bbon|hover\u00a0\u00bb button_border_width__hover_enabled=\u00a0\u00bbon|hover\u00a0\u00bb button_border_radius__hover_enabled=\u00a0\u00bbon|hover\u00a0\u00bb button_letter_spacing__hover_enabled=\u00a0\u00bbon|hover\u00a0\u00bb button_border_color__hover=\u00a0\u00bb#f3b51d\u00a0\u00bb button_text_size__hover=\u00a0\u00bb18px\u00a0\u00bb button_border_width__hover=\u00a0\u00bb1px\u00a0\u00bb button_border_radius__hover=\u00a0\u00bb5px\u00a0\u00bb button_letter_spacing__hover=\u00a0\u00bb5px\u00a0\u00bb][\/et_pb_button][\/et_pb_column_inner][\/et_pb_row_inner][\/et_pb_column][\/et_pb_section]<\/p>","protected":false},"excerpt":{"rendered":"<p>\u00a0WARCRY P-W2 IMMERSIVER KLANG: 50-mm-Lautsprecher mit roter Hintergrundbeleuchtung erzeugen ein immersives 360-Grad-Soundfeld. GER\u00c4USCHUNTERDR\u00dcCKUNGS- UND OMNIDIRIKTIONALES MIKROFON: Hochempfindliches, drehbares Mikrofon mit Ger\u00e4uschunterdr\u00fcckungstechnologie. KABELLOS (WiFi) : Drahtlose 2,4-GHz-Konnektivit\u00e4t sowie ein langlebiger, wiederaufladbarer Akku bieten [...].<\/p>","protected":false},"author":1,"featured_media":0,"parent":0,"menu_order":0,"comment_status":"closed","ping_status":"closed","template":"","meta":{"_et_pb_use_builder":"on","_et_pb_old_content":"","_et_gb_content_width":"","footnotes":""},"class_list":["post-65546","page","type-page","status-publish","hentry"],"_links":{"self":[{"href":"https:\/\/empiregaming.eu\/de\/wp-json\/wp\/v2\/pages\/65546","targetHints":{"allow":["GET"]}}],"collection":[{"href":"https:\/\/empiregaming.eu\/de\/wp-json\/wp\/v2\/pages"}],"about":[{"href":"https:\/\/empiregaming.eu\/de\/wp-json\/wp\/v2\/types\/page"}],"author":[{"embeddable":true,"href":"https:\/\/empiregaming.eu\/de\/wp-json\/wp\/v2\/users\/1"}],"replies":[{"embeddable":true,"href":"https:\/\/empiregaming.eu\/de\/wp-json\/wp\/v2\/comments?post=65546"}],"version-history":[{"count":9,"href":"https:\/\/empiregaming.eu\/de\/wp-json\/wp\/v2\/pages\/65546\/revisions"}],"predecessor-version":[{"id":76906,"href":"https:\/\/empiregaming.eu\/de\/wp-json\/wp\/v2\/pages\/65546\/revisions\/76906"}],"wp:attachment":[{"href":"https:\/\/empiregaming.eu\/de\/wp-json\/wp\/v2\/media?parent=65546"}],"curies":[{"name":"wp","href":"https:\/\/api.w.org\/{rel}","templated":true}]}}